{"id":8088,"date":"2023-08-02T09:01:31","date_gmt":"2023-08-02T09:01:31","guid":{"rendered":"https:\/\/www.equilac.com\/la-leche-de-yegua-y-el-sistema-inmunologico\/"},"modified":"2023-10-06T14:27:16","modified_gmt":"2023-10-06T14:27:16","slug":"la-leche-de-yegua-y-el-sistema-inmunologico","status":"publish","type":"page","link":"https:\/\/www.equilac.com\/es\/la-leche-de-yegua-y-el-sistema-inmunologico\/","title":{"rendered":"La leche de yegua y el sistema inmunol\u00f3gico"},"content":{"rendered":"<p>La leche de yegua puede fortalecer su sistema inmunol\u00f3gico y hacer que sea menos probable que se enferme. Un sistema de defensa fuerte es vital para su salud porque ayuda a combatir g\u00e9rmenes da\u00f1inos como virus y bacterias. La leche de yegua hace esto al ayudar a mantener el intestino sano. Un <a href=\"https:\/\/www.equilac.com\/es\/leche-de-yegua-favorece-la-flora-intestinal\/\">intestino sano<\/a> elimina los desechos de su cuerpo y mejora su resistencia.<\/p>\n<p>La lactoferrina es una de las cosas clave en la leche de yegua que ayuda a su sistema inmunol\u00f3gico. Adem\u00e1s de ayudar a su sistema inmunol\u00f3gico, la lactoferrina tambi\u00e9n es buena para su piel. Esto podr\u00eda ser especialmente \u00fatil para problemas de la piel como el eccema o el acn\u00e9.<\/p>\n<p>A veces, el estr\u00e9s, no comer bien, no dormir lo suficiente o tomar ciertos medicamentos pueden debilitar su sistema inmunol\u00f3gico. Esto hace que sea m\u00e1s f\u00e1cil que usted se enferme. Si enfrenta este problema, la leche de yegua puede ayudar a fortalecer su sistema inmunol\u00f3gico.<\/p>\n<p>Los usuarios de <a href=\"https:\/\/www.equilac.com\/es\/producto\/capsulas-de-leche-de-yegua\/\">c\u00e1psulas de leche de yegua<\/a> dicen que se sienten m\u00e1s vitales y pueden resistir mejor las enfermedades. Si prueba las c\u00e1psulas de leche de yegua, tomar dos al d\u00eda durante tres meses es lo que la mayor\u00eda de la gente recomienda para obtener los mejores resultados.<\/p>\n<p>Pero no basta con cuidar la salud solo desde fuera; tambi\u00e9n debes fortalecer tu cuerpo desde el interior. La <a href=\"https:\/\/www.equilac.com\/es\/leche-de-yegua\/\">leche de yegua<\/a> puede ser de gran ayuda para lograrlo. Ya sea que beba leche de yegua fresca o la tome en forma de c\u00e1psula, puede ayudarlo a volverse m\u00e1s resistente a las enfermedades, estimular su sistema inmunol\u00f3gico y respaldar la capacidad regenerativa de su piel.<\/p>\n","protected":false},"excerpt":{"rendered":"<p>La leche de yegua puede fortalecer su sistema inmunol\u00f3gico y hacer que sea menos probable que se enferme. Un sistema de defensa fuerte es vital para su salud porque ayuda a combatir g\u00e9rmenes da\u00f1inos como virus y bacterias. La leche de yegua hace esto al ayudar a mantener el intestino sano. Un intestino sano elimina [&hellip;]<\/p>\n","protected":false},"author":1,"featured_media":6256,"parent":0,"menu_order":0,"comment_status":"closed","ping_status":"closed","template":"","meta":{"_uf_show_specific_survey":0,"_uf_disable_surveys":false,"footnotes":""},"categories":[161],"tags":[187],"class_list":["post-8088","page","type-page","status-publish","has-post-thumbnail","hentry","category-sistema-inmunitario","tag-related-es"],"jetpack_sharing_enabled":true,"_links":{"self":[{"href":"https:\/\/www.equilac.com\/es\/wp-json\/wp\/v2\/pages\/8088","targetHints":{"allow":["GET"]}}],"collection":[{"href":"https:\/\/www.equilac.com\/es\/wp-json\/wp\/v2\/pages"}],"about":[{"href":"https:\/\/www.equilac.com\/es\/wp-json\/wp\/v2\/types\/page"}],"author":[{"embeddable":true,"href":"https:\/\/www.equilac.com\/es\/wp-json\/wp\/v2\/users\/1"}],"replies":[{"embeddable":true,"href":"https:\/\/www.equilac.com\/es\/wp-json\/wp\/v2\/comments?post=8088"}],"version-history":[{"count":1,"href":"https:\/\/www.equilac.com\/es\/wp-json\/wp\/v2\/pages\/8088\/revisions"}],"predecessor-version":[{"id":13370,"href":"https:\/\/www.equilac.com\/es\/wp-json\/wp\/v2\/pages\/8088\/revisions\/13370"}],"wp:featuredmedia":[{"embeddable":true,"href":"https:\/\/www.equilac.com\/es\/wp-json\/wp\/v2\/media\/6256"}],"wp:attachment":[{"href":"https:\/\/www.equilac.com\/es\/wp-json\/wp\/v2\/media?parent=8088"}],"wp:term":[{"taxonomy":"category","embeddable":true,"href":"https:\/\/www.equilac.com\/es\/wp-json\/wp\/v2\/categories?post=8088"},{"taxonomy":"post_tag","embeddable":true,"href":"https:\/\/www.equilac.com\/es\/wp-json\/wp\/v2\/tags?post=8088"}],"curies":[{"name":"wp","href":"https:\/\/api.w.org\/{rel}","templated":true}]}}