{"id":8138,"date":"2023-07-02T12:28:44","date_gmt":"2023-07-02T12:28:44","guid":{"rendered":"https:\/\/www.equilac.com\/composicion-de-la-leche-de-yegua\/"},"modified":"2023-10-10T17:50:41","modified_gmt":"2023-10-10T17:50:41","slug":"composicion-de-la-leche-de-yegua","status":"publish","type":"page","link":"https:\/\/www.equilac.com\/es\/composicion-de-la-leche-de-yegua\/","title":{"rendered":"Valor nutricional de la leche de yegua"},"content":{"rendered":"<p>La composici\u00f3n de la <a href=\"https:\/\/www.equilac.com\/es\/leche-de-yegua\/\">leche de yegua<\/a> es \u00fanica y ofrece muchos beneficios. Es notablemente similar a la leche materna y es una valiosa fuente de vitaminas, minerales y oligoelementos. Contiene altos niveles de hierro y prote\u00edna de suero, lo que ayuda a la absorci\u00f3n y digesti\u00f3n. Adem\u00e1s, la <a href=\"https:\/\/www.equilac.com\/es\/lactoferrina\/\">leche de yegua contiene lactoferrina<\/a>, que apoya el sistema inmunol\u00f3gico.<\/p>\n<p><strong>Composici\u00f3n de la leche de yegua por cada 100 ml:\u00a0<\/strong><\/p>\n<table border=\"1\">\n<thead>\n<tr>\n<th>Componente<\/th>\n<th>Composici\u00f3n<\/th>\n<\/tr>\n<\/thead>\n<tbody><!-- Composici\u00f3n general --><\/p>\n<tr>\n<td colspan=\"2\"><strong>Composici\u00f3n general<\/strong><\/td>\n<\/tr>\n<tr>\n<td>Agua<\/td>\n<td>91,05 \u2013 91,27%<\/td>\n<\/tr>\n<tr>\n<td>Materia seca<\/td>\n<td>9,73 \u2013 9,95%<\/td>\n<\/tr>\n<tr>\n<td>Grasas<\/td>\n<td>0,65 \u2013 1,25%<\/td>\n<\/tr>\n<tr>\n<td>\u00c1cidos grasos poliinsaturados<\/td>\n<td>18,7 \u2013 25,5%<\/td>\n<\/tr>\n<tr>\n<td>Total de prote\u00ednas<\/td>\n<td>1,95 \u2013 2,13%<\/td>\n<\/tr>\n<tr>\n<td>Alb\u00famina y globulina<\/td>\n<td>0,75% (45% del total de prote\u00ednas)<\/td>\n<\/tr>\n<tr>\n<td>Case\u00edna<\/td>\n<td>1,4%<\/td>\n<\/tr>\n<tr>\n<td>P\u00e9ptidos y amino\u00e1cidos libres<\/td>\n<td>961 ppm<\/td>\n<\/tr>\n<tr>\n<td>Nitr\u00f3geno no proteico<\/td>\n<td>426 ppm<\/td>\n<\/tr>\n<tr>\n<td><a href=\"https:\/\/www.equilac.com\/es\/leche-de-yegua-y-lactosa\/\">Az\u00facar de la leche<\/a><\/td>\n<td>6,26 \u2013 6,85%<\/td>\n<\/tr>\n<tr>\n<td>Minerales y elementos traza<\/td>\n<td>0,27 \u2013 0,38%<\/td>\n<\/tr>\n<p><!-- Composici\u00f3n elemental --><\/p>\n<tr>\n<td colspan=\"2\"><strong>Composici\u00f3n elemental<\/strong><\/td>\n<\/tr>\n<tr>\n<td>Calcio<\/td>\n<td>Aprox. 1000 ppm (0,13 \u2013 0,5%)<\/td>\n<\/tr>\n<tr>\n<td>F\u00f3sforo<\/td>\n<td>Aprox. 536 ppm (0,03 \u2013 0,085%)<\/td>\n<\/tr>\n<tr>\n<td>Magnesio<\/td>\n<td>Aprox. 120 ppm (0,004 \u2013 0,014%)<\/td>\n<\/tr>\n<p><!-- ... --><!-- A\u00f1adir m\u00e1s l\u00edneas para cada componente --><\/p>\n<tr>\n<td>Hierro<\/td>\n<td>5,3 \u2013 14,4 ppm<\/td>\n<\/tr>\n<tr>\n<td>Potasio<\/td>\n<td>484 \u2013 530 ppm<\/td>\n<\/tr>\n<tr>\n<td>Sodio<\/td>\n<td>116 \u2013 119 ppm<\/td>\n<\/tr>\n<tr>\n<td>Cloro<\/td>\n<td>302 \u2013 440 ppm<\/td>\n<\/tr>\n<tr>\n<td>\u00d3xido de hierro<\/td>\n<td>20 ppm<\/td>\n<\/tr>\n<tr>\n<td>Cobre<\/td>\n<td>0,17 \u2013 0,36 ppm<\/td>\n<\/tr>\n<tr>\n<td>Manganeso<\/td>\n<td>0,03 \u2013 0,04 ppm<\/td>\n<\/tr>\n<tr>\n<td>Cobalto<\/td>\n<td>12,4 \u2013 16,0 ppb<\/td>\n<\/tr>\n<tr>\n<td>Zinc<\/td>\n<td>181 ppm<\/td>\n<\/tr>\n<tr>\n<td>Silicio<\/td>\n<td>244 ppm<\/td>\n<\/tr>\n<tr>\n<td>Yodo<\/td>\n<td>1,9 ppm<\/td>\n<\/tr>\n<tr>\n<td>Selenio<\/td>\n<td>1 ppm<\/td>\n<\/tr>\n<tr>\n<td>Cromo<\/td>\n<td>1 ppm<\/td>\n<\/tr>\n<tr>\n<td>Molibdeno<\/td>\n<td>1 ppm<\/td>\n<\/tr>\n<tr>\n<td>Aluminio<\/td>\n<td>209 ppm<\/td>\n<\/tr>\n<tr>\n<td>Titanio<\/td>\n<td>178 ppm<\/td>\n<\/tr>\n<p><!-- Vitaminas --><\/p>\n<tr>\n<td colspan=\"2\"><strong>Vitaminas<\/strong><\/td>\n<\/tr>\n<tr>\n<td>Vitamina A<\/td>\n<td>0,57 \u2013 0,89 ppm<\/td>\n<\/tr>\n<tr>\n<td>Vitamina B1<\/td>\n<td>100 \u2013 500 ppb<\/td>\n<\/tr>\n<tr>\n<td>Vitamina B2<\/td>\n<td>150 \u2013 650 ppb<\/td>\n<\/tr>\n<tr>\n<td>Vitamina B3<\/td>\n<td>85 ppb<\/td>\n<\/tr>\n<tr>\n<td>Vitamina B6<\/td>\n<td>300 ppn<\/td>\n<\/tr>\n<tr>\n<td>Vitamina B7<\/td>\n<td>1,4 ppb<\/td>\n<\/tr>\n<tr>\n<td>Vitamina B12<\/td>\n<td>3,3 ppb<\/td>\n<\/tr>\n<tr>\n<td>Vitamina B13<\/td>\n<td>300 m<\/td>\n<\/tr>\n<tr>\n<td>Vitamina C<\/td>\n<td>98 \u2013 151 ppm<\/td>\n<\/tr>\n<tr>\n<td>Vitamina D<\/td>\n<td>1,25 ppm<\/td>\n<\/tr>\n<tr>\n<td>Vitamina E<\/td>\n<td>0,65 \u2013 1,05 ppm<\/td>\n<\/tr>\n<tr>\n<td>Vitamina K<\/td>\n<td>1,2 ppb<\/td>\n<\/tr>\n<tr>\n<td>Vitamina T (Carnitina)<\/td>\n<td>1 \u2013 2 mg<\/td>\n<\/tr>\n<p><!-- Otros --><\/p>\n<tr>\n<td colspan=\"2\"><strong>Otros<\/strong><\/td>\n<\/tr>\n<tr>\n<td>\u00c1cido pantot\u00e9nico<\/td>\n<td>0,25 ppb<\/td>\n<\/tr>\n<tr>\n<td>\u00c1cido f\u00f3lico<\/td>\n<td>8 ppb<\/td>\n<\/tr>\n<tr>\n<td>\u00c1cido c\u00edtrico<\/td>\n<td>0,175%<\/td>\n<\/tr>\n<tr>\n<td>Acetilcolina<\/td>\n<td>1 mg\/l<\/td>\n<\/tr>\n<tr>\n<td>Lecitina<\/td>\n<td>0,109 \u2013 0,25 mg\/l<\/td>\n<\/tr>\n<tr>\n<td>Colina<\/td>\n<td>30 \u2013 40 mg\/l<\/td>\n<\/tr>\n<tr>\n<td>Colesterol<\/td>\n<td>94 \u2013 168 ppm<\/td>\n<\/tr>\n<p><!-- Enzimas y fermentos --><\/p>\n<tr>\n<td colspan=\"2\"><strong>Enzimas y fermentos<\/strong><\/td>\n<\/tr>\n<tr>\n<td>Peroxidasa<\/td>\n<td>N\/A<\/td>\n<\/tr>\n<tr>\n<td>Oxidasa<\/td>\n<td>N\/A<\/td>\n<\/tr>\n<tr>\n<td>Fosfatasa<\/td>\n<td>N\/A<\/td>\n<\/tr>\n<tr>\n<td>Diatasa<\/td>\n<td>N\/A<\/td>\n<\/tr>\n<tr>\n<td>Catalasa<\/td>\n<td>N\/A<\/td>\n<\/tr>\n<tr>\n<td>Lipasa<\/td>\n<td>N\/A<\/td>\n<\/tr>\n<tr>\n<td>Lisozima<\/td>\n<td>N\/A<\/td>\n<\/tr>\n<\/tbody>\n<\/table>\n<p>Aproximadamente el 40 por ciento de la prote\u00edna en la leche de yegua consiste en prote\u00edna de suero, casi el doble de la cantidad en la leche de vaca. La mayor concentraci\u00f3n de suero conduce a una mejor absorci\u00f3n y digesti\u00f3n en comparaci\u00f3n con los productos l\u00e1cteos.<\/p>\n<p>La leche de yegua contiene alrededor de la mitad de la cantidad de case\u00edna en comparaci\u00f3n con la leche de vaca. Beber leche de yegua con un contenido m\u00e1s bajo de case\u00edna puede proporcionar un mayor confort para todos aquellos que reaccionan mal a la case\u00edna, como reacciones al\u00e9rgicas y dolor gastrointestinal.<\/p>\n<p>La leche de yegua es conocida por su alto valor en vitaminas y minerales. Es rica en vitamina A, complejo B, C, E y D; tambi\u00e9n est\u00e1n disponibles los minerales. La leche de yegua tiene una proporci\u00f3n m\u00e1s equilibrada de calcio a f\u00f3sforo que la mayor\u00eda de los otros tipos de leche, lo que permite una mejor absorci\u00f3n del calcio en todo el cuerpo.<\/p>\n<p>Comparada con otras leches, la leche de yegua tiene muchas menos calor\u00edas, contribuyendo a un contenido de grasa m\u00e1s bajo del 1.25 por ciento en comparaci\u00f3n con el 3.7 por ciento en la leche de vaca.<\/p>\n<p>Debido al bajo porcentaje de grasa, la leche de yegua contiene una mayor cantidad de agua, lo que resulta en un <a href=\"https:\/\/www.equilac.com\/es\/a-que-sabe-la-leche-de-yegua\/\">sabor poco familiar cuando se bebe leche de yegua por primera vez<\/a>.<\/p>\n","protected":false},"excerpt":{"rendered":"<p>La composici\u00f3n de la leche de yegua es \u00fanica y ofrece muchos beneficios. Es notablemente similar a la leche materna y es una valiosa fuente de vitaminas, minerales y oligoelementos. Contiene altos niveles de hierro y prote\u00edna de suero, lo que ayuda a la absorci\u00f3n y digesti\u00f3n. Adem\u00e1s, la leche de yegua contiene lactoferrina, que [&hellip;]<\/p>\n","protected":false},"author":1,"featured_media":0,"parent":0,"menu_order":0,"comment_status":"closed","ping_status":"closed","template":"","meta":{"_uf_show_specific_survey":0,"_uf_disable_surveys":false,"footnotes":""},"categories":[241],"tags":[],"class_list":["post-8138","page","type-page","status-publish","hentry","category-composicion"],"jetpack_sharing_enabled":true,"_links":{"self":[{"href":"https:\/\/www.equilac.com\/es\/wp-json\/wp\/v2\/pages\/8138","targetHints":{"allow":["GET"]}}],"collection":[{"href":"https:\/\/www.equilac.com\/es\/wp-json\/wp\/v2\/pages"}],"about":[{"href":"https:\/\/www.equilac.com\/es\/wp-json\/wp\/v2\/types\/page"}],"author":[{"embeddable":true,"href":"https:\/\/www.equilac.com\/es\/wp-json\/wp\/v2\/users\/1"}],"replies":[{"embeddable":true,"href":"https:\/\/www.equilac.com\/es\/wp-json\/wp\/v2\/comments?post=8138"}],"version-history":[{"count":4,"href":"https:\/\/www.equilac.com\/es\/wp-json\/wp\/v2\/pages\/8138\/revisions"}],"predecessor-version":[{"id":13638,"href":"https:\/\/www.equilac.com\/es\/wp-json\/wp\/v2\/pages\/8138\/revisions\/13638"}],"wp:attachment":[{"href":"https:\/\/www.equilac.com\/es\/wp-json\/wp\/v2\/media?parent=8138"}],"wp:term":[{"taxonomy":"category","embeddable":true,"href":"https:\/\/www.equilac.com\/es\/wp-json\/wp\/v2\/categories?post=8138"},{"taxonomy":"post_tag","embeddable":true,"href":"https:\/\/www.equilac.com\/es\/wp-json\/wp\/v2\/tags?post=8138"}],"curies":[{"name":"wp","href":"https:\/\/api.w.org\/{rel}","templated":true}]}}