{"id":8215,"date":"2023-07-02T12:23:22","date_gmt":"2023-07-02T12:23:22","guid":{"rendered":"https:\/\/www.equilac.com\/investigacion-sobre-la-leche-de-yegua\/"},"modified":"2023-10-09T08:31:25","modified_gmt":"2023-10-09T08:31:25","slug":"investigacion-sobre-la-leche-de-yegua","status":"publish","type":"page","link":"https:\/\/www.equilac.com\/es\/investigacion-sobre-la-leche-de-yegua\/","title":{"rendered":"Investigaci\u00f3n sobre la leche de yegua"},"content":{"rendered":"<ul>\n<li>Los estudios de la Universidad Friedrich-Schiller de Jena muestran que la leche de yegua puede ayudar a tratar afecciones de la piel.<\/li>\n<li>La leche de yegua tambi\u00e9n ha mostrado efectos positivos en el tratamiento de problemas de salud internos como problemas intestinales, respiratorios y hep\u00e1ticos.<\/li>\n<li>Los ni\u00f1os con alergias a la leche de vaca toleran bien la leche de yegua, y es la m\u00e1s similar a la leche materna humana de todos los tipos de leche de los mam\u00edferos.<\/li>\n<\/ul>\n<h2 id=\"elementor-tab-title-1091\" role=\"button\" data-tab=\"1\" aria-controls=\"elementor-tab-content-1091\" aria-expanded=\"false\"><a tabindex=\"0\">Investigaci\u00f3n sobre los beneficios de la leche de yegua<\/a><\/h2>\n<p>La investigaci\u00f3n m\u00e1s importante sobre los beneficios para la salud de la leche de yegua proviene de la Universidad Friedrich-Schiller en Jena, Alemania. Esta universidad ha pasado m\u00e1s de una d\u00e9cada investigando los beneficios de la leche de yegua como tratamiento de apoyo. Estos estudios indican los beneficios de la ingesta a largo plazo de leche de yegua durante al menos seis meses.<\/p>\n<h2 id=\"elementor-tab-title-1092\" role=\"button\" data-tab=\"2\" aria-controls=\"elementor-tab-content-1092\" aria-expanded=\"false\"><a tabindex=\"0\">Leche de yegua y problemas de la piel<\/a><\/h2>\n<p>Un estudio de 2009 encontr\u00f3 que m\u00e1s del 90% de los pacientes con diversas afecciones de la piel informaron que la gravedad de sus s\u00edntomas disminuy\u00f3 dr\u00e1sticamente despu\u00e9s de beber leche de yegua. Una mejor\u00eda en s\u00edntomas como picaz\u00f3n y trastornos del sue\u00f1o podr\u00eda respaldarse m\u00e9dicamente, y los pacientes informaron una mejor\u00eda de \u201csemigrave\/grave\u201d a \u201cleve\/inexistente\u201d despu\u00e9s de seis meses de tratamiento. Algunos pacientes incluso pudieron reducir su ingesta de medicamentos.<\/p>\n<h2 id=\"elementor-tab-title-1093\" role=\"button\" data-tab=\"3\" aria-controls=\"elementor-tab-content-1093\" aria-expanded=\"false\"><a tabindex=\"0\">La leche de yegua y la salud interna<\/a><\/h2>\n<p>La Universidad Friedrich-Schiller de Jena tambi\u00e9n descubri\u00f3 que el 75 % de los consumidores con problemas intestinales, respiratorios o hep\u00e1ticos respondieron positivamente al consumo de leche de yegua. Especialmente para las personas con trastornos intestinales, la ingesta de leche de yegua redujo los s\u00edntomas y mejor\u00f3 la salud.<\/p>\n<h2 id=\"elementor-tab-title-1094\" role=\"button\" data-tab=\"4\" aria-controls=\"elementor-tab-content-1094\" aria-expanded=\"false\"><a tabindex=\"0\">Leche de yegua para la alergia a la leche de vaca<\/a><\/h2>\n<p>Otro estudio publicado en Pediatric Allergy and Immunology mostr\u00f3 que la leche de yegua es bien tolerada por casi el 96 % de los ni\u00f1os que son al\u00e9rgicos a la leche de vaca. El Dr. Rene Madeleyn, pediatra, afirm\u00f3 que la leche de yegua contiene muchos anticuerpos que neutralizan bacterias y virus y es la m\u00e1s parecida de todos los mam\u00edferos a la leche materna humana.<\/p>\n","protected":false},"excerpt":{"rendered":"<p>Los estudios de la Universidad Friedrich-Schiller de Jena muestran que la leche de yegua puede ayudar a tratar afecciones de la piel. La leche de yegua tambi\u00e9n ha mostrado efectos positivos en el tratamiento de problemas de salud internos como problemas intestinales, respiratorios y hep\u00e1ticos. Los ni\u00f1os con alergias a la leche de vaca toleran [&hellip;]<\/p>\n","protected":false},"author":1,"featured_media":1163,"parent":0,"menu_order":0,"comment_status":"closed","ping_status":"closed","template":"","meta":{"_uf_show_specific_survey":0,"_uf_disable_surveys":false,"footnotes":""},"categories":[229],"tags":[187],"class_list":["post-8215","page","type-page","status-publish","has-post-thumbnail","hentry","category-informatie","tag-related-es"],"jetpack_sharing_enabled":true,"_links":{"self":[{"href":"https:\/\/www.equilac.com\/es\/wp-json\/wp\/v2\/pages\/8215","targetHints":{"allow":["GET"]}}],"collection":[{"href":"https:\/\/www.equilac.com\/es\/wp-json\/wp\/v2\/pages"}],"about":[{"href":"https:\/\/www.equilac.com\/es\/wp-json\/wp\/v2\/types\/page"}],"author":[{"embeddable":true,"href":"https:\/\/www.equilac.com\/es\/wp-json\/wp\/v2\/users\/1"}],"replies":[{"embeddable":true,"href":"https:\/\/www.equilac.com\/es\/wp-json\/wp\/v2\/comments?post=8215"}],"version-history":[{"count":1,"href":"https:\/\/www.equilac.com\/es\/wp-json\/wp\/v2\/pages\/8215\/revisions"}],"predecessor-version":[{"id":13458,"href":"https:\/\/www.equilac.com\/es\/wp-json\/wp\/v2\/pages\/8215\/revisions\/13458"}],"wp:featuredmedia":[{"embeddable":true,"href":"https:\/\/www.equilac.com\/es\/wp-json\/wp\/v2\/media\/1163"}],"wp:attachment":[{"href":"https:\/\/www.equilac.com\/es\/wp-json\/wp\/v2\/media?parent=8215"}],"wp:term":[{"taxonomy":"category","embeddable":true,"href":"https:\/\/www.equilac.com\/es\/wp-json\/wp\/v2\/categories?post=8215"},{"taxonomy":"post_tag","embeddable":true,"href":"https:\/\/www.equilac.com\/es\/wp-json\/wp\/v2\/tags?post=8215"}],"curies":[{"name":"wp","href":"https:\/\/api.w.org\/{rel}","templated":true}]}}