{"id":10130,"date":"2023-08-27T18:01:35","date_gmt":"2023-08-27T18:01:35","guid":{"rendered":"https:\/\/www.equilac.com\/peut-on-faire-du-fromage-avec-du-lait-de-jument\/"},"modified":"2023-09-13T14:36:37","modified_gmt":"2023-09-13T14:36:37","slug":"peut-on-faire-du-fromage-avec-du-lait-de-jument","status":"publish","type":"page","link":"https:\/\/www.equilac.com\/fr\/peut-on-faire-du-fromage-avec-du-lait-de-jument\/","title":{"rendered":"Peut-on faire du fromage avec du lait de jument ?"},"content":{"rendered":"<p>Le fromage au lait de jument est un produit rare et co\u00fbteux en raison de sa faible teneur en mati\u00e8res grasses et en cas\u00e9ine. Il faut jusqu\u2019\u00e0 20 litres de lait de jument pour produire un seul kilo de fromage.<\/p>\n<p>Compte tenu du prix du lait de jument, le fromage est extr\u00eamement cher. De plus, le processus de fabrication du fromage, qui n\u00e9cessite beaucoup de chaleur, perd les bienfaits pour la sant\u00e9 commun\u00e9ment attribu\u00e9s au lait de jument. Par cons\u00e9quent, il est conseill\u00e9 de r\u00e9server l\u2019approvisionnement limit\u00e9 en lait de jument \u00e0 des usages ax\u00e9s sur la sant\u00e9.<\/p>\n<p>Le lait de jument est difficile \u00e0 transformer en fromage car il est faible en gras. Alors que le lait de vache et de ch\u00e8vre contient quatre fois plus de mati\u00e8res grasses et que le lait de bufflonne et de brebis contient sept fois plus de mati\u00e8res grasses, le lait de jument est nettement en retard. Cela conduit \u00e0 un faible rendement en fromage. Il faut en moyenne 10 litres de lait de vache ou 7 litres de lait de brebis pour fabriquer un kilo de fromage.<\/p>\n<p>De plus, le lait de jument contient moins de prot\u00e9ines que le lait de vache, de ch\u00e8vre et de brebis. Il ne contient que 13 grammes de cas\u00e9ine par litre, une prot\u00e9ine essentielle \u00e0 la fabrication du fromage, contre 25 grammes dans le lait de vache et de ch\u00e8vre, 35 grammes dans le lait de bufflonne et 45 grammes dans le lait de brebis.<\/p>\n<p>En raison de ces limitations, le fromage au lait de jument est consid\u00e9r\u00e9 comme exclusif et luxueux. Malgr\u00e9 sa raret\u00e9 et la complexit\u00e9 de sa production, certaines fermes se sp\u00e9cialisent dans la fabrication de fromage au lait de jument.<\/p>\n<p>Bien que le lait de jument pr\u00e9sente divers avantages pour la sant\u00e9, sa transformation en fromage est un d\u00e9fi et entra\u00eene la perte de ces propri\u00e9t\u00e9s b\u00e9n\u00e9fiques. Coupl\u00e9 \u00e0 son co\u00fbt \u00e9lev\u00e9 et \u00e0 la quantit\u00e9 importante de lait n\u00e9cessaire pour un faible rendement, le fromage au lait de jument reste une raret\u00e9.<\/p>\n","protected":false},"excerpt":{"rendered":"<p>Le fromage au lait de jument est un produit rare et co\u00fbteux en raison de sa faible teneur en mati\u00e8res grasses et en cas\u00e9ine. Il faut jusqu\u2019\u00e0 20 litres de lait de jument pour produire un seul kilo de fromage. Compte tenu du prix du lait de jument, le fromage est extr\u00eamement cher. De plus, [&hellip;]<\/p>\n","protected":false},"author":1,"featured_media":10138,"parent":0,"menu_order":0,"comment_status":"closed","ping_status":"closed","template":"","meta":{"_uf_show_specific_survey":0,"_uf_disable_surveys":false,"footnotes":""},"categories":[148],"tags":[183],"class_list":["post-10130","page","type-page","status-publish","has-post-thumbnail","hentry","category-lait-de-cheval","tag-related-fr"],"jetpack_sharing_enabled":true,"_links":{"self":[{"href":"https:\/\/www.equilac.com\/fr\/wp-json\/wp\/v2\/pages\/10130","targetHints":{"allow":["GET"]}}],"collection":[{"href":"https:\/\/www.equilac.com\/fr\/wp-json\/wp\/v2\/pages"}],"about":[{"href":"https:\/\/www.equilac.com\/fr\/wp-json\/wp\/v2\/types\/page"}],"author":[{"embeddable":true,"href":"https:\/\/www.equilac.com\/fr\/wp-json\/wp\/v2\/users\/1"}],"replies":[{"embeddable":true,"href":"https:\/\/www.equilac.com\/fr\/wp-json\/wp\/v2\/comments?post=10130"}],"version-history":[{"count":0,"href":"https:\/\/www.equilac.com\/fr\/wp-json\/wp\/v2\/pages\/10130\/revisions"}],"wp:featuredmedia":[{"embeddable":true,"href":"https:\/\/www.equilac.com\/fr\/wp-json\/wp\/v2\/media\/10138"}],"wp:attachment":[{"href":"https:\/\/www.equilac.com\/fr\/wp-json\/wp\/v2\/media?parent=10130"}],"wp:term":[{"taxonomy":"category","embeddable":true,"href":"https:\/\/www.equilac.com\/fr\/wp-json\/wp\/v2\/categories?post=10130"},{"taxonomy":"post_tag","embeddable":true,"href":"https:\/\/www.equilac.com\/fr\/wp-json\/wp\/v2\/tags?post=10130"}],"curies":[{"name":"wp","href":"https:\/\/api.w.org\/{rel}","templated":true}]}}