{"id":10275,"date":"2023-08-28T16:35:38","date_gmt":"2023-08-28T16:35:38","guid":{"rendered":"https:\/\/www.equilac.com\/combien-coute-le-lait-de-jument\/"},"modified":"2023-09-28T17:56:30","modified_gmt":"2023-09-28T17:56:30","slug":"combien-coute-le-lait-de-jument","status":"publish","type":"page","link":"https:\/\/www.equilac.com\/fr\/combien-coute-le-lait-de-jument\/","title":{"rendered":"Combien co\u00fbte le lait de jument ?"},"content":{"rendered":"<p>Compte tenu de la complexit\u00e9 du processus de production et de l\u2019offre limit\u00e9e, le prix du lait cru de jument est \u00e9lev\u00e9 par rapport aux autres types de lait.<\/p>\n<p>Le prix moyen du lait de jument (cru, congel\u00e9 et g\u00e9lules) est de\u00a0:<\/p>\n<table border=\"1\">\n<thead>\n<tr>\n<th>Produit<\/th>\n<th>Prix\/Litre<\/th>\n<th>Prix\/Jour<\/th>\n<th>Prix\/Mois<\/th>\n<\/tr>\n<\/thead>\n<tbody>\n<tr>\n<td>Lait de jument cru<\/td>\n<td>\u20ac10<\/td>\n<td>\u20ac2,5 (250 ml\/jour)<\/td>\n<td>\u20ac75<\/td>\n<\/tr>\n<tr>\n<td>Lait de jument congel\u00e9<\/td>\n<td>\u20ac10<\/td>\n<td>\u20ac2,5 (250 ml\/jour)<\/td>\n<td>\u20ac75<\/td>\n<\/tr>\n<tr>\n<td>G\u00e9lules de lait de jument<\/td>\n<td>&#8211;<\/td>\n<td>\u20ac1,33 (2 g\u00e9lules\/jour)<\/td>\n<td>\u20ac40<\/td>\n<\/tr>\n<\/tbody>\n<\/table>\n<p>&nbsp;<\/p>\n<p>&nbsp;<\/p>\n<p>&nbsp;<\/p>\n","protected":false},"excerpt":{"rendered":"<p>Compte tenu de la complexit\u00e9 du processus de production et de l\u2019offre limit\u00e9e, le prix du lait cru de jument est \u00e9lev\u00e9 par rapport aux autres types de lait. Le prix moyen du lait de jument (cru, congel\u00e9 et g\u00e9lules) est de\u00a0: Produit Prix\/Litre Prix\/Jour Prix\/Mois Lait de jument cru \u20ac10 \u20ac2,5 (250 ml\/jour) \u20ac75 [&hellip;]<\/p>\n","protected":false},"author":1,"featured_media":0,"parent":0,"menu_order":0,"comment_status":"closed","ping_status":"closed","template":"","meta":{"_uf_show_specific_survey":0,"_uf_disable_surveys":false,"footnotes":""},"categories":[229],"tags":[],"class_list":["post-10275","page","type-page","status-publish","hentry","category-informatie"],"jetpack_sharing_enabled":true,"_links":{"self":[{"href":"https:\/\/www.equilac.com\/fr\/wp-json\/wp\/v2\/pages\/10275","targetHints":{"allow":["GET"]}}],"collection":[{"href":"https:\/\/www.equilac.com\/fr\/wp-json\/wp\/v2\/pages"}],"about":[{"href":"https:\/\/www.equilac.com\/fr\/wp-json\/wp\/v2\/types\/page"}],"author":[{"embeddable":true,"href":"https:\/\/www.equilac.com\/fr\/wp-json\/wp\/v2\/users\/1"}],"replies":[{"embeddable":true,"href":"https:\/\/www.equilac.com\/fr\/wp-json\/wp\/v2\/comments?post=10275"}],"version-history":[{"count":1,"href":"https:\/\/www.equilac.com\/fr\/wp-json\/wp\/v2\/pages\/10275\/revisions"}],"predecessor-version":[{"id":12626,"href":"https:\/\/www.equilac.com\/fr\/wp-json\/wp\/v2\/pages\/10275\/revisions\/12626"}],"wp:attachment":[{"href":"https:\/\/www.equilac.com\/fr\/wp-json\/wp\/v2\/media?parent=10275"}],"wp:term":[{"taxonomy":"category","embeddable":true,"href":"https:\/\/www.equilac.com\/fr\/wp-json\/wp\/v2\/categories?post=10275"},{"taxonomy":"post_tag","embeddable":true,"href":"https:\/\/www.equilac.com\/fr\/wp-json\/wp\/v2\/tags?post=10275"}],"curies":[{"name":"wp","href":"https:\/\/api.w.org\/{rel}","templated":true}]}}