{"id":11672,"date":"2023-09-18T15:45:24","date_gmt":"2023-09-18T15:45:24","guid":{"rendered":"https:\/\/www.equilac.com\/quest-ce-que-le-lait-de-jument-fermente-ou-kumis\/"},"modified":"2023-09-28T17:53:03","modified_gmt":"2023-09-28T17:53:03","slug":"quest-ce-que-le-lait-de-jument-fermente-ou-kumis","status":"publish","type":"page","link":"https:\/\/www.equilac.com\/fr\/quest-ce-que-le-lait-de-jument-fermente-ou-kumis\/","title":{"rendered":"Qu&rsquo;est-ce que le lait de jument ferment\u00e9 ou kumis ?"},"content":{"rendered":"\n<p>Le lait de jument ferment\u00e9, connu sous le nom de kumis ou airag en Mongolie, est une boisson laiti\u00e8re traditionnelle \u00e0 base de lait de jument. C&rsquo;est une boisson l\u00e9g\u00e8rement alcoolis\u00e9e populaire en Asie centrale, notamment en Mongolie, au Kazakhstan et au Kirghizistan. La fabrication du kumis implique la fermentation du lait de jument cru et non pasteuris\u00e9 \u00e0 l&rsquo;aide de bact\u00e9ries lactiques et de levures sp\u00e9cifiques.\r\n<\/p>\n\n\n\n<p>Les origines des kumis remontent aux cultures nomades d&rsquo;Asie centrale. Ces communaut\u00e9s d\u00e9pendaient principalement de leur b\u00e9tail pour leur subsistance et ont d\u00e9couvert que la fermentation du lait de jument prolongeait sa dur\u00e9e de conservation. Au fil du temps, les kumis sont devenus partie int\u00e9grante de divers r\u00e9gimes et c\u00e9r\u00e9monies d&rsquo;Asie centrale. En Mongolie, il est \u00e9galement connu sous le nom d\u2019airag et est traditionnellement consomm\u00e9 lors de rassemblements sociaux et d\u2019occasions sp\u00e9ciales.<\/p>\n\n\n\n<p>L\u2019une des caract\u00e9ristiques uniques du kumis est sa teneur en alcool. M\u00eame si le taux d&rsquo;alcool est relativement faible, allant de 0,5 % \u00e0 2,5 %, il suffit \u00e0 conserver le lait et \u00e0 lui donner une saveur distincte. La fermentation produit \u00e9galement des nutriments b\u00e9n\u00e9fiques, notamment des probiotiques, qui peuvent faciliter la digestion et renforcer le syst\u00e8me immunitaire.<\/p>\n\n\n\n<p>Concernant la valeur nutritionnelle, le kumis est riche en vitamines et min\u00e9raux, notamment en vitamines B et en calcium. La boisson est \u00e9galement sans lactose, ce qui la rend plus digeste pour les personnes intol\u00e9rantes au lactose. Beaucoup pr\u00e9tendent que le kumis a des bienfaits pour la sant\u00e9, comme faciliter la digestion et augmenter les niveaux d&rsquo;\u00e9nergie, bien que les \u00e9tudes scientifiques soient limit\u00e9es dans ce domaine.<\/p>\n\n\n\n<p>Aujourd&rsquo;hui, les kumis gagnent en reconnaissance internationale et sont m\u00eame produits dans des pays en dehors de l&rsquo;Asie centrale. Avec son go\u00fbt unique et ses bienfaits potentiels pour la sant\u00e9, le kumis est plus qu\u2019une simple relique culturelle ; c&rsquo;est un exemple fascinant de la fa\u00e7on dont les aliments et les boissons traditionnels peuvent s&rsquo;adapter et prosp\u00e9rer dans le monde moderne. Qu&rsquo;il soit consomm\u00e9 pour son go\u00fbt, sa valeur nutritionnelle ou son importance culturelle, le kumis reste une boisson appr\u00e9ci\u00e9e de nombreuses personnes dans le monde.<\/p>\n","protected":false},"excerpt":{"rendered":"<p>Le lait de jument ferment\u00e9, connu sous le nom de kumis ou airag en Mongolie, est une boisson laiti\u00e8re traditionnelle \u00e0 base de lait de jument. C&rsquo;est une boisson l\u00e9g\u00e8rement alcoolis\u00e9e populaire en Asie centrale, notamment en Mongolie, au Kazakhstan et au Kirghizistan. La fabrication du kumis implique la fermentation du lait de jument cru [&hellip;]<\/p>\n","protected":false},"author":1,"featured_media":11663,"parent":0,"menu_order":0,"comment_status":"closed","ping_status":"closed","template":"","meta":{"_uf_show_specific_survey":0,"_uf_disable_surveys":false,"footnotes":""},"categories":[148],"tags":[183],"class_list":["post-11672","page","type-page","status-publish","has-post-thumbnail","hentry","category-lait-de-cheval","tag-related-fr"],"jetpack_sharing_enabled":true,"_links":{"self":[{"href":"https:\/\/www.equilac.com\/fr\/wp-json\/wp\/v2\/pages\/11672","targetHints":{"allow":["GET"]}}],"collection":[{"href":"https:\/\/www.equilac.com\/fr\/wp-json\/wp\/v2\/pages"}],"about":[{"href":"https:\/\/www.equilac.com\/fr\/wp-json\/wp\/v2\/types\/page"}],"author":[{"embeddable":true,"href":"https:\/\/www.equilac.com\/fr\/wp-json\/wp\/v2\/users\/1"}],"replies":[{"embeddable":true,"href":"https:\/\/www.equilac.com\/fr\/wp-json\/wp\/v2\/comments?post=11672"}],"version-history":[{"count":2,"href":"https:\/\/www.equilac.com\/fr\/wp-json\/wp\/v2\/pages\/11672\/revisions"}],"predecessor-version":[{"id":12624,"href":"https:\/\/www.equilac.com\/fr\/wp-json\/wp\/v2\/pages\/11672\/revisions\/12624"}],"wp:featuredmedia":[{"embeddable":true,"href":"https:\/\/www.equilac.com\/fr\/wp-json\/wp\/v2\/media\/11663"}],"wp:attachment":[{"href":"https:\/\/www.equilac.com\/fr\/wp-json\/wp\/v2\/media?parent=11672"}],"wp:term":[{"taxonomy":"category","embeddable":true,"href":"https:\/\/www.equilac.com\/fr\/wp-json\/wp\/v2\/categories?post=11672"},{"taxonomy":"post_tag","embeddable":true,"href":"https:\/\/www.equilac.com\/fr\/wp-json\/wp\/v2\/tags?post=11672"}],"curies":[{"name":"wp","href":"https:\/\/api.w.org\/{rel}","templated":true}]}}