{"id":11719,"date":"2023-09-19T16:05:31","date_gmt":"2023-09-19T16:05:31","guid":{"rendered":"https:\/\/www.equilac.com\/quest-ce-que-le-lait-de-jument\/"},"modified":"2023-10-12T18:58:54","modified_gmt":"2023-10-12T18:58:54","slug":"lait-de-jument","status":"publish","type":"page","link":"https:\/\/www.equilac.com\/fr\/lait-de-jument\/","title":{"rendered":"Lait de jument : tout ce que vous devez savoir sur le lait de cheval"},"content":{"rendered":"\n<p>Le lait de jument, \u00e9galement appel\u00e9 lait de cheval ou lait \u00e9quin, est utilis\u00e9 depuis des si\u00e8cles comme boisson nutritive et, plus r\u00e9cemment, comme compl\u00e9ment alimentaire pouvant aider \u00e0 r\u00e9soudre de nombreux probl\u00e8mes de sant\u00e9.<\/p>\n\n\n\n<p><strong>Chez Equilac\u00ae, nous avons r\u00e9sum\u00e9 les faits les plus importants concernant le lait de jument.<\/strong><\/p>\n\n\n\n<div class=\"wp-block-rank-math-toc-block\" id=\"rank-math-toc\"><nav><ul><li class=\"\"><a href=\"#histoire-du-lait-de-jument\">Histoire du lait de jument<\/a><\/li><li class=\"\"><a href=\"#le-lait-de-jument-aujourdhui\">Le lait de jument aujourd&rsquo;hui<\/a><\/li><li class=\"\"><a href=\"#composition-du-lait-de-jument\">Composition du lait de jument<\/a><\/li><li class=\"\"><a href=\"#bienfaits-du-lait-de-jument-pour-la-sante\">Bienfaits du lait de jument pour la sant\u00e9<\/a><ul><li class=\"\"><a href=\"#1-lait-de-jument-et-problemes-de-peau\">1. Lait de jument et probl\u00e8mes de peau<\/a><\/li><li class=\"\"><a href=\"#2-lait-de-jument-et-le-systeme-immunitaire\">2. Lait de jument et le syst\u00e8me immunitaire<\/a><\/li><li class=\"\"><a href=\"#3-lait-de-jument-et-flore-intestinale\">3. Lait de jument et flore intestinale<\/a><\/li><li class=\"\"><a href=\"#4-lait-de-jument-contre-les-allergies\">4. Lait de jument contre les allergies<\/a><\/li><\/ul><\/li><li class=\"\"><a href=\"#produits-a-base-de-lait-de-jument\">Produits \u00e0 base de lait de jument<\/a><ul><li class=\"\"><a href=\"#1-lait-de-jument-frais\">1. Lait de jument frais<\/a><\/li><li class=\"\"><a href=\"#2-lait-de-jument-fermente-ou-koumiss\">2. Lait de jument ferment\u00e9 ou koumiss<\/a><\/li><li class=\"\"><a href=\"#3-lait-de-jument-en-gelules\">3. Lait de jument en g\u00e9lules<\/a><\/li><li class=\"\"><a href=\"#4-lait-de-jument-en-poudre\">4. Lait de jument en poudre<\/a><\/li><li class=\"\"><a href=\"#5-cosmetiques-au-lait-de-jument\">5. Cosm\u00e9tiques au lait de jument<\/a><\/li><li class=\"\"><a href=\"#6-fromage-de-lait-de-jument\">6. Fromage de lait de jument<\/a><\/li><\/ul><\/li><li class=\"\"><a href=\"#production-de-lait-de-jument\">Production de lait de jument<\/a><\/li><li class=\"\"><a href=\"#lait-de-jument-pour-animaux-de-compagnie\">Lait de jument pour animaux de compagnie<\/a><\/li><li class=\"\"><a href=\"#prix-du-lait-de-jument\">Prix du lait de jument<\/a><\/li><\/ul><\/nav><\/div>\n\n\n\n<h2 class=\"wp-block-heading\" id=\"histoire-du-lait-de-jument\">Histoire du lait de jument<\/h2>\n\n\n\n<p>Avec une histoire de plus de 2 000 ans, le lait de jument a eu un impact tangible sur la sant\u00e9 et le bien-\u00eatre de nombreuses personnes dans l&rsquo;histoire. <a href=\"https:\/\/www.equilac.com\/fr\/histoire-du-lait-de-jument\/\" data-type=\"page\" data-id=\"8268\">L&rsquo;origine du lait de jument<\/a> remonte aux anciens Grecs. Ils croyaient que les Amazones, une tribu l\u00e9gendaire de guerri\u00e8res, nourrissaient leurs enfants avec du lait de jument.<\/p>\n\n\n\n<p>La reine \u00e9gyptienne Cl\u00e9op\u00e2tre se baignait dans du lait d&rsquo;\u00e2nesse aigre pour r\u00e9duire les rides et conserver sa beaut\u00e9 juv\u00e9nile. Le lait aigre agit comme un peeling doux, \u00e9liminant les cellules mortes de la peau et r\u00e9v\u00e9lant une peau plus lisse et lumineuse en dessous. <\/p>\n\n\n\n<p>Au milieu du 19\u00e8me si\u00e8cle, des m\u00e9decins russes recommandaient du lait de jument ferment\u00e9 comme traitement contre la tuberculose. Bien que l&rsquo;efficacit\u00e9 de ce rem\u00e8de contre la maladie ne soit pas connue, des \u00e9crivains russes tels que L\u00e9on Tolsto\u00ef et Anton Tchekhov \u00e9taient des partisans du lait de cheval comme cl\u00e9 d&rsquo;une meilleure sant\u00e9.<\/p>\n\n\n\n<h2 class=\"wp-block-heading\" id=\"le-lait-de-jument-aujourdhui\">Le lait de jument aujourd&rsquo;hui<\/h2>\n\n\n\n<p>Dans les ann\u00e9es 1990, le lait de jument est devenu plus connu en Europe, en particulier dans des pays tels que l&rsquo;Allemagne, la Belgique, les Pays-Bas et la France, o\u00f9 des fermes laiti\u00e8res \u00e9quines offraient du lait de cheval frais ou congel\u00e9 aux utilisateurs ayant des probl\u00e8mes de sant\u00e9.<\/p>\n\n\n\n<p>En 1999, notre ferme laiti\u00e8re \u00e9quine Equilac\u00ae a \u00e9t\u00e9 la premi\u00e8re \u00e0 produire du lait de jument en g\u00e9lules, rendant le lait de cheval accessible \u00e0 tous via les pharmacies.<\/p>\n\n\n\n<h2 class=\"wp-block-heading\" id=\"composition-du-lait-de-jument\"><a href=\"https:\/\/www.equilac.com\/fr\/lait-de-cheval\/valeur-nutritionnelle\/\">Composition du lait de jument<\/a><\/h2>\n\n\n\n<p>La valeur nutritive du lait de jument est tr\u00e8s proche de celle du lait maternel. Les nutriments bien \u00e9quilibr\u00e9s dans le lait de cheval stimulent le syst\u00e8me immunitaire et soutiennent le syst\u00e8me digestif et la flore intestinale. Divers probl\u00e8mes de sant\u00e9 peuvent survenir lorsque ceux-ci sont affaiblis.<\/p>\n\n\n\n<p>Un ingr\u00e9dient essentiel du lait de jument est la <a href=\"https:\/\/www.equilac.com\/fr\/lactoferrine\/\" data-type=\"page\" data-id=\"2539\">lactoferrine<\/a>, une prot\u00e9ine anti-inflammatoire que l&rsquo;on trouve \u00e9galement dans le lait maternel et le colostrum. Une \u00e9tude de <a href=\"https:\/\/link.springer.com\/article\/10.1007\/s00217-014-2299-4\" data-type=\"link\" data-id=\"https:\/\/link.springer.com\/article\/10.1007\/s00217-014-2299-4\" target=\"_blank\" rel=\"noreferrer noopener nofollow\">l&rsquo;European Food Research and Technology<\/a> montre que la lactoferrine, la lysozyme et le calcium agissent ensemble comme une substance anti-inflammatoire, antifongique et antibact\u00e9rienne. Ils sont b\u00e9n\u00e9fiques pour ceux souffrant de troubles auto-immuns li\u00e9s \u00e0 la peau, aux allergies et \u00e0 d&rsquo;autres probl\u00e8mes de sant\u00e9.<\/p>\n\n\n\n<h2 class=\"wp-block-heading\" id=\"bienfaits-du-lait-de-jument-pour-la-sante\"><a href=\"https:\/\/www.equilac.com\/fr\/lait-de-cheval\/sante\/\">Bienfaits du lait de jument pour la sant\u00e9<\/a><\/h2>\n\n\n\n<p>Le lait de jument offre de nombreux bienfaits pour la sant\u00e9 \u00e0 ceux qui prennent des g\u00e9lules Equilac\u00ae ou boivent du lait de jument frais. C&rsquo;est un rem\u00e8de naturel pour aider \u00e0 soulager les probl\u00e8mes de peau, renforcer le syst\u00e8me immunitaire, am\u00e9liorer la flore intestinale et lutter contre les allergies.<\/p>\n\n\n\n<p><strong>Le lait de jument est recommand\u00e9 pour les probl\u00e8mes de sant\u00e9 suivants:<\/strong><\/p>\n\n\n\n<ul class=\"wp-block-list\">\n<li>Troubles auto-immuns li\u00e9s \u00e0 la peau (psoriasis, ecz\u00e9ma, acn\u00e9)<\/li>\n\n\n\n<li>Renforce le syst\u00e8me immunitaire affaibli<\/li>\n\n\n\n<li>Am\u00e9liore le syst\u00e8me digestif et la flore intestinale<\/li>\n\n\n\n<li>Att\u00e9nue les sympt\u00f4mes de la maladie de Crohn<\/li>\n\n\n\n<li>Asthme, <a href=\"https:\/\/www.equilac.com\/fr\/lait-de-jument-un-remede-naturel-contre-le-rhume-des-foins\/\" data-type=\"page\" data-id=\"12341\">rhume des foins<\/a> et autres troubles respiratoires<\/li>\n\n\n\n<li>Allergies ou sensibilit\u00e9s au lait de vache<\/li>\n<\/ul>\n\n\n\n<p>Bien que tous les bienfaits connus du lait de jument n&rsquo;aient pas \u00e9t\u00e9 \u00e9tudi\u00e9s en profondeur, les <a href=\"https:\/\/www.equilac.com\/fr\/recherche-lait-de-jument\/\" data-type=\"page\" data-id=\"8211\">\u00e9tudes existantes sur le lait de jument<\/a> indiquent qu&rsquo;il peut avoir des avantages significatifs.<\/p>\n\n\n\n<h3 class=\"wp-block-heading\" id=\"1-lait-de-jument-et-problemes-de-peau\">1. <a href=\"https:\/\/www.equilac.com\/fr\/lait-de-cheval\/sante\/problemes-de-peau\/\">Lait de jument et probl\u00e8mes de peau<\/a><\/h3>\n\n\n\n<p>Le lait de jument soulage les probl\u00e8mes de peau de l&rsquo;int\u00e9rieur, \u00e0 la source du probl\u00e8me cutan\u00e9, au lieu de ne supprimer que les sympt\u00f4mes externes avec des traitements topiques comme l&rsquo;hydrocortisone. Le lait de jument peut compl\u00e9ter d&rsquo;autres traitements (m\u00e9dicaux) et aider \u00e0 g\u00e9rer les sympt\u00f4mes de troubles auto-immuns li\u00e9s \u00e0 la peau.<\/p>\n\n\n\n<p><strong>Le lait de jument a montr\u00e9 des r\u00e9sultats positifs dans le traitement des probl\u00e8mes de peau suivants :<\/strong><\/p>\n\n\n\n<ul class=\"wp-block-list\">\n<li><strong>Psoriasis :<\/strong> Le lait de jument peut \u00eatre un traitement alternatif, surtout lorsque les traitements traditionnels ne montrent pas de r\u00e9sultats. Il peut att\u00e9nuer les sympt\u00f4mes du psoriasis de l&rsquo;int\u00e9rieur, aidant \u00e0 pr\u00e9venir les pouss\u00e9es et \u00e0 procurer un soulagement \u00e0 long terme du psoriasis.<\/li>\n\n\n\n<li><strong>Ecz\u00e9ma :<\/strong> En tant que rem\u00e8de naturel, le lait de jument peut aider \u00e0 combattre les sympt\u00f4mes et les causes de l&rsquo;ecz\u00e9ma de l&rsquo;int\u00e9rieur.<\/li>\n\n\n\n<li><strong>Acn\u00e9 :<\/strong> Le lait de jument peut aider \u00e0 combattre l&rsquo;acn\u00e9 de l&rsquo;int\u00e9rieur, offrant une approche globale pour une peau plus nette.<\/li>\n<\/ul>\n\n\n\n<h3 class=\"wp-block-heading\" id=\"2-lait-de-jument-et-le-systeme-immunitaire\">2. <a href=\"https:\/\/www.equilac.com\/fr\/lait-de-cheval\/sante\/systeme-immunitaire\/\">Lait de jument et le syst\u00e8me immunitaire<\/a><\/h3>\n\n\n\n<p>Le lait de jument peut augmenter votre r\u00e9sistance aux maladies bact\u00e9riennes et aux virus, en particulier pour les b\u00e9b\u00e9s et les enfants. Le lait de jument est riche en immunoglobulines (anticorps), lactoferrine et lysozyme, qui sont des prot\u00e9ines qui soutiennent le syst\u00e8me immunitaire.<\/p>\n\n\n\n<h3 class=\"wp-block-heading\" id=\"3-lait-de-jument-et-flore-intestinale\">3. <a href=\"https:\/\/www.equilac.com\/fr\/lait-de-cheval\/sante\/flore-intestinale\/\">Lait de jument et flore intestinale<\/a><\/h3>\n\n\n\n<p>La nature antibact\u00e9rienne du lait de jument peut favoriser un \u00e9quilibre sain des bact\u00e9ries dans l&rsquo;intestin, ce qui conduit \u00e0 une flore intestinale et un syst\u00e8me digestif sains.<\/p>\n\n\n\n<p>Un intestin sain peut am\u00e9liorer la fonction du tractus gastro-intestinal. Il peut r\u00e9duire les sympt\u00f4mes de certains troubles digestifs, y compris la maladie de Crohn et d&rsquo;autres affections chroniques de l&rsquo;estomac et de l&rsquo;intestin.<\/p>\n\n\n\n<p>Selon les recherches, boire du lait de jument pour les personnes atteintes de la maladie de Crohn peut r\u00e9duire les douleurs abdominales, r\u00e9duire le sang visible dans les selles et minimiser la d\u00e9pendance \u00e0 d&rsquo;autres m\u00e9dicaments.<\/p>\n\n\n\n<p>Les principales raisons de ces effets positifs sont les propri\u00e9t\u00e9s anti-inflammatoires et antibact\u00e9riennes du lait de jument. En buvant du lait de jument, les patients pourraient \u00eatre en mesure d&rsquo;arr\u00eater la progression de la maladie de Crohn ou m\u00eame d&rsquo;inverser certains de ses sympt\u00f4mes.<\/p>\n\n\n\n<h3 class=\"wp-block-heading\" id=\"4-lait-de-jument-contre-les-allergies\">4. <a href=\"https:\/\/www.equilac.com\/fr\/lait-de-cheval\/sante\/allergies\/\">Lait de jument contre les allergies<\/a><\/h3>\n\n\n\n<p>Une \u00e9tude de <a href=\"https:\/\/onlinelibrary.wiley.com\/doi\/abs\/10.1111\/j.1399-3038.2007.00567.x\" target=\"_blank\" rel=\"noreferrer noopener nofollow\">Pediatric Allergy and Immunology<\/a> a montr\u00e9 que le lait de jument est bien tol\u00e9r\u00e9 par pr\u00e8s de 96 % des enfants <a href=\"https:\/\/www.equilac.com\/fr\/lait-de-jument-pour-lallergie-au-lait-de-vache\/\" data-type=\"page\" data-id=\"8249\">allergiques au lait de vache<\/a>. Ces r\u00e9sultats ne concernent pas l&rsquo;intol\u00e9rance, la sensibilit\u00e9 au lactose ou une r\u00e9action allergique.<\/p>\n\n\n\n<p>La recherche a trouv\u00e9 que l&rsquo;ajout de lait de jument \u00e0 un r\u00e9gime augmentait le nombre de microbes b\u00e9n\u00e9fiques dans l&rsquo;intestin, ce qui peut \u00eatre essentiel pour r\u00e9duire les r\u00e9actions allergiques aux aliments.<\/p>\n\n\n\n<p>Les propri\u00e9t\u00e9s anti-inflammatoires du lait de jument peuvent \u00e9galement offrir une protection suppl\u00e9mentaire contre certaines formes <a href=\"https:\/\/www.equilac.com\/fr\/soulagement-naturel-de-lasthme-avec-le-lait-de-jument\/\" data-type=\"page\" data-id=\"12359\">d&rsquo;asthme<\/a> chez les b\u00e9b\u00e9s et les enfants.<\/p>\n\n\n\n<h2 class=\"wp-block-heading\" id=\"produits-a-base-de-lait-de-jument\"><a href=\"https:\/\/www.equilac.com\/fr\/lait-de-cheval\/produits\/\">Produits \u00e0 base de lait de jument<\/a><\/h2>\n\n\n\n<p>Il existe plusieurs fa\u00e7ons d&rsquo;utiliser le lait de jument, selon votre r\u00e9gion et la raison pour laquelle vous souhaitez consommer du lait de jument.<\/p>\n\n\n\n<p>Le lait de jument peut \u00eatre utilis\u00e9 comme compl\u00e9ment alimentaire pour une meilleure sant\u00e9, un produit de beaut\u00e9, ou une exp\u00e9rience gastronomique lors d&rsquo;un voyage en Mongolie.<\/p>\n\n\n\n<p><strong>Voici un r\u00e9sum\u00e9 des produits \u00e0 base de lait de jument disponibles aujourd&rsquo;hui :<\/strong><\/p>\n\n\n\n<h3 class=\"wp-block-heading\" id=\"1-lait-de-jument-frais\">1. <a href=\"https:\/\/www.equilac.com\/fr\/boire-du-lait-de-jument-frais\/\">Lait de jument frais<\/a><\/h3>\n\n\n\n<p>Le lait de jument brut est id\u00e9al pour tous ceux qui ont la chance d&rsquo;habiter pr\u00e8s d&rsquo;une ferme laiti\u00e8re de chevaux.<\/p>\n\n\n\n<p>Le lait de jument frais et non pasteuris\u00e9, disponible dans les fermes laiti\u00e8res europ\u00e9ennes, peut \u00eatre consomm\u00e9 jusqu&rsquo;\u00e0 trois jours et le lait de jument congel\u00e9 peut \u00eatre conserv\u00e9 jusqu&rsquo;\u00e0 6 mois \u00e0 -18 \u00b0C (-0.4 \u00b0F).<\/p>\n\n\n\n<h3 class=\"wp-block-heading\" id=\"2-lait-de-jument-fermente-ou-koumiss\">2. <a href=\"https:\/\/www.equilac.com\/fr\/quest-ce-que-le-lait-de-jument-fermente-ou-kumis\/\">Lait de jument ferment\u00e9 ou koumiss<\/a><\/h3>\n\n\n\n<p>Le lait de jument ferment\u00e9 ou koumiss est produit en fermentant du lait de jument cru et non pasteuris\u00e9 pendant cinq heures \u00e0 une temp\u00e9rature de 27 \u00b0C (81 \u00b0F). Ce lait de jument ferment\u00e9 a un faible taux d&rsquo;alcool et peut \u00eatre conserv\u00e9 pendant de longues p\u00e9riodes. On trouve du koumiss en Mongolie, au Kazakhstan, au Kirghizistan et dans certains pays d&rsquo;Asie centrale.<\/p>\n\n\n\n<p>On peut \u00e9galement fabriquer du yaourt \u00e0 partir de lait de jument ; celui-ci est disponible dans certaines fermes laiti\u00e8res europ\u00e9ennes.<\/p>\n\n\n\n<h3 class=\"wp-block-heading\" id=\"3-lait-de-jument-en-gelules\">3. <a href=\"https:\/\/www.equilac.com\/fr\/produit\/gelules-de-lait-de-jument\/\">Lait de jument en g\u00e9lules<\/a><\/h3>\n\n\n\n<p>Le lait de jument frais ou congel\u00e9 est difficile \u00e0 acheter dans la plupart des pays. Par cons\u00e9quent, les compl\u00e9ments alimentaires avec de la poudre de lait de jument en capsules ou en comprim\u00e9s sont une meilleure solution pour une consommation quotidienne.<\/p>\n\n\n\n<p>Les g\u00e9lules de lait de jument faciles \u00e0 prendre permettent \u00e0 davantage de personnes d&rsquo;acc\u00e9der au lait de jument, car elles sont faciles \u00e0 exp\u00e9dier, ont une longue dur\u00e9e de conservation allant jusqu&rsquo;\u00e0 18 mois et sont disponibles en pharmacie.<\/p>\n\n\n\n<h3 class=\"wp-block-heading\" id=\"4-lait-de-jument-en-poudre\">4. <a href=\"https:\/\/www.equilac.com\/fr\/lait-de-jument-en-poudre\/\">Lait de jument en poudre<\/a><\/h3>\n\n\n\n<p>Le lait de jument en poudre est fabriqu\u00e9 en lyophilisant ou en s\u00e9chant par pulv\u00e9risation le lait de jument frais, de sorte que 91 % de l&rsquo;eau pr\u00e9sente est extraite du lait de jument. Ces deux processus sont effectu\u00e9s soigneusement sans endommager la valeur nutritionnelle de la poudre de lait de jument finale, de sorte que la poudre conserve ses bienfaits pour la sant\u00e9.<\/p>\n\n\n\n<p>Le lait de jument en poudre est une solution plus pratique pour une longue conservation, sans ajout de conservateurs, et peut \u00eatre m\u00e9lang\u00e9 \u00e0 de l&rsquo;eau froide ou \u00e0 des aliments froids comme le yaourt.<\/p>\n\n\n\n<h3 class=\"wp-block-heading\" id=\"5-cosmetiques-au-lait-de-jument\">5. <a href=\"https:\/\/www.equilac.com\/fr\/produits-de-soin-de-la-peau-a-base-de-lait-de-jument\/\">Cosm\u00e9tiques au lait de jument<\/a><\/h3>\n\n\n\n<p>Les propri\u00e9t\u00e9s antioxydantes et antibact\u00e9riennes du lait de jument en ont fait un ingr\u00e9dient attrayant dans les <a href=\"https:\/\/www.equilac.com\/fr\/creme-au-lait-de-jument-pour-peaux-seches-et-sensibles\/\" data-type=\"page\" data-id=\"11626\">cr\u00e8mes pour la peau<\/a>, les lotions pour le corps, les <a href=\"https:\/\/www.equilac.com\/fr\/shampooing-au-lait-a-jument-pour-cheveux-sains\/\" data-type=\"page\" data-id=\"11913\">shampoings<\/a> et les <a href=\"https:\/\/www.equilac.com\/fr\/savon-au-lait-de-jument-pour-une-peau-douce\/\" data-type=\"page\" data-id=\"12196\">savons<\/a>. Id\u00e9al pour les personnes \u00e0 la peau sensible ou ayant un cuir chevelu sec. Les produits de soins de la peau \u00e0 base de lait de jument peuvent \u00eatre compl\u00e9mentaires lors du traitement des probl\u00e8mes de peau avec des capsules de lait de jument.<\/p>\n\n\n\n<h3 class=\"wp-block-heading\" id=\"6-fromage-de-lait-de-jument\">6. <a href=\"https:\/\/www.equilac.com\/fr\/peut-on-faire-du-fromage-avec-du-lait-de-jument\/\">Fromage de lait de jument<\/a><\/h3>\n\n\n\n<p>Certaines fermes laiti\u00e8res produisent du fromage \u00e0 partir de lait de jument. La faible teneur en cas\u00e9ine et en mati\u00e8res grasses du lait de jument le rend moins adapt\u00e9 \u00e0 la fabrication de fromage, car il faut jusqu&rsquo;\u00e0 20 litres (5,28 gallons) de lait de jument pour produire un kilogramme de fromage ; ce qui rend le fromage co\u00fbteux.<\/p>\n\n\n\n<h2 class=\"wp-block-heading\" id=\"production-de-lait-de-jument\"><a href=\"https:\/\/www.equilac.com\/fr\/lait-de-jument-en-poudre\/\" data-type=\"page\" data-id=\"8192\">Production de lait de jument<\/a><\/h2>\n\n\n\n<p>Le lait de jument est obtenu en trayant une jument qui vient de donner naissance \u00e0 un poulain. Selon l&rsquo;endroit o\u00f9 le lait de jument est produit, il peut \u00eatre collect\u00e9 en traite manuelle ou \u00e0 l&rsquo;aide d&rsquo;une machine \u00e0 traire adapt\u00e9e \u00e0 la mamelle de la jument. La traite m\u00e9canique garantit que le lait de jument est produit conform\u00e9ment aux r\u00e9glementations internationales d&rsquo;hygi\u00e8ne.<\/p>\n\n\n\n<p>Les juments sont trait\u00e9es avec douceur pour s&rsquo;assurer qu&rsquo;elles peuvent s\u00e9cr\u00e9ter du lait de mani\u00e8re confortable et respectueuse des animaux.<\/p>\n\n\n\n<h2 class=\"wp-block-heading\" id=\"lait-de-jument-pour-animaux-de-compagnie\">Lait de jument pour animaux de compagnie<\/h2>\n\n\n\n<p>Les animaux de compagnie, comme les chiens et les chats, b\u00e9n\u00e9ficient \u00e9galement de la poudre de lait de jument ; elle peut r\u00e9soudre les probl\u00e8mes de peau et de pelage, les allergies et les probl\u00e8mes gastro-intestinaux et maintenir un pelage sain et brillant. La poudre peut \u00eatre saupoudr\u00e9e ou m\u00e9lang\u00e9e \u00e0 de la nourriture pour animaux ou \u00e0 de l&rsquo;eau ti\u00e8de.<\/p>\n\n\n\n<p>La poudre de lait de jument peut \u00e9galement \u00eatre utilis\u00e9e comme substitut de lait pour les poulains orphelins.<\/p>\n\n\n\n<h2 class=\"wp-block-heading\" id=\"prix-du-lait-de-jument\"><a href=\"https:\/\/www.equilac.com\/fr\/combien-coute-le-lait-de-jument\/\">Prix du lait de jument<\/a><\/h2>\n\n\n\n<p>Le lait de jument co\u00fbte environ 10 \u20ac le litre (33,8 fl. oz) pour le lait frais ou congel\u00e9, ce qui \u00e9quivaut \u00e0 75 \u20ac par mois si vous souhaitez suivre une cure avec du lait de jument liquide. Le lait cru et congel\u00e9 est disponible dans les fermes laiti\u00e8res de chevaux.<\/p>\n\n\n\n<p>Si vous n&rsquo;habitez pas pr\u00e8s d&rsquo;une ferme laiti\u00e8re de chevaux, vous pouvez acheter nos capsules Equilac\u00ae sur ce site ou dans les pharmacies en Belgique pour 120 \u20ac pour un traitement de 3 mois. Equilac\u00ae vous garantit un acc\u00e8s facile \u00e0 la consommation de lait de jument o\u00f9 que vous soyez.<\/p>\n","protected":false},"excerpt":{"rendered":"<p>Le lait de jument, \u00e9galement appel\u00e9 lait de cheval ou lait \u00e9quin, est utilis\u00e9 depuis des si\u00e8cles comme boisson nutritive et, plus r\u00e9cemment, comme compl\u00e9ment alimentaire pouvant aider \u00e0 r\u00e9soudre de nombreux probl\u00e8mes de sant\u00e9. Chez Equilac\u00ae, nous avons r\u00e9sum\u00e9 les faits les plus importants concernant le lait de jument. Histoire du lait de jument [&hellip;]<\/p>\n","protected":false},"author":1,"featured_media":11759,"parent":0,"menu_order":0,"comment_status":"closed","ping_status":"closed","template":"","meta":{"_uf_show_specific_survey":0,"_uf_disable_surveys":false,"footnotes":""},"categories":[230,148],"tags":[183],"class_list":["post-11719","page","type-page","status-publish","has-post-thumbnail","hentry","category-informations","category-lait-de-cheval","tag-related-fr"],"jetpack_sharing_enabled":true,"_links":{"self":[{"href":"https:\/\/www.equilac.com\/fr\/wp-json\/wp\/v2\/pages\/11719","targetHints":{"allow":["GET"]}}],"collection":[{"href":"https:\/\/www.equilac.com\/fr\/wp-json\/wp\/v2\/pages"}],"about":[{"href":"https:\/\/www.equilac.com\/fr\/wp-json\/wp\/v2\/types\/page"}],"author":[{"embeddable":true,"href":"https:\/\/www.equilac.com\/fr\/wp-json\/wp\/v2\/users\/1"}],"replies":[{"embeddable":true,"href":"https:\/\/www.equilac.com\/fr\/wp-json\/wp\/v2\/comments?post=11719"}],"version-history":[{"count":14,"href":"https:\/\/www.equilac.com\/fr\/wp-json\/wp\/v2\/pages\/11719\/revisions"}],"predecessor-version":[{"id":14062,"href":"https:\/\/www.equilac.com\/fr\/wp-json\/wp\/v2\/pages\/11719\/revisions\/14062"}],"wp:featuredmedia":[{"embeddable":true,"href":"https:\/\/www.equilac.com\/fr\/wp-json\/wp\/v2\/media\/11759"}],"wp:attachment":[{"href":"https:\/\/www.equilac.com\/fr\/wp-json\/wp\/v2\/media?parent=11719"}],"wp:term":[{"taxonomy":"category","embeddable":true,"href":"https:\/\/www.equilac.com\/fr\/wp-json\/wp\/v2\/categories?post=11719"},{"taxonomy":"post_tag","embeddable":true,"href":"https:\/\/www.equilac.com\/fr\/wp-json\/wp\/v2\/tags?post=11719"}],"curies":[{"name":"wp","href":"https:\/\/api.w.org\/{rel}","templated":true}]}}