{"id":12258,"date":"2023-09-26T10:51:16","date_gmt":"2023-09-26T10:51:16","guid":{"rendered":"https:\/\/www.equilac.com\/produits-de-soin-de-la-peau-a-base-de-lait-de-jument\/"},"modified":"2023-09-28T17:45:54","modified_gmt":"2023-09-28T17:45:54","slug":"produits-de-soin-de-la-peau-a-base-de-lait-de-jument","status":"publish","type":"page","link":"https:\/\/www.equilac.com\/fr\/produits-de-soin-de-la-peau-a-base-de-lait-de-jument\/","title":{"rendered":"Produits de soin de la peau \u00e0 base de lait de jument"},"content":{"rendered":"\n<p>Les cr\u00e8mes, shampoings et savons au lait de jument sont des produits cosm\u00e9tiques naturels qui offrent une solution pour les personnes ayant une peau s\u00e8che et sensible. Ces produits, fabriqu\u00e9s \u00e0 partir de 100 % de lait de jument naturel, soutiennent la capacit\u00e9 de gu\u00e9rison de la peau et sont id\u00e9aux pour les individus ayant une peau s\u00e8che ou sensible.<\/p>\n\n\n\n<p>Un avantage significatif des produits de soin de la peau \u00e0 base de lait de jument est qu&rsquo;ils sont pH-neutres, maintenant ainsi l&rsquo;\u00e9quilibre naturel du pH de la peau. En maintenant un niveau de pH \u00e9quilibr\u00e9, la peau peut retenir l&rsquo;humidit\u00e9, r\u00e9duisant ainsi le risque de s\u00e9cheresse.<\/p>\n\n\n\n<p>De plus, ces produits ne contiennent pas de parab\u00e8nes, un produit chimique souvent utilis\u00e9 pour prolonger la dur\u00e9e de vie des produits de soins de la peau. Au lieu de cela, des ingr\u00e9dients naturels assurent la long\u00e9vit\u00e9 des produits au lait de jument sans irriter la peau.<\/p>\n\n\n\n<h2 class=\"wp-block-heading\">Cr\u00e8mes au lait de jument<\/h2>\n\n\n\n<p>Diverses <a href=\"https:\/\/www.equilac.com\/fr\/creme-au-lait-de-jument-pour-peaux-seches-et-sensibles\/\">cr\u00e8mes au lait de jument<\/a>, telles que la cr\u00e8me de jour, la cr\u00e8me de nuit, la cr\u00e8me pour les mains et la lotion pour le corps, sont disponibles. Elles sont adapt\u00e9es aux types de peau s\u00e8che et grasse et peuvent \u00eatre appliqu\u00e9es sur le visage, les coudes, les genoux et d&rsquo;autres zones s\u00e8ches ou irrit\u00e9es. Par exemple, une cr\u00e8me de jour offre une protection et un soulagement suppl\u00e9mentaires par temps froid, tandis qu&rsquo;une cr\u00e8me de nuit nourrit la peau pendant votre sommeil.<\/p>\n\n\n\n<h2 class=\"wp-block-heading\">Shampoing au lait de jument<\/h2>\n\n\n\n<p>Si vous souhaitez des soins capillaires naturels, le <a href=\"https:\/\/www.equilac.com\/fr\/shampooing-au-lait-a-jument-pour-cheveux-sains\/\">shampoing au lait de jument<\/a> pourrait \u00eatre le choix parfait. Ce shampoing nettoie et prend soin de vos cheveux en douceur et efficacement. Gr\u00e2ce \u00e0 ses ingr\u00e9dients naturels et \u00e0 ses propri\u00e9t\u00e9s neutres pour le pH de la peau, il maintient la couche protectrice naturelle de la peau, favorisant ainsi un cuir chevelu sain. Le r\u00e9sultat? Un cuir chevelu plus sain, moins de d\u00e9mangeaisons et de desquamations, et des cheveux qui paraissent plus pleins et plus brillants.<\/p>\n\n\n\n<p>La grande chose \u00e0 propos du shampoing au lait de jument est qu&rsquo;il ne contient pas de parab\u00e8nes et de conservateurs synth\u00e9tiques, ce qui le rend id\u00e9al pour les personnes de tous \u00e2ges, surtout celles souffrant d&rsquo;un cuir chevelu sensible, d&rsquo;ecz\u00e9ma ou de perte de cheveux. Pour des soins capillaires complets, vous pouvez le combiner avec un apr\u00e8s-shampoing assorti et, si n\u00e9cessaire, des capsules de lait de jument.<\/p>\n\n\n\n<h2 class=\"wp-block-heading\">Savon au lait de jument<\/h2>\n\n\n\n<p>Le <a href=\"https:\/\/www.equilac.com\/fr\/savon-au-lait-de-jument-pour-une-peau-douce\/\">savon au lait de jument<\/a> est un produit de soin de la peau unique qui contribue \u00e0 la r\u00e9cup\u00e9ration de votre peau. Ce savon, \u00e0 base de pur lait de jument, est doux pour votre peau et id\u00e9al pour une utilisation quotidienne. Il est sp\u00e9cifiquement d\u00e9velopp\u00e9 pour les personnes ayant une peau s\u00e8che ou sensible et est \u00e9galement un bon choix pour ceux qui sont sensibles au parfum et\/ou \u00e0 l&rsquo;alcool dans les savons.<\/p>\n\n\n\n<p>De plus, le savon ne contient que des parfums naturels, sans allerg\u00e8nes et est exempt de parab\u00e8nes et de SLS, ce qui en fait un choix hypoallerg\u00e9nique pour les soins de la peau.<\/p>\n","protected":false},"excerpt":{"rendered":"<p>Les cr\u00e8mes, shampoings et savons au lait de jument sont des produits cosm\u00e9tiques naturels qui offrent une solution pour les personnes ayant une peau s\u00e8che et sensible. Ces produits, fabriqu\u00e9s \u00e0 partir de 100 % de lait de jument naturel, soutiennent la capacit\u00e9 de gu\u00e9rison de la peau et sont id\u00e9aux pour les individus ayant [&hellip;]<\/p>\n","protected":false},"author":1,"featured_media":12243,"parent":0,"menu_order":0,"comment_status":"closed","ping_status":"closed","template":"","meta":{"_uf_show_specific_survey":0,"_uf_disable_surveys":false,"footnotes":""},"categories":[140,148],"tags":[183],"class_list":["post-12258","page","type-page","status-publish","has-post-thumbnail","hentry","category-horse-milk","category-lait-de-cheval","tag-related-fr"],"jetpack_sharing_enabled":true,"_links":{"self":[{"href":"https:\/\/www.equilac.com\/fr\/wp-json\/wp\/v2\/pages\/12258","targetHints":{"allow":["GET"]}}],"collection":[{"href":"https:\/\/www.equilac.com\/fr\/wp-json\/wp\/v2\/pages"}],"about":[{"href":"https:\/\/www.equilac.com\/fr\/wp-json\/wp\/v2\/types\/page"}],"author":[{"embeddable":true,"href":"https:\/\/www.equilac.com\/fr\/wp-json\/wp\/v2\/users\/1"}],"replies":[{"embeddable":true,"href":"https:\/\/www.equilac.com\/fr\/wp-json\/wp\/v2\/comments?post=12258"}],"version-history":[{"count":2,"href":"https:\/\/www.equilac.com\/fr\/wp-json\/wp\/v2\/pages\/12258\/revisions"}],"predecessor-version":[{"id":12618,"href":"https:\/\/www.equilac.com\/fr\/wp-json\/wp\/v2\/pages\/12258\/revisions\/12618"}],"wp:featuredmedia":[{"embeddable":true,"href":"https:\/\/www.equilac.com\/fr\/wp-json\/wp\/v2\/media\/12243"}],"wp:attachment":[{"href":"https:\/\/www.equilac.com\/fr\/wp-json\/wp\/v2\/media?parent=12258"}],"wp:term":[{"taxonomy":"category","embeddable":true,"href":"https:\/\/www.equilac.com\/fr\/wp-json\/wp\/v2\/categories?post=12258"},{"taxonomy":"post_tag","embeddable":true,"href":"https:\/\/www.equilac.com\/fr\/wp-json\/wp\/v2\/tags?post=12258"}],"curies":[{"name":"wp","href":"https:\/\/api.w.org\/{rel}","templated":true}]}}