{"id":12341,"date":"2023-09-26T13:58:31","date_gmt":"2023-09-26T13:58:31","guid":{"rendered":"https:\/\/www.equilac.com\/lait-de-jument-un-remede-naturel-contre-le-rhume-des-foins\/"},"modified":"2023-09-29T17:14:48","modified_gmt":"2023-09-29T17:14:48","slug":"lait-de-jument-un-remede-naturel-contre-le-rhume-des-foins","status":"publish","type":"page","link":"https:\/\/www.equilac.com\/fr\/lait-de-jument-un-remede-naturel-contre-le-rhume-des-foins\/","title":{"rendered":"Lait de jument : un rem\u00e8de naturel contre le rhume des foins"},"content":{"rendered":"\n<p>Le lait de jument aide \u00e0 soulager les sympt\u00f4mes du rhume des foins en agissant naturellement contre les r\u00e9actions allergiques. Il peut m\u00eame \u00e9liminer les sympt\u00f4mes du rhume des foins lorsqu&rsquo;il est utilis\u00e9 de mani\u00e8re constante, soulageant les yeux qui d\u00e9mangent, les \u00e9ternuements et la congestion. Le rhume des foins, une allergie courante souvent d\u00e9clench\u00e9e par le pollen, les arbres, l&rsquo;herbe, la poussi\u00e8re et la moisissure, peut affecter significativement votre vie quotidienne, vous emp\u00eachant de profiter pleinement des changements saisonniers, surtout au printemps ou en \u00e9t\u00e9.<\/p>\n\n\n\n<p>Utiliser du lait de jument peut am\u00e9liorer une flore intestinale plus saine et renforcer votre immunit\u00e9. Cela se traduit par une exp\u00e9rience de moins de sympt\u00f4mes allergiques comme ceux du rhume des foins, y compris un nez qui coule et des yeux larmoyants. De nombreuses personnes remarquent une r\u00e9duction significative de leurs sympt\u00f4mes de rhinite apr\u00e8s environ deux semaines d&rsquo;utilisation de lait de jument, et la plupart sont enti\u00e8rement lib\u00e9r\u00e9es du rhume des foins apr\u00e8s trois mois.<\/p>\n\n\n\n<p>Les g\u00e9lules de lait de jument garantissent un soulagement naturel des sympt\u00f4mes du rhume des foins, en faisant une alternative m\u00e9dicinale b\u00e9n\u00e9fique. Elles sont riches en vitamines, en fer et en min\u00e9raux, \u00e0 haute teneur en prot\u00e9ines et faibles en gras, ce qui les rend facilement digestibles et rapidement absorb\u00e9es par le corps. Cela contribue \u00e0 une bonne sant\u00e9 intestinale, formant la base pour une r\u00e9sistance solide contre les allerg\u00e8nes comme le pollen, assurant que votre nez et vos yeux sont moins affect\u00e9s.<\/p>\n\n\n\n<p>Le lait de jument peut \u00eatre b\u00e9n\u00e9fique m\u00eame lorsque le rhume des foins accompagne d&rsquo;autres conditions comme l&rsquo;ecz\u00e9ma ou <a href=\"https:\/\/www.equilac.com\/fr\/soulagement-naturel-de-lasthme-avec-le-lait-de-jument\/\" data-type=\"page\" data-id=\"12359\">l&rsquo;asthme<\/a>. Il affecte positivement la peau, la restaurante et l&rsquo;hydratant naturellement et en soulageant les sympt\u00f4mes, m\u00eame si le rhume des foins et ses \u00e9ternuements et congestion accompagnants ne peuvent \u00eatre compl\u00e8tement pr\u00e9venus ou gu\u00e9ris.<\/p>\n\n\n\n<p>Utiliser du lait de jument pour le rhume des foins soulage efficacement vos sympt\u00f4mes et augmente votre r\u00e9sistance aux r\u00e9actions allergiques. Cette approche minimise les chances pour le pollen, l&rsquo;herbe, l&rsquo;arbre et d&rsquo;autres allerg\u00e8nes de causer des probl\u00e8mes, vous permettant de profiter de chaque saison sans le fardeau des yeux larmoyants ou qui d\u00e9mangent ou d&rsquo;un nez congestionn\u00e9. Parmi les nombreux produits contre le rhume des foins sur le march\u00e9, le lait de jument se d\u00e9marque comme une option naturelle qui aide \u00e0 renforcer votre r\u00e9sistance, r\u00e9duisant \u00e9ventuellement le besoin d&rsquo;autres m\u00e9dicaments tels que les antihistaminiques et l&rsquo;immunoth\u00e9rapie et diminuant vos sympt\u00f4mes.<\/p>\n","protected":false},"excerpt":{"rendered":"<p>Le lait de jument aide \u00e0 soulager les sympt\u00f4mes du rhume des foins en agissant naturellement contre les r\u00e9actions allergiques. Il peut m\u00eame \u00e9liminer les sympt\u00f4mes du rhume des foins lorsqu&rsquo;il est utilis\u00e9 de mani\u00e8re constante, soulageant les yeux qui d\u00e9mangent, les \u00e9ternuements et la congestion. Le rhume des foins, une allergie courante souvent d\u00e9clench\u00e9e [&hellip;]<\/p>\n","protected":false},"author":1,"featured_media":12277,"parent":0,"menu_order":0,"comment_status":"closed","ping_status":"closed","template":"","meta":{"_uf_show_specific_survey":0,"_uf_disable_surveys":false,"footnotes":""},"categories":[140,148,133],"tags":[183],"class_list":["post-12341","page","type-page","status-publish","has-post-thumbnail","hentry","category-horse-milk","category-lait-de-cheval","category-allergies","tag-related-fr"],"jetpack_sharing_enabled":true,"_links":{"self":[{"href":"https:\/\/www.equilac.com\/fr\/wp-json\/wp\/v2\/pages\/12341","targetHints":{"allow":["GET"]}}],"collection":[{"href":"https:\/\/www.equilac.com\/fr\/wp-json\/wp\/v2\/pages"}],"about":[{"href":"https:\/\/www.equilac.com\/fr\/wp-json\/wp\/v2\/types\/page"}],"author":[{"embeddable":true,"href":"https:\/\/www.equilac.com\/fr\/wp-json\/wp\/v2\/users\/1"}],"replies":[{"embeddable":true,"href":"https:\/\/www.equilac.com\/fr\/wp-json\/wp\/v2\/comments?post=12341"}],"version-history":[{"count":4,"href":"https:\/\/www.equilac.com\/fr\/wp-json\/wp\/v2\/pages\/12341\/revisions"}],"predecessor-version":[{"id":12759,"href":"https:\/\/www.equilac.com\/fr\/wp-json\/wp\/v2\/pages\/12341\/revisions\/12759"}],"wp:featuredmedia":[{"embeddable":true,"href":"https:\/\/www.equilac.com\/fr\/wp-json\/wp\/v2\/media\/12277"}],"wp:attachment":[{"href":"https:\/\/www.equilac.com\/fr\/wp-json\/wp\/v2\/media?parent=12341"}],"wp:term":[{"taxonomy":"category","embeddable":true,"href":"https:\/\/www.equilac.com\/fr\/wp-json\/wp\/v2\/categories?post=12341"},{"taxonomy":"post_tag","embeddable":true,"href":"https:\/\/www.equilac.com\/fr\/wp-json\/wp\/v2\/tags?post=12341"}],"curies":[{"name":"wp","href":"https:\/\/api.w.org\/{rel}","templated":true}]}}