{"id":1432,"date":"2022-03-01T08:55:45","date_gmt":"2022-03-01T08:55:45","guid":{"rendered":"http:\/\/dev.equilac.com\/psoriasis\/"},"modified":"2023-10-05T17:36:55","modified_gmt":"2023-10-05T17:36:55","slug":"psoriasis","status":"publish","type":"page","link":"https:\/\/www.equilac.com\/fr\/psoriasis\/","title":{"rendered":"Lait de jument : un traitement naturel contre le psoriasis"},"content":{"rendered":"<p><a href=\"https:\/\/www.equilac.com\/fr\/lait-de-jument\/\">Le lait de jument<\/a> est de plus en plus utilis\u00e9 comme alternative naturelle pour traiter le psoriasis, en particulier lorsque les traitements conventionnels ne donnent pas de r\u00e9sultats. Les capsules de lait de jument peuvent att\u00e9nuer les sympt\u00f4mes du psoriasis de l&rsquo;int\u00e9rieur, aidant ainsi \u00e0 \u00e9viter les pouss\u00e9es et \u00e0 fournir un soulagement \u00e0 long terme du psoriasis.<\/p>\n<p>Traiter le psoriasis avec du lait de jument n&rsquo;est pas une solution rapide mais un traitement progressif et \u00e0 long terme. Cette approche laisse \u00e0 votre peau, votre corps et votre syst\u00e8me immunitaire suffisamment de temps pour s&rsquo;adapter, att\u00e9nuer les sympt\u00f4mes du psoriasis et restaurer votre peau. Ce processus prudent et lent est pr\u00e9vu pour mener \u00e0 une solution \u00e0 long terme pour contr\u00f4ler et diminuer le psoriasis.<\/p>\n<p><a href=\"https:\/\/www.equilac.com\/fr\/lactoferrine\/\">Le lait de jument est riche en lactoferrine<\/a>, une prot\u00e9ine anti-inflammatoire naturelle \u00e9galement pr\u00e9sente dans le lait maternel. Cette prot\u00e9ine unique aide \u00e0 g\u00e9rer les infections cutan\u00e9es et les maladies auto-immunes comme le psoriasis en renfor\u00e7ant et en \u00e9quilibrant le syst\u00e8me immunitaire.<\/p>\n<p>La lactoferrine pr\u00e9sente dans le lait de jument est naturelle. Contrairement aux additifs synth\u00e9tiques pr\u00e9sents dans d&rsquo;autres compl\u00e9ments alimentaires, la lactoferrine naturelle assure une meilleure absorption par le corps, augmentant ainsi son efficacit\u00e9. Cette absorption am\u00e9lior\u00e9e est essentielle pour renforcer votre syst\u00e8me immunitaire, r\u00e9duire l&rsquo;inflammation et g\u00e9rer les sympt\u00f4mes de la <a href=\"https:\/\/fr.wikipedia.org\/wiki\/Dermatite\" target=\"_blank\" rel=\"nofollow noopener\">dermatite<\/a>, de l&rsquo;ecz\u00e9ma et de la peau squameuse associ\u00e9s au psoriasis.<\/p>\n<p>Opter pour des <a href=\"https:\/\/www.equilac.com\/fr\/produit\/gelules-de-lait-de-jument\/\">capsules de lait de jument comme Equilac\u00ae<\/a> peut soulager les rougeurs, les d\u00e9mangeaisons et la peau squameuse li\u00e9es au psoriasis. Environ 62% des utilisateurs d&rsquo;Equilac\u00ae ressentent un soulagement des sympt\u00f4mes du psoriasis apr\u00e8s trois mois. C&rsquo;est un choix pour ceux qui d\u00e9sirent lutter contre le psoriasis de l&rsquo;int\u00e9rieur, offrant une solution \u00e0 long terme pour g\u00e9rer et contr\u00f4ler cette affection cutan\u00e9e.<\/p>\n<p>Le lait de jument est conseill\u00e9 pour les individus qui ont essay\u00e9 divers traitements sans succ\u00e8s significatif. Les capsules de lait de jument peuvent \u00eatre utilis\u00e9es comme rem\u00e8de naturel ou en compl\u00e9ment des traitements topiques du psoriasis comme les corticost\u00e9ro\u00efdes. Il est recommand\u00e9 de prendre des capsules de lait de jument pendant au moins trois mois pour constater une am\u00e9lioration possible de votre \u00e9tat de peau.<\/p>\n<p>En conclusion, le lait de jument est une approche naturelle pour g\u00e9rer le psoriasis. Avec ses ingr\u00e9dients uniques pour am\u00e9liorer le syst\u00e8me immunitaire, il peut faire partie de votre plan de traitement pour g\u00e9rer et att\u00e9nuer les sympt\u00f4mes du psoriasis.<\/p>\n<p>Le lait de jument peut \u00e9galement \u00eatre utile pour d&rsquo;autres <a href=\"https:\/\/www.equilac.com\/fr\/lait-de-jument-problemes-de-peau\/\">probl\u00e8mes de peau<\/a>. Il a montr\u00e9 des r\u00e9sultats positifs <a href=\"https:\/\/www.equilac.com\/fr\/lait-de-jument-eczema\/\">comme rem\u00e8de naturel contre l&rsquo;ecz\u00e9ma<\/a> et le <a href=\"https:\/\/www.equilac.com\/fr\/lait-de-jument-acne\/\">traitement de l&rsquo;acn\u00e9 de l&rsquo;int\u00e9rieur<\/a>.<\/p>\n","protected":false},"excerpt":{"rendered":"<p>Le lait de jument est de plus en plus utilis\u00e9 comme alternative naturelle pour traiter le psoriasis, en particulier lorsque les traitements conventionnels ne donnent pas de r\u00e9sultats. Les capsules de lait de jument peuvent att\u00e9nuer les sympt\u00f4mes du psoriasis de l&rsquo;int\u00e9rieur, aidant ainsi \u00e0 \u00e9viter les pouss\u00e9es et \u00e0 fournir un soulagement \u00e0 long [&hellip;]<\/p>\n","protected":false},"author":1,"featured_media":1145,"parent":0,"menu_order":0,"comment_status":"closed","ping_status":"closed","template":"","meta":{"_uf_show_specific_survey":0,"_uf_disable_surveys":false,"footnotes":""},"categories":[148,151],"tags":[183],"class_list":["post-1432","page","type-page","status-publish","has-post-thumbnail","hentry","category-lait-de-cheval","category-problemes-de-peau","tag-related-fr"],"jetpack_sharing_enabled":true,"_links":{"self":[{"href":"https:\/\/www.equilac.com\/fr\/wp-json\/wp\/v2\/pages\/1432","targetHints":{"allow":["GET"]}}],"collection":[{"href":"https:\/\/www.equilac.com\/fr\/wp-json\/wp\/v2\/pages"}],"about":[{"href":"https:\/\/www.equilac.com\/fr\/wp-json\/wp\/v2\/types\/page"}],"author":[{"embeddable":true,"href":"https:\/\/www.equilac.com\/fr\/wp-json\/wp\/v2\/users\/1"}],"replies":[{"embeddable":true,"href":"https:\/\/www.equilac.com\/fr\/wp-json\/wp\/v2\/comments?post=1432"}],"version-history":[{"count":4,"href":"https:\/\/www.equilac.com\/fr\/wp-json\/wp\/v2\/pages\/1432\/revisions"}],"predecessor-version":[{"id":13342,"href":"https:\/\/www.equilac.com\/fr\/wp-json\/wp\/v2\/pages\/1432\/revisions\/13342"}],"wp:featuredmedia":[{"embeddable":true,"href":"https:\/\/www.equilac.com\/fr\/wp-json\/wp\/v2\/media\/1145"}],"wp:attachment":[{"href":"https:\/\/www.equilac.com\/fr\/wp-json\/wp\/v2\/media?parent=1432"}],"wp:term":[{"taxonomy":"category","embeddable":true,"href":"https:\/\/www.equilac.com\/fr\/wp-json\/wp\/v2\/categories?post=1432"},{"taxonomy":"post_tag","embeddable":true,"href":"https:\/\/www.equilac.com\/fr\/wp-json\/wp\/v2\/tags?post=1432"}],"curies":[{"name":"wp","href":"https:\/\/api.w.org\/{rel}","templated":true}]}}