{"id":2539,"date":"2022-03-11T11:14:51","date_gmt":"2022-03-11T11:14:51","guid":{"rendered":"http:\/\/dev.equilac.com\/lactoferrin\/"},"modified":"2023-10-09T07:25:04","modified_gmt":"2023-10-09T07:25:04","slug":"lactoferrine","status":"publish","type":"page","link":"https:\/\/www.equilac.com\/fr\/lactoferrine\/","title":{"rendered":"Le lait de jument est riche en lactoferrine"},"content":{"rendered":"<p>Le <a href=\"https:\/\/www.equilac.com\/fr\/lait-de-jument\/\">lait de jument<\/a> est une excellente source de lactoferrine, une prot\u00e9ine connue pour ses effets positifs sur la sant\u00e9. Les g\u00e9lules de lait de jument Equilac\u00ae contiennent de la lactoferrine sous une forme naturelle disponible en forte concentration dans le lait de jument, tout comme dans le lait maternel et le colostrum.<\/p>\n<p>La lactoferrine est une glycoprot\u00e9ine, un type de prot\u00e9ine qui contient des glucides. C&rsquo;est \u00e9galement un \u00e9l\u00e9ment pr\u00e9cieux du syst\u00e8me immunitaire et il est essentiel au fonctionnement et \u00e0 la r\u00e9sistance globale de vos intestins.<\/p>\n<p>La lactoferrine agit de l&rsquo;int\u00e9rieur pour combattre les bact\u00e9ries et renforcer le syst\u00e8me immunitaire. Cette substance a des propri\u00e9t\u00e9s antibact\u00e9riennes et antivirales et est un antibiotique naturel. Il pi\u00e8ge les particules de fer de l&rsquo;environnement, inhibant la croissance des bact\u00e9ries.<\/p>\n<p>Vous pouvez prendre de la lactoferrine comme compl\u00e9ment alimentaire en g\u00e9lules ou en poudre. La dose quotidienne recommand\u00e9e est comprise entre 150 mg et 500 mg. Il est conseill\u00e9 d&rsquo;opter pour la forme naturelle de la lactoferrine, telle que pr\u00e9sente dans les <a href=\"https:\/\/www.equilac.com\/fr\/produit\/gelules-de-lait-de-jument\/\">g\u00e9lules de lait de jument Equilac\u00ae<\/a>, \u00e0 la place de la forme synth\u00e9tique de l&rsquo;apolactoferrine.<\/p>\n<p>Des \u00e9tudes r\u00e9centes ont montr\u00e9 que la lactoferrine peut aider \u00e0 traiter des affections cutan\u00e9es telles que l&rsquo;acn\u00e9, le psoriasis et l&rsquo;ecz\u00e9ma. Apr\u00e8s trois mois, la suppl\u00e9mentation en lactoferrine et en vitamine E et en zinc apaise significativement la peau enflamm\u00e9e.<\/p>\n<p>En bref, les capsules de lait de jument comme Equilac\u00ae sont riches en lactoferrine, ce qui offre de nombreux avantages pour vos intestins, votre r\u00e9sistance et votre syst\u00e8me immunitaire. C&rsquo;est une fa\u00e7on naturelle de soutenir votre sant\u00e9 de l&rsquo;int\u00e9rieur.<\/p>\n","protected":false},"excerpt":{"rendered":"<p>Le lait de jument est une excellente source de lactoferrine, une prot\u00e9ine connue pour ses effets positifs sur la sant\u00e9. Les g\u00e9lules de lait de jument Equilac\u00ae contiennent de la lactoferrine sous une forme naturelle disponible en forte concentration dans le lait de jument, tout comme dans le lait maternel et le colostrum. La lactoferrine [&hellip;]<\/p>\n","protected":false},"author":1,"featured_media":2491,"parent":0,"menu_order":0,"comment_status":"closed","ping_status":"closed","template":"","meta":{"_uf_show_specific_survey":0,"_uf_disable_surveys":false,"footnotes":""},"categories":[239,148],"tags":[183],"class_list":["post-2539","page","type-page","status-publish","has-post-thumbnail","hentry","category-valeur-nutritionnelle","category-lait-de-cheval","tag-related-fr"],"jetpack_sharing_enabled":true,"_links":{"self":[{"href":"https:\/\/www.equilac.com\/fr\/wp-json\/wp\/v2\/pages\/2539","targetHints":{"allow":["GET"]}}],"collection":[{"href":"https:\/\/www.equilac.com\/fr\/wp-json\/wp\/v2\/pages"}],"about":[{"href":"https:\/\/www.equilac.com\/fr\/wp-json\/wp\/v2\/types\/page"}],"author":[{"embeddable":true,"href":"https:\/\/www.equilac.com\/fr\/wp-json\/wp\/v2\/users\/1"}],"replies":[{"embeddable":true,"href":"https:\/\/www.equilac.com\/fr\/wp-json\/wp\/v2\/comments?post=2539"}],"version-history":[{"count":2,"href":"https:\/\/www.equilac.com\/fr\/wp-json\/wp\/v2\/pages\/2539\/revisions"}],"predecessor-version":[{"id":13426,"href":"https:\/\/www.equilac.com\/fr\/wp-json\/wp\/v2\/pages\/2539\/revisions\/13426"}],"wp:featuredmedia":[{"embeddable":true,"href":"https:\/\/www.equilac.com\/fr\/wp-json\/wp\/v2\/media\/2491"}],"wp:attachment":[{"href":"https:\/\/www.equilac.com\/fr\/wp-json\/wp\/v2\/media?parent=2539"}],"wp:term":[{"taxonomy":"category","embeddable":true,"href":"https:\/\/www.equilac.com\/fr\/wp-json\/wp\/v2\/categories?post=2539"},{"taxonomy":"post_tag","embeddable":true,"href":"https:\/\/www.equilac.com\/fr\/wp-json\/wp\/v2\/tags?post=2539"}],"curies":[{"name":"wp","href":"https:\/\/api.w.org\/{rel}","templated":true}]}}