{"id":6925,"date":"2023-06-14T19:53:26","date_gmt":"2023-06-14T19:53:26","guid":{"rendered":"https:\/\/www.equilac.com\/paardenmelk-tegen-eczeem\/"},"modified":"2023-10-06T14:04:40","modified_gmt":"2023-10-06T14:04:40","slug":"lait-de-jument-eczema","status":"publish","type":"page","link":"https:\/\/www.equilac.com\/fr\/lait-de-jument-eczema\/","title":{"rendered":"Lait de jument : un rem\u00e8de naturel contre l&rsquo;ecz\u00e9ma de l&rsquo;int\u00e9rieur"},"content":{"rendered":"<p>L&rsquo;ecz\u00e9ma, une affection cutan\u00e9e chronique, peut causer un inconfort notable, mais les capsules de lait de jument peuvent offrir une possibilit\u00e9 de soulagement. En tant que rem\u00e8de naturel contre l&rsquo;ecz\u00e9ma, les <a href=\"https:\/\/www.equilac.com\/fr\/produit\/gelules-de-lait-de-jument\/\">g\u00e9lules de lait de jument<\/a> s&rsquo;attaquent aux sympt\u00f4mes et aux causes de l&rsquo;ecz\u00e9ma de l&rsquo;int\u00e9rieur. Le lait de jument est riche en prot\u00e9ines uniques telles que la lactoferrine, essentielle pour renforcer le syst\u00e8me immunitaire et apaiser l&rsquo;inflammation de la peau, caract\u00e9ristiques fondamentales de l&rsquo;ecz\u00e9ma.<\/p>\n<p>Vous pouvez soulager les sympt\u00f4mes de l&rsquo;ecz\u00e9ma tels que les d\u00e9mangeaisons, la peau s\u00e8che et les rougeurs en int\u00e9grant des capsules de lait de jument dans votre plan de traitement. Ce <a href=\"https:\/\/www.equilac.com\/fr\/lait-de-jument-problemes-de-peau\/\">rem\u00e8de naturel contre les probl\u00e8mes de peau<\/a> est pratique et peut compl\u00e9ter d&rsquo;autres traitements de l&rsquo;ecz\u00e9ma. Prendre deux capsules de lait de jument quotidiennement pendant trois mois cons\u00e9cutifs peut apporter des am\u00e9liorations substantielles \u00e0 l&rsquo;\u00e9tat de votre peau.<\/p>\n<p>Mais les avantages du lait de jument vont au-del\u00e0 du simple soulagement des sympt\u00f4mes. Il aide \u00e9galement \u00e0 restaurer une flore intestinale saine, un facteur vital car une flore intestinale perturb\u00e9e peut provoquer diverses affections cutan\u00e9es, y compris l&rsquo;ecz\u00e9ma. Les propri\u00e9t\u00e9s antibact\u00e9riennes et anti-inflammatoires du lysozyme, de l&rsquo;immunoglobuline IgA et de la <a href=\"https:\/\/www.equilac.com\/fr\/lactoferrine\/\">lactoferrine pr\u00e9sents dans le lait de jument<\/a> amplifient le syst\u00e8me immunitaire et r\u00e9duisent l&rsquo;inflammation.<\/p>\n<p>Opter pour le lait de jument comme traitement naturel de l&rsquo;ecz\u00e9ma ouvre la voie \u00e0 une approche holistique, offrant un soulagement et renfor\u00e7ant le syst\u00e8me immunitaire de l&rsquo;int\u00e9rieur. Il s&rsquo;agit d&rsquo;une approche plus s\u00fbre et plus saine que les nombreux <a href=\"https:\/\/www.doctissimo.fr\/html\/medicaments\/articles\/sa_4091_corticoides.htm\" target=\"_blank\" rel=\"nofollow noopener\">corticost\u00e9ro\u00efdes<\/a> utilis\u00e9s pour traiter l&rsquo;ecz\u00e9ma. Ce renforcement interne est essentiel car un syst\u00e8me immunitaire affaibli provoque souvent une inflammation, un instigateur fr\u00e9quent sous-jacent de l&rsquo;ecz\u00e9ma.<\/p>\n<p>L&rsquo;impact anti-inflammatoire du lait de jument s&rsquo;av\u00e8re inestimable dans la lutte contre diverses formes d&rsquo;ecz\u00e9ma, y compris la dermatite s\u00e9borrh\u00e9ique et la dermatite nummulaire, d\u00e9montrant sa polyvalence en tant que <a href=\"https:\/\/www.equilac.com\/fr\/psoriasis\/\">traitement naturel pour le psoriasis<\/a> et d&rsquo;autres conditions similaires. L&rsquo;application \u00e0 long terme du lait de jument permet \u00e0 votre peau, \u00e0 votre corps et \u00e0 votre syst\u00e8me immunitaire de s&rsquo;adapter et de se r\u00e9parer, r\u00e9duisant les inconforts de l&rsquo;ecz\u00e9ma.<\/p>\n<p>Utiliser du <a href=\"https:\/\/www.equilac.com\/fr\/lait-de-jument\/\">lait de jument<\/a> att\u00e9nue et r\u00e9duit les sympt\u00f4mes de l&rsquo;ecz\u00e9ma, procurant soulagement et confort. Vous traitez les sympt\u00f4mes avec des capsules de lait de jument et am\u00e9liorez la sant\u00e9 de votre peau de l&rsquo;int\u00e9rieur.<\/p>\n<p>Le lait de jument convient \u00e9galement pour le <a href=\"https:\/\/www.equilac.com\/fr\/lait-de-jument-acne\/\">traitement de l&rsquo;acn\u00e9 de l&rsquo;int\u00e9rieur<\/a> et d&rsquo;autres probl\u00e8mes de peau, ce qui en fait une grande aide pour divers probl\u00e8mes de peau. Il offre une alternative \u00e0 ceux qui ont essay\u00e9 des traitements traditionnels avec peu ou pas de succ\u00e8s. Prendre des capsules de lait de jument pendant au moins trois mois vous permet de remarquer des changements positifs dans l&rsquo;\u00e9tat de votre peau.<\/p>\n","protected":false},"excerpt":{"rendered":"<p>L&rsquo;ecz\u00e9ma, une affection cutan\u00e9e chronique, peut causer un inconfort notable, mais les capsules de lait de jument peuvent offrir une possibilit\u00e9 de soulagement. En tant que rem\u00e8de naturel contre l&rsquo;ecz\u00e9ma, les g\u00e9lules de lait de jument s&rsquo;attaquent aux sympt\u00f4mes et aux causes de l&rsquo;ecz\u00e9ma de l&rsquo;int\u00e9rieur. Le lait de jument est riche en prot\u00e9ines uniques [&hellip;]<\/p>\n","protected":false},"author":1,"featured_media":4678,"parent":0,"menu_order":0,"comment_status":"closed","ping_status":"closed","template":"","meta":{"_uf_show_specific_survey":0,"_uf_disable_surveys":false,"footnotes":""},"categories":[148,151],"tags":[183],"class_list":["post-6925","page","type-page","status-publish","has-post-thumbnail","hentry","category-lait-de-cheval","category-problemes-de-peau","tag-related-fr"],"jetpack_sharing_enabled":true,"_links":{"self":[{"href":"https:\/\/www.equilac.com\/fr\/wp-json\/wp\/v2\/pages\/6925","targetHints":{"allow":["GET"]}}],"collection":[{"href":"https:\/\/www.equilac.com\/fr\/wp-json\/wp\/v2\/pages"}],"about":[{"href":"https:\/\/www.equilac.com\/fr\/wp-json\/wp\/v2\/types\/page"}],"author":[{"embeddable":true,"href":"https:\/\/www.equilac.com\/fr\/wp-json\/wp\/v2\/users\/1"}],"replies":[{"embeddable":true,"href":"https:\/\/www.equilac.com\/fr\/wp-json\/wp\/v2\/comments?post=6925"}],"version-history":[{"count":2,"href":"https:\/\/www.equilac.com\/fr\/wp-json\/wp\/v2\/pages\/6925\/revisions"}],"predecessor-version":[{"id":13353,"href":"https:\/\/www.equilac.com\/fr\/wp-json\/wp\/v2\/pages\/6925\/revisions\/13353"}],"wp:featuredmedia":[{"embeddable":true,"href":"https:\/\/www.equilac.com\/fr\/wp-json\/wp\/v2\/media\/4678"}],"wp:attachment":[{"href":"https:\/\/www.equilac.com\/fr\/wp-json\/wp\/v2\/media?parent=6925"}],"wp:term":[{"taxonomy":"category","embeddable":true,"href":"https:\/\/www.equilac.com\/fr\/wp-json\/wp\/v2\/categories?post=6925"},{"taxonomy":"post_tag","embeddable":true,"href":"https:\/\/www.equilac.com\/fr\/wp-json\/wp\/v2\/tags?post=6925"}],"curies":[{"name":"wp","href":"https:\/\/api.w.org\/{rel}","templated":true}]}}