{"id":7136,"date":"2023-06-18T20:30:51","date_gmt":"2023-06-18T20:30:51","guid":{"rendered":"https:\/\/www.equilac.com\/paardenmelk-tegen-acne\/"},"modified":"2023-10-05T17:26:35","modified_gmt":"2023-10-05T17:26:35","slug":"lait-de-jument-acne","status":"publish","type":"page","link":"https:\/\/www.equilac.com\/fr\/lait-de-jument-acne\/","title":{"rendered":"Lait de jument : un traitement naturel de l&rsquo;acn\u00e9 de l&rsquo;int\u00e9rieur"},"content":{"rendered":"<p>L&rsquo;acn\u00e9 est une affection cutan\u00e9e courante causant des boutons, des points noirs et des com\u00e9dons sur votre peau. Si vous recherchez un rem\u00e8de naturel contre l&rsquo;acn\u00e9, les <a href=\"https:\/\/www.equilac.com\/fr\/produit\/gelules-de-lait-de-jument\/\">capsules de lait de jument<\/a> sont une alternative. Ces capsules s&rsquo;attaquent aux sympt\u00f4mes et aux causes de l&rsquo;acn\u00e9 de l&rsquo;int\u00e9rieur, offrant une approche compl\u00e8te pour une peau plus nette.<\/p>\n<p>Les capsules de lait de jument sont un compl\u00e9ment alimentaire qui r\u00e9duit l&rsquo;acn\u00e9 et les boutons en se concentrant sur les sympt\u00f4mes et la cause de l&rsquo;acn\u00e9. Le lait de jument contient des vitamines et des prot\u00e9ines essentielles, ce qui le rend non seulement efficace pour lutter contre l&rsquo;acn\u00e9, mais aussi b\u00e9n\u00e9fique pour <a href=\"https:\/\/www.equilac.com\/fr\/lait-de-jument-eczema\/\">soulager l&rsquo;ecz\u00e9ma<\/a> et le psoriasis.<\/p>\n<p>Ce rem\u00e8de naturel contre l&rsquo;acn\u00e9 est pratique et peut compl\u00e9ter d&rsquo;autres traitements contre l&rsquo;acn\u00e9. Prendre deux capsules quotidiennement pendant trois mois cons\u00e9cutifs peut aider \u00e0 restaurer la peau et am\u00e9liorer son \u00e9tat.<\/p>\n<p><a href=\"https:\/\/www.equilac.com\/fr\/lactoferrine\/\">La lactoferrine<\/a>, une prot\u00e9ine unique trouv\u00e9e dans le lait de jument, a montr\u00e9 des r\u00e9sultats prometteurs dans la lutte contre l&rsquo;acn\u00e9. Cet agent antibact\u00e9rien et anti-inflammatoire r\u00e9gule la production de s\u00e9bum, minimisant ainsi la probabilit\u00e9 de blocage des pores, d&rsquo;inflammation de l&rsquo;acn\u00e9 et d&rsquo;\u00e9ruptions cutan\u00e9es. Cette approche pr\u00e9vient et traite efficacement l&rsquo;acn\u00e9 de l&rsquo;int\u00e9rieur.<\/p>\n<p>Les traitements de l&rsquo;acn\u00e9 tels que les <a href=\"https:\/\/base-donnees-publique.medicaments.gouv.fr\/affichageDoc.php?specid=64168039&amp;typedoc=N\" target=\"_blank\" rel=\"nofollow noopener\">capsules d&rsquo;isotr\u00e9tino\u00efne<\/a>, les cr\u00e8mes et les gels contenant de l&rsquo;acide salicylique, du peroxyde de benzoyle ou des acides r\u00e9tino\u00efques sont-ils insuffisants? Alors, traitez l&rsquo;acn\u00e9 diff\u00e9remment, de l&rsquo;int\u00e9rieur \u00e0 la source de la condition. Contrairement aux traitements prescrits qui peuvent avoir des effets secondaires, les capsules de lait de jument offrent un moyen s\u00fbr et naturel de traiter et de pr\u00e9venir l&rsquo;acn\u00e9.<\/p>\n<p>Les capsules de lait de jument peuvent aider \u00e0 \u00e9viter une peau grasse et \u00e0 diminuer les cicatrices d&rsquo;acn\u00e9. Ce traitement de l&rsquo;acn\u00e9 pr\u00e9ventif et s\u00fbr travaille activement pour \u00e9liminer les bact\u00e9ries responsables de l&rsquo;acn\u00e9 de votre peau, conduisant \u00e0 des am\u00e9liorations notables de la sant\u00e9 de votre peau.<\/p>\n<p><a href=\"https:\/\/www.equilac.com\/fr\/lait-de-jument\/\">Le lait de jument<\/a> est une approche s\u00fbre et efficace pour traiter l&rsquo;acn\u00e9 de l&rsquo;int\u00e9rieur. Am\u00e9liorez la sant\u00e9 globale de votre peau avec des capsules de lait de jument comme traitement alternatif pour l&rsquo;acn\u00e9 vulgaire ou l&rsquo;aide aux peaux \u00e0 tendance acn\u00e9ique. Il offre une alternative \u00e0 ceux qui ont essay\u00e9 des rem\u00e8des traditionnels avec peu ou pas de succ\u00e8s.<\/p>\n","protected":false},"excerpt":{"rendered":"<p>L&rsquo;acn\u00e9 est une affection cutan\u00e9e courante causant des boutons, des points noirs et des com\u00e9dons sur votre peau. Si vous recherchez un rem\u00e8de naturel contre l&rsquo;acn\u00e9, les capsules de lait de jument sont une alternative. Ces capsules s&rsquo;attaquent aux sympt\u00f4mes et aux causes de l&rsquo;acn\u00e9 de l&rsquo;int\u00e9rieur, offrant une approche compl\u00e8te pour une peau plus [&hellip;]<\/p>\n","protected":false},"author":1,"featured_media":6020,"parent":0,"menu_order":0,"comment_status":"closed","ping_status":"closed","template":"","meta":{"_uf_show_specific_survey":0,"_uf_disable_surveys":false,"footnotes":""},"categories":[151],"tags":[183],"class_list":["post-7136","page","type-page","status-publish","has-post-thumbnail","hentry","category-problemes-de-peau","tag-related-fr"],"jetpack_sharing_enabled":true,"_links":{"self":[{"href":"https:\/\/www.equilac.com\/fr\/wp-json\/wp\/v2\/pages\/7136","targetHints":{"allow":["GET"]}}],"collection":[{"href":"https:\/\/www.equilac.com\/fr\/wp-json\/wp\/v2\/pages"}],"about":[{"href":"https:\/\/www.equilac.com\/fr\/wp-json\/wp\/v2\/types\/page"}],"author":[{"embeddable":true,"href":"https:\/\/www.equilac.com\/fr\/wp-json\/wp\/v2\/users\/1"}],"replies":[{"embeddable":true,"href":"https:\/\/www.equilac.com\/fr\/wp-json\/wp\/v2\/comments?post=7136"}],"version-history":[{"count":3,"href":"https:\/\/www.equilac.com\/fr\/wp-json\/wp\/v2\/pages\/7136\/revisions"}],"predecessor-version":[{"id":13333,"href":"https:\/\/www.equilac.com\/fr\/wp-json\/wp\/v2\/pages\/7136\/revisions\/13333"}],"wp:featuredmedia":[{"embeddable":true,"href":"https:\/\/www.equilac.com\/fr\/wp-json\/wp\/v2\/media\/6020"}],"wp:attachment":[{"href":"https:\/\/www.equilac.com\/fr\/wp-json\/wp\/v2\/media?parent=7136"}],"wp:term":[{"taxonomy":"category","embeddable":true,"href":"https:\/\/www.equilac.com\/fr\/wp-json\/wp\/v2\/categories?post=7136"},{"taxonomy":"post_tag","embeddable":true,"href":"https:\/\/www.equilac.com\/fr\/wp-json\/wp\/v2\/tags?post=7136"}],"curies":[{"name":"wp","href":"https:\/\/api.w.org\/{rel}","templated":true}]}}