{"id":7627,"date":"2023-07-02T12:36:51","date_gmt":"2023-07-02T12:36:51","guid":{"rendered":"https:\/\/www.equilac.com\/capsules-de-lait-de-jument-pour-les-problemes-de-peau\/"},"modified":"2023-10-09T06:47:38","modified_gmt":"2023-10-09T06:47:38","slug":"lait-de-jument-problemes-de-peau","status":"publish","type":"page","link":"https:\/\/www.equilac.com\/fr\/lait-de-jument-problemes-de-peau\/","title":{"rendered":"Le lait de jument traite les probl\u00e8mes de peau de l&rsquo;int\u00e9rieur"},"content":{"rendered":"\n<p>Le <a href=\"https:\/\/www.equilac.com\/fr\/lait-de-jument\/\" data-type=\"page\" data-id=\"11719\">lait de jument<\/a> peut aider comme rem\u00e8de naturel contre des probl\u00e8mes de peau tels que le psoriasis, l&rsquo;ecz\u00e9ma et l&rsquo;acn\u00e9. Ce traitement naturel est de plus en plus utilis\u00e9 pour traiter les probl\u00e8mes de peau de l&rsquo;int\u00e9rieur. Le lait de jument cible les probl\u00e8mes de peau de l&rsquo;int\u00e9rieur au lieu de masquer temporairement les sympt\u00f4mes comme le font les corticost\u00e9ro\u00efdes. Le lait de jument n&rsquo;est pas une solution temporaire et rapide, mais un traitement progressif et \u00e0 long terme vers une peau plus saine.<\/p>\n\n\n\n<p>La sant\u00e9 de votre intestin impacte significativement votre peau, connu sous le nom d&rsquo;axe intestin-peau, et c&rsquo;est ici que le lait de jument joue un r\u00f4le important dans le soulagement des probl\u00e8mes de peau de l&rsquo;int\u00e9rieur.<\/p>\n\n\n\n<p>Le lait de jument contient de la lactoferrine, une prot\u00e9ine b\u00e9n\u00e9fique pour votre flore intestinale et votre syst\u00e8me immunitaire. La lactoferrine est renomm\u00e9e pour ses propri\u00e9t\u00e9s antimicrobiennes et anti-inflammatoires. Elle contribue \u00e0 une flore intestinale saine, assurant un \u00e9quilibre des <a href=\"https:\/\/www.inserm.fr\/dossier\/microbiote-intestinal-flore-intestinale\/\" target=\"_blank\" rel=\"noreferrer noopener nofollow\">bact\u00e9ries intestinales<\/a> b\u00e9n\u00e9fiques. Un intestin \u00e9quilibr\u00e9 est essentiel pour une bonne fonction immunitaire, l&rsquo;absorption des nutriments et la pr\u00e9vention des inflammations, impactant directement la sant\u00e9 de la peau.<\/p>\n\n\n\n<p>Les <a href=\"https:\/\/www.equilac.com\/fr\/produit\/gelules-de-lait-de-jument\/\" data-type=\"product\" data-id=\"1642\">capsules de lait de jument<\/a> peuvent \u00eatre utilis\u00e9es comme traitement autonome pour les probl\u00e8mes de peau ou comme compl\u00e9ment \u00e0 d&rsquo;autres th\u00e9rapies. Utiliser le lait de jument est une option s\u00fbre et naturelle pour am\u00e9liorer votre sant\u00e9 globale et l&rsquo;\u00e9tat de votre peau de l&rsquo;int\u00e9rieur.<\/p>\n\n\n\n<p>La <a href=\"https:\/\/www.equilac.com\/fr\/composition-du-lait-de-jument\/\" data-type=\"page\" data-id=\"8134\">composition naturelle du lait de jument<\/a> minimise le risque <a href=\"https:\/\/www.equilac.com\/fr\/lait-de-jument-et-effets-secondaires-possibles\/\" data-type=\"page\" data-id=\"7774\">d&rsquo;effets secondaires<\/a>, ce qui en fait un choix appropri\u00e9 si vous pr\u00e9f\u00e9rez les rem\u00e8des naturels. Il est recommand\u00e9 de prendre des capsules de lait de jument pendant au moins trois mois pour remarquer une am\u00e9lioration de votre \u00e9tat de peau.<\/p>\n\n\n\n<p>Les exp\u00e9riences des utilisateurs avec le lait de jument ont montr\u00e9 des r\u00e9sultats positifs pour les probl\u00e8mes de peau suivants :<\/p>\n\n\n\n<h2 class=\"wp-block-heading\">Psoriasis<\/h2>\n\n\n\n<p>Les capsules de lait de jument, telles que Equilac\u00ae, peuvent aider \u00e0 soulager les sympt\u00f4mes du psoriasis, r\u00e9duisant les rougeurs, les d\u00e9mangeaisons et les desquamations. Un consid\u00e9rable 62% des utilisateurs d\u2019Equilac\u00ae remarquent une diminution des sympt\u00f4mes du psoriasis en trois mois. C\u2019est particuli\u00e8rement b\u00e9n\u00e9fique pour les utilisateurs qui ont explor\u00e9 divers traitements avec un succ\u00e8s limit\u00e9.<\/p>\n\n\n\n<p>En tant que <a href=\"https:\/\/www.equilac.com\/fr\/psoriasis\/\" data-type=\"page\" data-id=\"1432\">rem\u00e8de naturel contre le psoriasis<\/a>, les capsules de lait de jument peuvent compl\u00e9ter d&rsquo;autres traitements du psoriasis, comme les corticost\u00e9ro\u00efdes.<\/p>\n\n\n\n<h2 class=\"wp-block-heading\">Ecz\u00e9ma<\/h2>\n\n\n\n<p>Les personnes atteintes d&rsquo;ecz\u00e9ma peuvent trouver un soulagement potentiel avec les capsules de lait de jument, un <a href=\"https:\/\/www.equilac.com\/fr\/lait-de-jument-eczema\/\" data-type=\"page\" data-id=\"6925\">traitement alternatif pour l&rsquo;ecz\u00e9ma<\/a> qui adresse \u00e0 la fois les sympt\u00f4mes et les causes de l&rsquo;ecz\u00e9ma de l&rsquo;int\u00e9rieur. Les bienfaits anti-inflammatoires du lait de jument combattent efficacement diff\u00e9rents types d&rsquo;ecz\u00e9ma, y compris l\u2019ecz\u00e9ma s\u00e9borrh\u00e9ique et nummulaire. L\u2019utilisation \u00e0 long terme des capsules de lait de jument permet \u00e0 votre peau, corps et syst\u00e8me immunitaire de s\u2019ajuster, menant \u00e0 la diminution des sympt\u00f4mes d&rsquo;ecz\u00e9ma.<\/p>\n\n\n\n<h2 class=\"wp-block-heading\">Acn\u00e9<\/h2>\n\n\n\n<p>Le lait de jument offre une m\u00e9thode s\u00fbre et efficace pour <a href=\"https:\/\/www.equilac.com\/fr\/lait-de-jument-acne\/\" data-type=\"page\" data-id=\"7136\">combattre l\u2019acn\u00e9 de l\u2019int\u00e9rieur<\/a>, un probl\u00e8me de peau pr\u00e9valent marqu\u00e9 par des boutons, points noirs et com\u00e9dons. Les capsules de lait de jument sont une solution naturelle et alternative pour l\u2019acn\u00e9, ciblant ses sympt\u00f4mes et ses causes profondes. Ce compl\u00e9ment alimentaire aide \u00e0 r\u00e9duire l\u2019acn\u00e9 et les boutons pour une peau plus nette. En tant que rem\u00e8de naturel de l\u2019int\u00e9rieur, les capsules de lait de jument peuvent compl\u00e9ter d&rsquo;autres traitements contre l\u2019acn\u00e9 pour des r\u00e9sultats optimaux.<\/p>\n","protected":false},"excerpt":{"rendered":"<p>Le lait de jument peut aider comme rem\u00e8de naturel contre des probl\u00e8mes de peau tels que le psoriasis, l&rsquo;ecz\u00e9ma et l&rsquo;acn\u00e9. Ce traitement naturel est de plus en plus utilis\u00e9 pour traiter les probl\u00e8mes de peau de l&rsquo;int\u00e9rieur. Le lait de jument cible les probl\u00e8mes de peau de l&rsquo;int\u00e9rieur au lieu de masquer temporairement les [&hellip;]<\/p>\n","protected":false},"author":1,"featured_media":4678,"parent":0,"menu_order":0,"comment_status":"closed","ping_status":"closed","template":"","meta":{"_uf_show_specific_survey":0,"_uf_disable_surveys":false,"footnotes":""},"categories":[151],"tags":[183],"class_list":["post-7627","page","type-page","status-publish","has-post-thumbnail","hentry","category-problemes-de-peau","tag-related-fr"],"jetpack_sharing_enabled":true,"_links":{"self":[{"href":"https:\/\/www.equilac.com\/fr\/wp-json\/wp\/v2\/pages\/7627","targetHints":{"allow":["GET"]}}],"collection":[{"href":"https:\/\/www.equilac.com\/fr\/wp-json\/wp\/v2\/pages"}],"about":[{"href":"https:\/\/www.equilac.com\/fr\/wp-json\/wp\/v2\/types\/page"}],"author":[{"embeddable":true,"href":"https:\/\/www.equilac.com\/fr\/wp-json\/wp\/v2\/users\/1"}],"replies":[{"embeddable":true,"href":"https:\/\/www.equilac.com\/fr\/wp-json\/wp\/v2\/comments?post=7627"}],"version-history":[{"count":2,"href":"https:\/\/www.equilac.com\/fr\/wp-json\/wp\/v2\/pages\/7627\/revisions"}],"predecessor-version":[{"id":13396,"href":"https:\/\/www.equilac.com\/fr\/wp-json\/wp\/v2\/pages\/7627\/revisions\/13396"}],"wp:featuredmedia":[{"embeddable":true,"href":"https:\/\/www.equilac.com\/fr\/wp-json\/wp\/v2\/media\/4678"}],"wp:attachment":[{"href":"https:\/\/www.equilac.com\/fr\/wp-json\/wp\/v2\/media?parent=7627"}],"wp:term":[{"taxonomy":"category","embeddable":true,"href":"https:\/\/www.equilac.com\/fr\/wp-json\/wp\/v2\/categories?post=7627"},{"taxonomy":"post_tag","embeddable":true,"href":"https:\/\/www.equilac.com\/fr\/wp-json\/wp\/v2\/tags?post=7627"}],"curies":[{"name":"wp","href":"https:\/\/api.w.org\/{rel}","templated":true}]}}