{"id":7650,"date":"2023-08-01T19:04:01","date_gmt":"2023-08-01T19:04:01","guid":{"rendered":"https:\/\/www.equilac.com\/paardenmelk-darmflora\/"},"modified":"2023-10-06T14:39:18","modified_gmt":"2023-10-06T14:39:18","slug":"lait-de-jument-favorise-la-flore-intestinale","status":"publish","type":"page","link":"https:\/\/www.equilac.com\/fr\/lait-de-jument-favorise-la-flore-intestinale\/","title":{"rendered":"Le lait de jument favorise la flore intestinale"},"content":{"rendered":"<p><a href=\"https:\/\/www.equilac.com\/fr\/lait-de-jument\/\">Le lait de jument<\/a> favorise la flore intestinale en agissant comme un probiotique naturel. Il aide \u00e0 maintenir un \u00e9quilibre sain entre les bonnes et les mauvaises bact\u00e9ries dans l\u2019intestin, ce qui est essentiel pour une digestion, une absorption des nutriments et une sant\u00e9 globale optimales.<\/p>\n<p>Le lait de jument regorge de bact\u00e9ries b\u00e9n\u00e9fiques, ce qui en fait un puissant probiotique naturel. Ces bact\u00e9ries contribuent \u00e0 la sant\u00e9 de votre flore intestinale, \u00e9galement appel\u00e9e microbiome intestinal. Un microbiome intestinal \u00e9quilibr\u00e9 est essentiel au bon fonctionnement du syst\u00e8me digestif, \u00e0 une absorption efficace des nutriments et \u00e0 un <a href=\"https:\/\/www.equilac.com\/fr\/le-lait-de-jument-et-le-systeme-immunitaire\/\">syst\u00e8me immunitaire fort<\/a>.<\/p>\n<p>Si votre flore intestinale est d\u00e9s\u00e9quilibr\u00e9e \u00e0 cause d\u2019une maladie ou de la prise d\u2019antibiotiques, vous pourriez rencontrer des probl\u00e8mes digestifs comme de la diarrh\u00e9e, de la constipation et des ballonnements. Le lait de jument peut aider \u00e0 r\u00e9tablir cet \u00e9quilibre en reconstituant les bonnes bact\u00e9ries et en aidant \u00e0 l&rsquo;\u00e9limination des d\u00e9chets. La lactoferrine, une prot\u00e9ine pr\u00e9sente dans le lait de jument, renforce encore ses bienfaits en offrant des propri\u00e9t\u00e9s anti-inflammatoires et antimicrobiennes qui combattent les bact\u00e9ries nocives.<\/p>\n<p>Les effets positifs du lait de jument s\u2019\u00e9tendent au-del\u00e0 de l\u2019intestin. Il existe une relation directe entre la sant\u00e9 de votre flore intestinale et l\u2019\u00e9tat de votre peau, commun\u00e9ment appel\u00e9e axe intestin-peau. Une flore intestinale d\u00e9s\u00e9quilibr\u00e9e peut entra\u00eener des probl\u00e8mes de peau tels que l\u2019ecz\u00e9ma, le psoriasis et l\u2019acn\u00e9. Le lait de jument agit de l\u2019int\u00e9rieur pour am\u00e9liorer la sant\u00e9 intestinale et l\u2019\u00e9tat de la peau.<\/p>\n<p>Pour des bienfaits durables sur la sant\u00e9 intestinale et cutan\u00e9e, il est conseill\u00e9 d\u2019utiliser des <a href=\"https:\/\/www.equilac.com\/fr\/produit\/gelules-de-lait-de-jument\/\">g\u00e9lules de lait de jument<\/a> pendant au moins trois mois cons\u00e9cutifs. Ces capsules facilitent l&rsquo;int\u00e9gration du lait de jument dans votre r\u00e9gime de sant\u00e9 quotidien.<\/p>\n<p>Le lait de jument agit de l\u2019int\u00e9rieur pour am\u00e9liorer la flore intestinale, renforcer le syst\u00e8me immunitaire et favoriser le bien-\u00eatre g\u00e9n\u00e9ral. Ses propri\u00e9t\u00e9s uniques en font une excellente solution naturelle \u00e0 divers probl\u00e8mes de sant\u00e9, des troubles digestifs aux <a href=\"https:\/\/www.equilac.com\/fr\/lait-de-jument-problemes-de-peau\/\">probl\u00e8mes de peau<\/a>. En favorisant une flore intestinale saine, le lait de jument contribue \u00e0 la d\u00e9gradation et \u00e0 l\u2019absorption efficaces des nutriments, permettant ainsi \u00e0 l\u2019organisme de mieux fonctionner.<\/p>\n","protected":false},"excerpt":{"rendered":"<p>Le lait de jument favorise la flore intestinale en agissant comme un probiotique naturel. Il aide \u00e0 maintenir un \u00e9quilibre sain entre les bonnes et les mauvaises bact\u00e9ries dans l\u2019intestin, ce qui est essentiel pour une digestion, une absorption des nutriments et une sant\u00e9 globale optimales. Le lait de jument regorge de bact\u00e9ries b\u00e9n\u00e9fiques, ce [&hellip;]<\/p>\n","protected":false},"author":1,"featured_media":6192,"parent":0,"menu_order":0,"comment_status":"closed","ping_status":"closed","template":"","meta":{"_uf_show_specific_survey":0,"_uf_disable_surveys":false,"footnotes":""},"categories":[150],"tags":[183],"class_list":["post-7650","page","type-page","status-publish","has-post-thumbnail","hentry","category-flore-intestinale","tag-related-fr"],"jetpack_sharing_enabled":true,"_links":{"self":[{"href":"https:\/\/www.equilac.com\/fr\/wp-json\/wp\/v2\/pages\/7650","targetHints":{"allow":["GET"]}}],"collection":[{"href":"https:\/\/www.equilac.com\/fr\/wp-json\/wp\/v2\/pages"}],"about":[{"href":"https:\/\/www.equilac.com\/fr\/wp-json\/wp\/v2\/types\/page"}],"author":[{"embeddable":true,"href":"https:\/\/www.equilac.com\/fr\/wp-json\/wp\/v2\/users\/1"}],"replies":[{"embeddable":true,"href":"https:\/\/www.equilac.com\/fr\/wp-json\/wp\/v2\/comments?post=7650"}],"version-history":[{"count":1,"href":"https:\/\/www.equilac.com\/fr\/wp-json\/wp\/v2\/pages\/7650\/revisions"}],"predecessor-version":[{"id":13381,"href":"https:\/\/www.equilac.com\/fr\/wp-json\/wp\/v2\/pages\/7650\/revisions\/13381"}],"wp:featuredmedia":[{"embeddable":true,"href":"https:\/\/www.equilac.com\/fr\/wp-json\/wp\/v2\/media\/6192"}],"wp:attachment":[{"href":"https:\/\/www.equilac.com\/fr\/wp-json\/wp\/v2\/media?parent=7650"}],"wp:term":[{"taxonomy":"category","embeddable":true,"href":"https:\/\/www.equilac.com\/fr\/wp-json\/wp\/v2\/categories?post=7650"},{"taxonomy":"post_tag","embeddable":true,"href":"https:\/\/www.equilac.com\/fr\/wp-json\/wp\/v2\/tags?post=7650"}],"curies":[{"name":"wp","href":"https:\/\/api.w.org\/{rel}","templated":true}]}}