{"id":7774,"date":"2023-06-27T04:03:08","date_gmt":"2023-06-27T04:03:08","guid":{"rendered":"https:\/\/www.equilac.com\/paardenmelk-bijwerkingen\/"},"modified":"2023-09-13T14:36:35","modified_gmt":"2023-09-13T14:36:35","slug":"lait-de-jument-et-effets-secondaires-possibles","status":"publish","type":"page","link":"https:\/\/www.equilac.com\/fr\/lait-de-jument-et-effets-secondaires-possibles\/","title":{"rendered":"Le lait de jument est-il s\u00fbr ? Inconv\u00e9nients et effets secondaires expliqu\u00e9s"},"content":{"rendered":"<p>Pour certains utilisateurs, les plaintes peuvent s&rsquo;aggraver au cours du premier mois suivant le d\u00e9but du <a href=\"https:\/\/www.equilac.com\/fr\/\">lait de jument<\/a>. De plus, le lait de jument contient du lactose, ce qui peut \u00eatre un probl\u00e8me pour les personnes allergiques au lactose. Il est \u00e9galement d\u00e9conseill\u00e9 pendant la grossesse.<\/p>\n<p>Le lait de jument est g\u00e9n\u00e9ralement sans danger, mais malgr\u00e9 les bienfaits du lait de jument pour la sant\u00e9, il est important de conna\u00eetre les effets secondaires et les inconv\u00e9nients possibles.<\/p>\n<p>En cas d&rsquo;intol\u00e9rance au lactose, il est important de consulter un m\u00e9decin avant de commencer le lait de jument. Il est \u00e9galement possible que vos plaintes s&rsquo;aggravent temporairement parce que votre corps r\u00e9agit \u00e0 l&rsquo;absorption de nouvelles substances. Ceci est souvent temporaire et signifie que le corps est occup\u00e9 \u00e0 \u00e9liminer les d\u00e9chets.<\/p>\n<p>Il est \u00e9galement d\u00e9conseill\u00e9 d&rsquo;utiliser du lait de jument si vous \u00eates allergique aux chevaux. Dans ce cas, des r\u00e9actions allergiques graves peuvent survenir, ne faisant qu&rsquo;aggraver la situation. Si vous avez une allergie au cheval, il est crucial d&rsquo;envisager des traitements alternatifs et de consulter un expert pour des conseils personnalis\u00e9s.<\/p>\n<p><strong>Vous voulez en savoir plus sur le lait de jument ?<\/strong><\/p>\n<ul>\n<li><a href=\"https:\/\/www.equilac.com\/fr\/lait-de-jument-et-lactose\/\">Le lait de jument est-il sans lactose<\/a><\/li>\n<li><a href=\"https:\/\/www.equilac.com\/fr\/composition-du-lait-de-jument\/\">Que contient le lait de jument<\/a><\/li>\n<\/ul>\n<p>Le point important est que le lait de jument a besoin d&rsquo;un certain temps pour \u00eatre efficace. Certains utilisateurs pensent que le lait de jument ne fonctionne pas car ils doivent l&rsquo;essayer plus longtemps. La p\u00e9riode de prise recommand\u00e9e est g\u00e9n\u00e9ralement de trois mois, pendant lesquels il est recommand\u00e9 de prendre deux g\u00e9lules par jour. Si vous faites cela, vous serez peut-\u00eatre satisfait des r\u00e9sultats.<\/p>\n<p>Le lait de jument agit de l&rsquo;int\u00e9rieur et peut soulager diverses plaintes. Cependant, choisir une capsule de lait de jument de haute qualit\u00e9 est essentiel. Il existe de nombreux types diff\u00e9rents sur le march\u00e9, et tous ne contiennent pas une forte dose de poudre de lait de jument concentr\u00e9e.<\/p>\n","protected":false},"excerpt":{"rendered":"<p>Pour certains utilisateurs, les plaintes peuvent s&rsquo;aggraver au cours du premier mois suivant le d\u00e9but du lait de jument. De plus, le lait de jument contient du lactose, ce qui peut \u00eatre un probl\u00e8me pour les personnes allergiques au lactose. Il est \u00e9galement d\u00e9conseill\u00e9 pendant la grossesse. Le lait de jument est g\u00e9n\u00e9ralement sans danger, [&hellip;]<\/p>\n","protected":false},"author":1,"featured_media":1236,"parent":0,"menu_order":0,"comment_status":"closed","ping_status":"closed","template":"","meta":{"_uf_show_specific_survey":0,"_uf_disable_surveys":false,"footnotes":""},"categories":[221],"tags":[183],"class_list":["post-7774","page","type-page","status-publish","has-post-thumbnail","hentry","category-gebruik","tag-related-fr"],"jetpack_sharing_enabled":true,"_links":{"self":[{"href":"https:\/\/www.equilac.com\/fr\/wp-json\/wp\/v2\/pages\/7774","targetHints":{"allow":["GET"]}}],"collection":[{"href":"https:\/\/www.equilac.com\/fr\/wp-json\/wp\/v2\/pages"}],"about":[{"href":"https:\/\/www.equilac.com\/fr\/wp-json\/wp\/v2\/types\/page"}],"author":[{"embeddable":true,"href":"https:\/\/www.equilac.com\/fr\/wp-json\/wp\/v2\/users\/1"}],"replies":[{"embeddable":true,"href":"https:\/\/www.equilac.com\/fr\/wp-json\/wp\/v2\/comments?post=7774"}],"version-history":[{"count":0,"href":"https:\/\/www.equilac.com\/fr\/wp-json\/wp\/v2\/pages\/7774\/revisions"}],"wp:featuredmedia":[{"embeddable":true,"href":"https:\/\/www.equilac.com\/fr\/wp-json\/wp\/v2\/media\/1236"}],"wp:attachment":[{"href":"https:\/\/www.equilac.com\/fr\/wp-json\/wp\/v2\/media?parent=7774"}],"wp:term":[{"taxonomy":"category","embeddable":true,"href":"https:\/\/www.equilac.com\/fr\/wp-json\/wp\/v2\/categories?post=7774"},{"taxonomy":"post_tag","embeddable":true,"href":"https:\/\/www.equilac.com\/fr\/wp-json\/wp\/v2\/tags?post=7774"}],"curies":[{"name":"wp","href":"https:\/\/api.w.org\/{rel}","templated":true}]}}