{"id":8065,"date":"2023-06-11T17:42:01","date_gmt":"2023-06-11T17:42:01","guid":{"rendered":"https:\/\/www.equilac.com\/comment-est-fabrique-le-lait-de-jument\/"},"modified":"2023-09-26T09:57:34","modified_gmt":"2023-09-26T09:57:34","slug":"comment-est-fabrique-le-lait-de-jument","status":"publish","type":"page","link":"https:\/\/www.equilac.com\/fr\/comment-est-fabrique-le-lait-de-jument\/","title":{"rendered":"Comment est fabriqu\u00e9 le lait de jument ?"},"content":{"rendered":"<p>Le lait de jument est produit dans des fermes sp\u00e9cialis\u00e9es appel\u00e9es laiteries pour chevaux. Apr\u00e8s la naissance du poulain, la jument reste avec le poulain pendant deux mois pour lui apporter une nutrition suffisante. Pass\u00e9 ce d\u00e9lai, la jument est s\u00e9par\u00e9e quotidiennement de son poulain pendant quelques heures pour \u00eatre traite.<\/p>\n<p>La production de lait de jument est un processus minutieux et respectueux des animaux avec des machines \u00e0 lait sp\u00e9ciales adapt\u00e9es au pis de la jument. La traite de la jument a lieu 2 \u00e0 5 fois par jour, avec des pauses allant jusqu&rsquo;\u00e0 trois heures entre les s\u00e9ances de traite. Ces machines sont conformes aux r\u00e9glementations internationales d&rsquo;hygi\u00e8ne pour garantir la qualit\u00e9 du lait.<\/p>\n<p>Apr\u00e8s la traite, le lait cru de jument est refroidi \u00e0 3\u00b0 Celsius ou congel\u00e9 le plus rapidement possible pour pr\u00e9server sa fra\u00eecheur. Si n\u00e9cessaire, le lait frais peut \u00eatre transform\u00e9 en poudre de lait de jument et transform\u00e9 en capsules.<\/p>\n<p>Selon la race de la jument, jusqu&rsquo;\u00e0 10 litres de lait de jument sont produits par jour, et environ deux litres de lait de jument sont conserv\u00e9s pour la consommation humaine ; cela garantit que les poulains en croissance sont toujours suffisamment nourris.<\/p>\n<p>La p\u00e9riode de s\u00e9paration permet aux poulains de manger des aliments pour poulains et du foin et de jouer entre eux, ce qui aide \u00e0 leur d\u00e9veloppement ult\u00e9rieur.<\/p>\n","protected":false},"excerpt":{"rendered":"<p>Le lait de jument est produit dans des fermes sp\u00e9cialis\u00e9es appel\u00e9es laiteries pour chevaux. Apr\u00e8s la naissance du poulain, la jument reste avec le poulain pendant deux mois pour lui apporter une nutrition suffisante. Pass\u00e9 ce d\u00e9lai, la jument est s\u00e9par\u00e9e quotidiennement de son poulain pendant quelques heures pour \u00eatre traite. La production de lait [&hellip;]<\/p>\n","protected":false},"author":1,"featured_media":1243,"parent":0,"menu_order":0,"comment_status":"closed","ping_status":"closed","template":"","meta":{"_uf_show_specific_survey":0,"_uf_disable_surveys":false,"footnotes":""},"categories":[229],"tags":[183],"class_list":["post-8065","page","type-page","status-publish","has-post-thumbnail","hentry","category-informatie","tag-related-fr"],"jetpack_sharing_enabled":true,"_links":{"self":[{"href":"https:\/\/www.equilac.com\/fr\/wp-json\/wp\/v2\/pages\/8065","targetHints":{"allow":["GET"]}}],"collection":[{"href":"https:\/\/www.equilac.com\/fr\/wp-json\/wp\/v2\/pages"}],"about":[{"href":"https:\/\/www.equilac.com\/fr\/wp-json\/wp\/v2\/types\/page"}],"author":[{"embeddable":true,"href":"https:\/\/www.equilac.com\/fr\/wp-json\/wp\/v2\/users\/1"}],"replies":[{"embeddable":true,"href":"https:\/\/www.equilac.com\/fr\/wp-json\/wp\/v2\/comments?post=8065"}],"version-history":[{"count":1,"href":"https:\/\/www.equilac.com\/fr\/wp-json\/wp\/v2\/pages\/8065\/revisions"}],"predecessor-version":[{"id":12229,"href":"https:\/\/www.equilac.com\/fr\/wp-json\/wp\/v2\/pages\/8065\/revisions\/12229"}],"wp:featuredmedia":[{"embeddable":true,"href":"https:\/\/www.equilac.com\/fr\/wp-json\/wp\/v2\/media\/1243"}],"wp:attachment":[{"href":"https:\/\/www.equilac.com\/fr\/wp-json\/wp\/v2\/media?parent=8065"}],"wp:term":[{"taxonomy":"category","embeddable":true,"href":"https:\/\/www.equilac.com\/fr\/wp-json\/wp\/v2\/categories?post=8065"},{"taxonomy":"post_tag","embeddable":true,"href":"https:\/\/www.equilac.com\/fr\/wp-json\/wp\/v2\/tags?post=8065"}],"curies":[{"name":"wp","href":"https:\/\/api.w.org\/{rel}","templated":true}]}}