{"id":8084,"date":"2023-08-02T09:01:31","date_gmt":"2023-08-02T09:01:31","guid":{"rendered":"https:\/\/www.equilac.com\/le-lait-de-jument-et-le-systeme-immunitaire\/"},"modified":"2023-10-06T14:23:02","modified_gmt":"2023-10-06T14:23:02","slug":"le-lait-de-jument-et-le-systeme-immunitaire","status":"publish","type":"page","link":"https:\/\/www.equilac.com\/fr\/le-lait-de-jument-et-le-systeme-immunitaire\/","title":{"rendered":"Le lait de jument et le syst\u00e8me immunitaire"},"content":{"rendered":"<p>Le lait de jument peut renforcer votre syst\u00e8me immunitaire et vous rendre moins susceptible de tomber malade. Un syst\u00e8me de d\u00e9fense solide est vital pour votre sant\u00e9 car il aide \u00e0 combattre les germes nocifs comme les virus et les bact\u00e9ries. Le lait de jument y parvient en aidant \u00e0 garder votre intestin en bonne sant\u00e9. Un <a href=\"https:\/\/www.equilac.com\/fr\/lait-de-jument-favorise-la-flore-intestinale\/\">intestin sain<\/a> \u00e9limine les d\u00e9chets de votre corps et am\u00e9liore votre r\u00e9sistance.<\/p>\n<p>La lactoferrine est l\u2019un des \u00e9l\u00e9ments cl\u00e9s du lait de jument qui aide votre syst\u00e8me immunitaire. En plus d\u2019aider votre syst\u00e8me immunitaire, la lactoferrine est \u00e9galement bonne pour votre peau. Cela pourrait \u00eatre particuli\u00e8rement utile pour les probl\u00e8mes de peau comme l\u2019ecz\u00e9ma ou l\u2019acn\u00e9.<\/p>\n<p>Parfois, le stress, une mauvaise alimentation, un sommeil insuffisant ou la prise de certains m\u00e9dicaments peuvent affaiblir votre syst\u00e8me immunitaire. Il est ainsi plus facile pour vous de tomber malade. Si vous \u00eates confront\u00e9 \u00e0 ce probl\u00e8me, le lait de jument peut aider \u00e0 renforcer votre syst\u00e8me immunitaire.<\/p>\n<p>Les utilisateurs de g\u00e9lules de lait de jument d\u00e9clarent se sentir plus vitaux et mieux r\u00e9sister aux maladies. Si vous essayez des g\u00e9lules de lait de jument, en prendre deux par jour pendant trois mois est ce que la plupart des gens recommandent pour obtenir les meilleurs r\u00e9sultats.<\/p>\n<p>Mais il ne suffit pas de prendre soin de sa sant\u00e9 de l\u2019ext\u00e9rieur ; vous devez \u00e9galement renforcer votre corps de l\u2019int\u00e9rieur. <a href=\"https:\/\/www.equilac.com\/fr\/\">Le lait de jument<\/a> peut \u00eatre d&rsquo;une grande aide pour y parvenir. Que vous buviez du lait de jument frais ou que vous le preniez sous forme de g\u00e9lules, il peut vous aider \u00e0 devenir plus r\u00e9sistant aux maladies, \u00e0 renforcer votre syst\u00e8me immunitaire et \u00e0 soutenir la capacit\u00e9 de r\u00e9g\u00e9n\u00e9ration de votre peau.<\/p>\n","protected":false},"excerpt":{"rendered":"<p>Le lait de jument peut renforcer votre syst\u00e8me immunitaire et vous rendre moins susceptible de tomber malade. Un syst\u00e8me de d\u00e9fense solide est vital pour votre sant\u00e9 car il aide \u00e0 combattre les germes nocifs comme les virus et les bact\u00e9ries. Le lait de jument y parvient en aidant \u00e0 garder votre intestin en bonne [&hellip;]<\/p>\n","protected":false},"author":1,"featured_media":6252,"parent":0,"menu_order":0,"comment_status":"closed","ping_status":"closed","template":"","meta":{"_uf_show_specific_survey":0,"_uf_disable_surveys":false,"footnotes":""},"categories":[149],"tags":[183],"class_list":["post-8084","page","type-page","status-publish","has-post-thumbnail","hentry","category-systeme-immunitaire","tag-related-fr"],"jetpack_sharing_enabled":true,"_links":{"self":[{"href":"https:\/\/www.equilac.com\/fr\/wp-json\/wp\/v2\/pages\/8084","targetHints":{"allow":["GET"]}}],"collection":[{"href":"https:\/\/www.equilac.com\/fr\/wp-json\/wp\/v2\/pages"}],"about":[{"href":"https:\/\/www.equilac.com\/fr\/wp-json\/wp\/v2\/types\/page"}],"author":[{"embeddable":true,"href":"https:\/\/www.equilac.com\/fr\/wp-json\/wp\/v2\/users\/1"}],"replies":[{"embeddable":true,"href":"https:\/\/www.equilac.com\/fr\/wp-json\/wp\/v2\/comments?post=8084"}],"version-history":[{"count":1,"href":"https:\/\/www.equilac.com\/fr\/wp-json\/wp\/v2\/pages\/8084\/revisions"}],"predecessor-version":[{"id":13366,"href":"https:\/\/www.equilac.com\/fr\/wp-json\/wp\/v2\/pages\/8084\/revisions\/13366"}],"wp:featuredmedia":[{"embeddable":true,"href":"https:\/\/www.equilac.com\/fr\/wp-json\/wp\/v2\/media\/6252"}],"wp:attachment":[{"href":"https:\/\/www.equilac.com\/fr\/wp-json\/wp\/v2\/media?parent=8084"}],"wp:term":[{"taxonomy":"category","embeddable":true,"href":"https:\/\/www.equilac.com\/fr\/wp-json\/wp\/v2\/categories?post=8084"},{"taxonomy":"post_tag","embeddable":true,"href":"https:\/\/www.equilac.com\/fr\/wp-json\/wp\/v2\/tags?post=8084"}],"curies":[{"name":"wp","href":"https:\/\/api.w.org\/{rel}","templated":true}]}}