{"id":8115,"date":"2023-07-02T12:14:03","date_gmt":"2023-07-02T12:14:03","guid":{"rendered":"https:\/\/www.equilac.com\/comment-fonctionne-le-lait-de-jument\/"},"modified":"2023-10-09T07:04:20","modified_gmt":"2023-10-09T07:04:20","slug":"comment-fonctionne-le-lait-de-jument","status":"publish","type":"page","link":"https:\/\/www.equilac.com\/fr\/comment-fonctionne-le-lait-de-jument\/","title":{"rendered":"Comment fonctionne le lait de jument\u00a0: pourquoi est-il si sain\u00a0?"},"content":{"rendered":"<p>Le <a href=\"https:\/\/www.equilac.com\/fr\/lait-de-jument\/\">lait de jument<\/a> agit de l\u2019int\u00e9rieur pour soutenir une flore intestinale saine et renforcer le syst\u00e8me immunitaire. Ces bienfaits font du lait de jument un rem\u00e8de naturel remarquable pour de nombreux probl\u00e8mes de sant\u00e9. La promotion de bonnes bact\u00e9ries dans le tube digestif aide \u00e0 d\u00e9composer les aliments en composants facilement absorbables qui alimentent chaque partie de votre corps.<\/p>\n<p>Riche en nutriments essentiels comme l&rsquo;\u00e9nergie, le fer, les vitamines et les oligo-\u00e9l\u00e9ments, le lait de jument partage une composition unique similaire au lait maternel mais avec une faible teneur en mati\u00e8res grasses, ce qui le rend plus tol\u00e9rable que le lait de vache.<\/p>\n<p>La lactoferrine est l\u2019un des ingr\u00e9dients cl\u00e9s du lait de jument qui le rend si efficace. Ce composant est connu pour renforcer le syst\u00e8me immunitaire et am\u00e9liorer la sant\u00e9 de la peau. Lorsque votre syst\u00e8me immunitaire est robuste, votre corps est mieux \u00e9quip\u00e9 pour repousser les bact\u00e9ries et virus nocifs. La lactoferrine contribue \u00e9galement \u00e0 la d\u00e9toxification en filtrant les d\u00e9chets et les toxines.<\/p>\n<p>Pour ceux qui souffrent de probl\u00e8mes digestifs, une flore intestinale perturb\u00e9e peut \u00eatre \u00e0 l\u2019origine du probl\u00e8me. Les bact\u00e9ries nocives pr\u00e9sentes dans votre intestin peuvent produire des d\u00e9chets qui finissent par p\u00e9n\u00e9trer dans votre circulation sanguine. Au fil du temps, cela peut constituer un fardeau pour des organes comme le foie et les reins, entra\u00eenant divers probl\u00e8mes de sant\u00e9. En r\u00e9tablissant un environnement intestinal sain, le lait de jument favorise l&rsquo;\u00e9limination efficace des d\u00e9chets et des toxines.<\/p>\n<p>Si vous souhaitez d\u00e9couvrir les bienfaits du lait de jument, les <a href=\"https:\/\/www.equilac.com\/fr\/produit\/gelules-de-lait-de-jument\/\">capsules Equilac<\/a> offrent une forme de consommation simple et pratique. Pour des r\u00e9sultats optimaux, il est recommand\u00e9 de prendre deux g\u00e9lules par jour pendant une p\u00e9riode cons\u00e9cutive de trois mois.<\/p>\n<p>Que vous souhaitiez am\u00e9liorer votre peau, am\u00e9liorer votre sant\u00e9 digestive ou renforcer votre syst\u00e8me immunitaire, le lait de jument offre une approche holistique du bien-\u00eatre qui agit de l&rsquo;int\u00e9rieur. Ce compl\u00e9ment alimentaire naturel s&rsquo;attaque aux sympt\u00f4mes et \u00e0 la cause profonde des probl\u00e8mes de sant\u00e9, ce qui en fait un ajout pr\u00e9cieux \u00e0 votre sant\u00e9 globale.<\/p>\n","protected":false},"excerpt":{"rendered":"<p>Le lait de jument agit de l\u2019int\u00e9rieur pour soutenir une flore intestinale saine et renforcer le syst\u00e8me immunitaire. Ces bienfaits font du lait de jument un rem\u00e8de naturel remarquable pour de nombreux probl\u00e8mes de sant\u00e9. La promotion de bonnes bact\u00e9ries dans le tube digestif aide \u00e0 d\u00e9composer les aliments en composants facilement absorbables qui alimentent [&hellip;]<\/p>\n","protected":false},"author":1,"featured_media":1257,"parent":0,"menu_order":0,"comment_status":"closed","ping_status":"closed","template":"","meta":{"_uf_show_specific_survey":0,"_uf_disable_surveys":false,"footnotes":""},"categories":[205,146],"tags":[183],"class_list":["post-8115","page","type-page","status-publish","has-post-thumbnail","hentry","category-gezondheid","category-darmflora","tag-related-fr"],"jetpack_sharing_enabled":true,"_links":{"self":[{"href":"https:\/\/www.equilac.com\/fr\/wp-json\/wp\/v2\/pages\/8115","targetHints":{"allow":["GET"]}}],"collection":[{"href":"https:\/\/www.equilac.com\/fr\/wp-json\/wp\/v2\/pages"}],"about":[{"href":"https:\/\/www.equilac.com\/fr\/wp-json\/wp\/v2\/types\/page"}],"author":[{"embeddable":true,"href":"https:\/\/www.equilac.com\/fr\/wp-json\/wp\/v2\/users\/1"}],"replies":[{"embeddable":true,"href":"https:\/\/www.equilac.com\/fr\/wp-json\/wp\/v2\/comments?post=8115"}],"version-history":[{"count":1,"href":"https:\/\/www.equilac.com\/fr\/wp-json\/wp\/v2\/pages\/8115\/revisions"}],"predecessor-version":[{"id":13407,"href":"https:\/\/www.equilac.com\/fr\/wp-json\/wp\/v2\/pages\/8115\/revisions\/13407"}],"wp:featuredmedia":[{"embeddable":true,"href":"https:\/\/www.equilac.com\/fr\/wp-json\/wp\/v2\/media\/1257"}],"wp:attachment":[{"href":"https:\/\/www.equilac.com\/fr\/wp-json\/wp\/v2\/media?parent=8115"}],"wp:term":[{"taxonomy":"category","embeddable":true,"href":"https:\/\/www.equilac.com\/fr\/wp-json\/wp\/v2\/categories?post=8115"},{"taxonomy":"post_tag","embeddable":true,"href":"https:\/\/www.equilac.com\/fr\/wp-json\/wp\/v2\/tags?post=8115"}],"curies":[{"name":"wp","href":"https:\/\/api.w.org\/{rel}","templated":true}]}}