{"id":8134,"date":"2023-07-02T12:28:44","date_gmt":"2023-07-02T12:28:44","guid":{"rendered":"https:\/\/www.equilac.com\/composition-du-lait-de-jument\/"},"modified":"2023-10-10T17:47:34","modified_gmt":"2023-10-10T17:47:34","slug":"composition-du-lait-de-jument","status":"publish","type":"page","link":"https:\/\/www.equilac.com\/fr\/composition-du-lait-de-jument\/","title":{"rendered":"Valeur nutritive du lait de jument"},"content":{"rendered":"<p>La composition du <a href=\"https:\/\/www.equilac.com\/fr\/lait-de-jument\/\">lait de jument<\/a> est unique, offrant de nombreux avantages. Il est remarquablement similaire au lait maternel et constitue une source pr\u00e9cieuse de vitamines, de min\u00e9raux et d&rsquo;oligo-\u00e9l\u00e9ments. Il contient des niveaux \u00e9lev\u00e9s de fer et de prot\u00e9ines de lactos\u00e9rum, ce qui facilite l&rsquo;absorption et la digestion. De plus, le <a href=\"https:\/\/www.equilac.com\/fr\/lactoferrine\/\">lait de jument contient de la lactoferrine<\/a>, qui soutient le syst\u00e8me immunitaire.<\/p>\n<p><strong>Composition du lait de jument pour 100ml:<\/strong><\/p>\n<table border=\"1\">\n<thead>\n<tr>\n<th>Composant<\/th>\n<th>Composition<\/th>\n<\/tr>\n<\/thead>\n<tbody><!-- Composition g\u00e9n\u00e9rale --><\/p>\n<tr>\n<td colspan=\"2\"><strong>Composition g\u00e9n\u00e9rale<\/strong><\/td>\n<\/tr>\n<tr>\n<td>Eau<\/td>\n<td>91,05 \u2013 91,27%<\/td>\n<\/tr>\n<tr>\n<td>Mati\u00e8res s\u00e8ches<\/td>\n<td>9,73 \u2013 9,95%<\/td>\n<\/tr>\n<tr>\n<td>Graisses<\/td>\n<td>0,65 \u2013 1,25%<\/td>\n<\/tr>\n<tr>\n<td>Acides gras polyinsatur\u00e9s<\/td>\n<td>18,7 \u2013 25,5%<\/td>\n<\/tr>\n<tr>\n<td>Prot\u00e9ines totales<\/td>\n<td>1,95 \u2013 2,13%<\/td>\n<\/tr>\n<tr>\n<td>Albumine et globuline<\/td>\n<td>0,75% (45% des prot\u00e9ines totales)<\/td>\n<\/tr>\n<tr>\n<td>Cas\u00e9ine<\/td>\n<td>1,4%<\/td>\n<\/tr>\n<tr>\n<td>Peptide et acides amin\u00e9s libres<\/td>\n<td>961 ppm<\/td>\n<\/tr>\n<tr>\n<td>Azote non prot\u00e9ique<\/td>\n<td>426 ppm<\/td>\n<\/tr>\n<tr>\n<td><a href=\"https:\/\/www.equilac.com\/fr\/lait-de-jument-et-lactose\/\">Sucre de lait<\/a><\/td>\n<td>6,26 \u2013 6,85%<\/td>\n<\/tr>\n<tr>\n<td>Min\u00e9raux et oligo-\u00e9l\u00e9ments<\/td>\n<td>0,27 \u2013 0,38%<\/td>\n<\/tr>\n<p><!-- Composition \u00e9l\u00e9mentaire --><\/p>\n<tr>\n<td colspan=\"2\"><strong>Composition \u00e9l\u00e9mentaire<\/strong><\/td>\n<\/tr>\n<tr>\n<td>Calcium<\/td>\n<td>Ca. 1000 ppm (0,13 \u2013 0,5%)<\/td>\n<\/tr>\n<tr>\n<td>Phosphore<\/td>\n<td>Ca. 536 ppm (0,03 \u2013 0,085%)<\/td>\n<\/tr>\n<tr>\n<td>Magn\u00e9sium<\/td>\n<td>Ca. 120 ppm (0,004 \u2013 0,014%)<\/td>\n<\/tr>\n<p><!-- ... --><!-- Ajoutez plus de lignes pour chaque composant --><\/p>\n<tr>\n<td>Fer<\/td>\n<td>5,3 \u2013 14,4 ppm<\/td>\n<\/tr>\n<tr>\n<td>Potassium<\/td>\n<td>484 \u2013 530 ppm<\/td>\n<\/tr>\n<tr>\n<td>Sodium<\/td>\n<td>116 \u2013 119 ppm<\/td>\n<\/tr>\n<tr>\n<td>Chlore<\/td>\n<td>302 \u2013 440 ppm<\/td>\n<\/tr>\n<tr>\n<td>Oxyde de fer<\/td>\n<td>20 ppm<\/td>\n<\/tr>\n<tr>\n<td>Cuivre<\/td>\n<td>0,17 \u2013 0,36 ppm<\/td>\n<\/tr>\n<tr>\n<td>Mangan\u00e8se<\/td>\n<td>0,03 \u2013 0,04 ppm<\/td>\n<\/tr>\n<tr>\n<td>Cobalt<\/td>\n<td>12,4 \u2013 16,0 ppb<\/td>\n<\/tr>\n<tr>\n<td>Zinc<\/td>\n<td>181 ppm<\/td>\n<\/tr>\n<tr>\n<td>Silicium<\/td>\n<td>244 ppm<\/td>\n<\/tr>\n<tr>\n<td>Iode<\/td>\n<td>1,9 ppm<\/td>\n<\/tr>\n<tr>\n<td>S\u00e9l\u00e9nium<\/td>\n<td>1 ppm<\/td>\n<\/tr>\n<tr>\n<td>Chrome<\/td>\n<td>1 ppm<\/td>\n<\/tr>\n<tr>\n<td>Molybd\u00e8ne<\/td>\n<td>1 ppm<\/td>\n<\/tr>\n<tr>\n<td>Aluminium<\/td>\n<td>209 ppm<\/td>\n<\/tr>\n<tr>\n<td>Titanium<\/td>\n<td>178 ppm<\/td>\n<\/tr>\n<p><!-- Vitamines --><\/p>\n<tr>\n<td colspan=\"2\"><strong>Vitamines<\/strong><\/td>\n<\/tr>\n<tr>\n<td>Vitamine A<\/td>\n<td>0,57 \u2013 0,89 ppm<\/td>\n<\/tr>\n<tr>\n<td>Vitamine B1<\/td>\n<td>100 \u2013 500 ppb<\/td>\n<\/tr>\n<tr>\n<td>Vitamine B2<\/td>\n<td>150 \u2013 650 ppb<\/td>\n<\/tr>\n<tr>\n<td>Vitamine B3<\/td>\n<td>85 ppb<\/td>\n<\/tr>\n<tr>\n<td>Vitamine B6<\/td>\n<td>300 ppn<\/td>\n<\/tr>\n<tr>\n<td>Vitamine B7<\/td>\n<td>1,4 ppb<\/td>\n<\/tr>\n<tr>\n<td>Vitamine B12<\/td>\n<td>3,3 ppb<\/td>\n<\/tr>\n<tr>\n<td>Vitamine B13<\/td>\n<td>300 m<\/td>\n<\/tr>\n<tr>\n<td>Vitamine C<\/td>\n<td>98 \u2013 151 ppm<\/td>\n<\/tr>\n<tr>\n<td>Vitamine D<\/td>\n<td>1,25 ppm<\/td>\n<\/tr>\n<tr>\n<td>Vitamine E<\/td>\n<td>0,65 \u2013 1,05 ppm<\/td>\n<\/tr>\n<tr>\n<td>Vitamine K<\/td>\n<td>1,2 ppb<\/td>\n<\/tr>\n<tr>\n<td>Vitamine T (Carnitine)<\/td>\n<td>1 \u2013 2 mg<\/td>\n<\/tr>\n<p><!-- Autres --><\/p>\n<tr>\n<td colspan=\"2\"><strong>Autres<\/strong><\/td>\n<\/tr>\n<tr>\n<td>Acide pantoth\u00e9nique<\/td>\n<td>0,25 ppb<\/td>\n<\/tr>\n<tr>\n<td>Acide folique<\/td>\n<td>8 ppb<\/td>\n<\/tr>\n<tr>\n<td>Acide citrique<\/td>\n<td>0,175%<\/td>\n<\/tr>\n<tr>\n<td>Ac\u00e9tylcholine<\/td>\n<td>1 mg\/l<\/td>\n<\/tr>\n<tr>\n<td>L\u00e9cithine<\/td>\n<td>0,109 \u2013 0,25 mg\/l<\/td>\n<\/tr>\n<tr>\n<td>Choline<\/td>\n<td>30 \u2013 40 mg\/l<\/td>\n<\/tr>\n<tr>\n<td>Cholest\u00e9rol<\/td>\n<td>94 \u2013 168 ppm<\/td>\n<\/tr>\n<p><!-- Enzymes et ferments --><\/p>\n<tr>\n<td colspan=\"2\"><strong>Enzymes et ferments<\/strong><\/td>\n<\/tr>\n<tr>\n<td>Peroxydase<\/td>\n<td>N\/A<\/td>\n<\/tr>\n<tr>\n<td>Oxydase<\/td>\n<td>N\/A<\/td>\n<\/tr>\n<tr>\n<td>Phosphatase<\/td>\n<td>N\/A<\/td>\n<\/tr>\n<tr>\n<td>Diatase<\/td>\n<td>N\/A<\/td>\n<\/tr>\n<tr>\n<td>Catalase<\/td>\n<td>N\/A<\/td>\n<\/tr>\n<tr>\n<td>Lipase<\/td>\n<td>N\/A<\/td>\n<\/tr>\n<tr>\n<td>Lysozyme<\/td>\n<td>N\/A<\/td>\n<\/tr>\n<\/tbody>\n<\/table>\n<p>Environ 40 pour cent des prot\u00e9ines dans le lait de jument sont constitu\u00e9es de prot\u00e9ines de lactos\u00e9rum, presque le double de la quantit\u00e9 dans le lait de vache. La concentration \u00e9lev\u00e9e en lactos\u00e9rum conduit \u00e0 une meilleure absorption et digestion par rapport aux produits laitiers.<\/p>\n<p>Le lait de jument contient environ la moiti\u00e9 de la quantit\u00e9 de cas\u00e9ine par rapport au lait de vache. Boire du lait de jument ayant une teneur plus faible en cas\u00e9ine peut offrir un confort suppl\u00e9mentaire pour ceux qui r\u00e9agissent mal \u00e0 la cas\u00e9ine, comme les r\u00e9actions allergiques et les douleurs gastro-intestinales.<\/p>\n<p>Le lait de jument est reconnu pour sa haute teneur en vitamines et min\u00e9raux. Il est riche en vitamine A, complexe B, C, E et D ; des min\u00e9raux sont \u00e9galement disponibles. Le lait de jument a un rapport calcium\/phosphore plus \u00e9quilibr\u00e9 que la plupart des autres types de lait, permettant une meilleure absorption du calcium dans tout le corps.<\/p>\n<p>Compar\u00e9 \u00e0 d&rsquo;autres laits, le lait de jument est beaucoup moins calorique, ce qui contribue \u00e0 une teneur en mati\u00e8res grasses de 1,25 pour cent contre 3,7 pour cent dans le lait de vache.<\/p>\n<p>En raison de son faible pourcentage de mati\u00e8res grasses, le lait de jument contient un taux d&rsquo;eau plus \u00e9lev\u00e9, ce qui donne <a href=\"https:\/\/www.equilac.com\/fr\/quel-gout-a-le-lait-de-jument\/\">un go\u00fbt inhabituel la premi\u00e8re fois que l&rsquo;on boit du lait de jument<\/a>.<\/p>\n","protected":false},"excerpt":{"rendered":"<p>La composition du lait de jument est unique, offrant de nombreux avantages. Il est remarquablement similaire au lait maternel et constitue une source pr\u00e9cieuse de vitamines, de min\u00e9raux et d&rsquo;oligo-\u00e9l\u00e9ments. Il contient des niveaux \u00e9lev\u00e9s de fer et de prot\u00e9ines de lactos\u00e9rum, ce qui facilite l&rsquo;absorption et la digestion. De plus, le lait de jument [&hellip;]<\/p>\n","protected":false},"author":1,"featured_media":0,"parent":0,"menu_order":0,"comment_status":"closed","ping_status":"closed","template":"","meta":{"_uf_show_specific_survey":0,"_uf_disable_surveys":false,"footnotes":""},"categories":[239],"tags":[],"class_list":["post-8134","page","type-page","status-publish","hentry","category-valeur-nutritionnelle"],"jetpack_sharing_enabled":true,"_links":{"self":[{"href":"https:\/\/www.equilac.com\/fr\/wp-json\/wp\/v2\/pages\/8134","targetHints":{"allow":["GET"]}}],"collection":[{"href":"https:\/\/www.equilac.com\/fr\/wp-json\/wp\/v2\/pages"}],"about":[{"href":"https:\/\/www.equilac.com\/fr\/wp-json\/wp\/v2\/types\/page"}],"author":[{"embeddable":true,"href":"https:\/\/www.equilac.com\/fr\/wp-json\/wp\/v2\/users\/1"}],"replies":[{"embeddable":true,"href":"https:\/\/www.equilac.com\/fr\/wp-json\/wp\/v2\/comments?post=8134"}],"version-history":[{"count":4,"href":"https:\/\/www.equilac.com\/fr\/wp-json\/wp\/v2\/pages\/8134\/revisions"}],"predecessor-version":[{"id":13636,"href":"https:\/\/www.equilac.com\/fr\/wp-json\/wp\/v2\/pages\/8134\/revisions\/13636"}],"wp:attachment":[{"href":"https:\/\/www.equilac.com\/fr\/wp-json\/wp\/v2\/media?parent=8134"}],"wp:term":[{"taxonomy":"category","embeddable":true,"href":"https:\/\/www.equilac.com\/fr\/wp-json\/wp\/v2\/categories?post=8134"},{"taxonomy":"post_tag","embeddable":true,"href":"https:\/\/www.equilac.com\/fr\/wp-json\/wp\/v2\/tags?post=8134"}],"curies":[{"name":"wp","href":"https:\/\/api.w.org\/{rel}","templated":true}]}}