{"id":8192,"date":"2023-07-02T13:13:44","date_gmt":"2023-07-02T13:13:44","guid":{"rendered":"https:\/\/www.equilac.com\/lait-de-jument-en-poudre\/"},"modified":"2023-10-09T08:47:15","modified_gmt":"2023-10-09T08:47:15","slug":"lait-de-jument-en-poudre","status":"publish","type":"page","link":"https:\/\/www.equilac.com\/fr\/lait-de-jument-en-poudre\/","title":{"rendered":"Comment est fabriqu\u00e9 le lait de jument en poudre\u00a0?"},"content":{"rendered":"<p>Le lait de jument en poudre est un moyen polyvalent et pratique de profiter des bienfaits du lait de jument pour la sant\u00e9. La poudre conserve ses vitamines et min\u00e9raux naturels, avec 91 % de l&rsquo;eau \u00e9limin\u00e9e par des m\u00e9thodes de lyophilisation ou de s\u00e9chage par pulv\u00e9risation.<\/p>\n<p>La poudre de lait de jument est obtenue en transformant le <a href=\"https:\/\/www.equilac.com\/fr\/lait-de-jument\/\">lait de jument<\/a> liquide en poudre. Cela peut \u00eatre r\u00e9alis\u00e9 par deux proc\u00e9d\u00e9s de transformation : la lyophilisation ou le s\u00e9chage par pulv\u00e9risation. Les deux techniques maintiennent la temp\u00e9rature en dessous de 38\u00b0C pour pr\u00e9server le contenu nutritionnel du lait. Dans la m\u00e9thode de s\u00e9chage par pulv\u00e9risation, le lait est chauff\u00e9 \u00e0 une temp\u00e9rature sp\u00e9cifique pour tuer les bact\u00e9ries ind\u00e9sirables, pr\u00e9servant ainsi les \u00e9l\u00e9ments pr\u00e9cieux. Le processus de lyophilisation consiste \u00e0 congeler le lait puis \u00e0 le s\u00e9cher \u00e0 tr\u00e8s basse temp\u00e9rature, ce qui garantit que toutes les vitamines, min\u00e9raux et prot\u00e9ines restent intacts.<\/p>\n<p>L\u2019un des avantages du lait de jument en poudre est sa commodit\u00e9 d\u2019utilisation. M\u00e9langez-le avec de l&rsquo;eau ti\u00e8de ou du yaourt, ou s\u00e9chez la poudre et rincez-la \u00e0 l&rsquo;eau. Il est important d&rsquo;\u00e9viter de chauffer le produit pour conserver ses bienfaits pour la sant\u00e9.<\/p>\n<p><strong>Vous voulez en savoir plus sur le lait de jument\u00a0?<\/strong><\/p>\n<ul>\n<li><a href=\"https:\/\/www.equilac.com\/fr\/boire-du-lait-de-jument-frais\/\">Boire du lait de jument frais<\/a><\/li>\n<li><a href=\"https:\/\/www.equilac.com\/fr\/peut-on-faire-du-fromage-avec-du-lait-de-jument\/\">Pouvez-vous faire du fromage \u00e0 partir de lait de jument<\/a><\/li>\n<\/ul>\n<p>Le lait de jument en poudre est \u00e9galement disponible sous forme de g\u00e9lules ou de comprim\u00e9s pour ceux qui trouvent la forme en poudre difficile. Ces capsules sont faciles \u00e0 conserver, ont une longue dur\u00e9e de conservation allant jusqu&rsquo;\u00e0 18 mois et peuvent \u00eatre facilement exp\u00e9di\u00e9es.<\/p>\n<p>Le lait de jument en poudre offre un moyen durable et pratique de soutenir votre sant\u00e9. Que vous choisissiez de le consommer sous forme de poudre ou de g\u00e9lules, vous disposez d\u2019un produit naturel \u00e0 la fois polyvalent et b\u00e9n\u00e9fique.<\/p>\n","protected":false},"excerpt":{"rendered":"<p>Le lait de jument en poudre est un moyen polyvalent et pratique de profiter des bienfaits du lait de jument pour la sant\u00e9. La poudre conserve ses vitamines et min\u00e9raux naturels, avec 91 % de l&rsquo;eau \u00e9limin\u00e9e par des m\u00e9thodes de lyophilisation ou de s\u00e9chage par pulv\u00e9risation. La poudre de lait de jument est obtenue [&hellip;]<\/p>\n","protected":false},"author":1,"featured_media":6327,"parent":0,"menu_order":0,"comment_status":"closed","ping_status":"closed","template":"","meta":{"_uf_show_specific_survey":0,"_uf_disable_surveys":false,"footnotes":""},"categories":[214],"tags":[183],"class_list":["post-8192","page","type-page","status-publish","has-post-thumbnail","hentry","category-produits","tag-related-fr"],"jetpack_sharing_enabled":true,"_links":{"self":[{"href":"https:\/\/www.equilac.com\/fr\/wp-json\/wp\/v2\/pages\/8192","targetHints":{"allow":["GET"]}}],"collection":[{"href":"https:\/\/www.equilac.com\/fr\/wp-json\/wp\/v2\/pages"}],"about":[{"href":"https:\/\/www.equilac.com\/fr\/wp-json\/wp\/v2\/types\/page"}],"author":[{"embeddable":true,"href":"https:\/\/www.equilac.com\/fr\/wp-json\/wp\/v2\/users\/1"}],"replies":[{"embeddable":true,"href":"https:\/\/www.equilac.com\/fr\/wp-json\/wp\/v2\/comments?post=8192"}],"version-history":[{"count":1,"href":"https:\/\/www.equilac.com\/fr\/wp-json\/wp\/v2\/pages\/8192\/revisions"}],"predecessor-version":[{"id":13470,"href":"https:\/\/www.equilac.com\/fr\/wp-json\/wp\/v2\/pages\/8192\/revisions\/13470"}],"wp:featuredmedia":[{"embeddable":true,"href":"https:\/\/www.equilac.com\/fr\/wp-json\/wp\/v2\/media\/6327"}],"wp:attachment":[{"href":"https:\/\/www.equilac.com\/fr\/wp-json\/wp\/v2\/media?parent=8192"}],"wp:term":[{"taxonomy":"category","embeddable":true,"href":"https:\/\/www.equilac.com\/fr\/wp-json\/wp\/v2\/categories?post=8192"},{"taxonomy":"post_tag","embeddable":true,"href":"https:\/\/www.equilac.com\/fr\/wp-json\/wp\/v2\/tags?post=8192"}],"curies":[{"name":"wp","href":"https:\/\/api.w.org\/{rel}","templated":true}]}}