{"id":8211,"date":"2023-07-02T12:23:22","date_gmt":"2023-07-02T12:23:22","guid":{"rendered":"https:\/\/www.equilac.com\/recherche-sur-le-lait-de-jument\/"},"modified":"2023-10-09T08:28:50","modified_gmt":"2023-10-09T08:28:50","slug":"recherche-lait-de-jument","status":"publish","type":"page","link":"https:\/\/www.equilac.com\/fr\/recherche-lait-de-jument\/","title":{"rendered":"Recherche sur le lait de jument"},"content":{"rendered":"<ul>\n<li>Des \u00e9tudes de l\u2019Universit\u00e9 Friedrich-Schiller d\u2019I\u00e9na montrent que le lait de jument peut aider \u00e0 traiter les affections cutan\u00e9es.<\/li>\n<li>Le lait de jument a \u00e9galement montr\u00e9 des effets positifs dans le traitement des probl\u00e8mes de sant\u00e9 internes comme les probl\u00e8mes intestinaux, respiratoires et h\u00e9patiques.<\/li>\n<li>Les enfants allergiques au lait de vache tol\u00e8rent bien le lait de jument, et il est le plus similaire au lait maternel humain de tous les types de lait de mammif\u00e8res.<\/li>\n<\/ul>\n<h2 id=\"elementor-tab-title-1091\" role=\"button\" data-tab=\"1\" aria-controls=\"elementor-tab-content-1091\" aria-expanded=\"false\"><a tabindex=\"0\">Recherche sur les bienfaits du lait de jument<\/a><\/h2>\n<p>La recherche la plus importante sur les bienfaits du lait de jument pour la sant\u00e9 provient de l\u2019Universit\u00e9 Friedrich-Schiller \u00e0 I\u00e9na, en Allemagne. Cette universit\u00e9 a pass\u00e9 plus d\u2019une d\u00e9cennie \u00e0 rechercher les avantages du lait de jument en tant que traitement de soutien. Ces \u00e9tudes indiquent les avantages de la consommation \u00e0 long terme de lait de jument pendant au moins six mois.<\/p>\n<h2 id=\"elementor-tab-title-1092\" role=\"button\" data-tab=\"2\" aria-controls=\"elementor-tab-content-1092\" aria-expanded=\"false\"><a tabindex=\"0\">Lait de jument et probl\u00e8mes de peau<\/a><\/h2>\n<p>Une \u00e9tude de 2009 a r\u00e9v\u00e9l\u00e9 que plus de 90% des patients atteints de diverses affections cutan\u00e9es ont d\u00e9clar\u00e9 que la gravit\u00e9 de leurs sympt\u00f4mes avait consid\u00e9rablement diminu\u00e9 apr\u00e8s avoir bu du lait de jument. Une am\u00e9lioration des sympt\u00f4mes tels que les d\u00e9mangeaisons et les troubles du sommeil pourrait \u00eatre justifi\u00e9e m\u00e9dicalement, les patients rapportant une am\u00e9lioration de \u201csemi-s\u00e9v\u00e8re\/s\u00e9v\u00e8re\u201d \u00e0 \u201cl\u00e9g\u00e8re\/inexistante\u201d apr\u00e8s six mois de traitement. Certains patients ont m\u00eame pu r\u00e9duire leur prise de m\u00e9dicaments.<\/p>\n<h2 id=\"elementor-tab-title-1093\" role=\"button\" data-tab=\"3\" aria-controls=\"elementor-tab-content-1093\" aria-expanded=\"false\"><a tabindex=\"0\">Lait de jument et sant\u00e9 interne<\/a><\/h2>\n<p>L\u2019Universit\u00e9 Friedrich-Schiller d\u2019I\u00e9na a \u00e9galement constat\u00e9 que 75 % des consommateurs souffrant de probl\u00e8mes intestinaux, respiratoires ou h\u00e9patiques r\u00e9pondaient positivement \u00e0 la consommation de lait de jument. Surtout pour les personnes souffrant de troubles intestinaux, la consommation de lait de jument a entra\u00een\u00e9 une diminution des sympt\u00f4mes et une am\u00e9lioration de la sant\u00e9.<\/p>\n<h2 id=\"elementor-tab-title-1094\" role=\"button\" data-tab=\"4\" aria-controls=\"elementor-tab-content-1094\" aria-expanded=\"false\"><a tabindex=\"0\">Lait de jument pour l&rsquo;allergie au lait de vache<\/a><\/h2>\n<p>Une autre \u00e9tude publi\u00e9e dans Pediatric Allergy and Immunology a montr\u00e9 que le lait de jument est bien tol\u00e9r\u00e9 par pr\u00e8s de 96 % des enfants allergiques au lait de vache. Le Dr Rene Madeleyn, p\u00e9diatre, a d\u00e9clar\u00e9 que le lait de jument contient de nombreux anticorps qui neutralisent les bact\u00e9ries et les virus et est le plus similaire de tous les mammif\u00e8res au lait maternel humain.<\/p>\n","protected":false},"excerpt":{"rendered":"<p>Des \u00e9tudes de l\u2019Universit\u00e9 Friedrich-Schiller d\u2019I\u00e9na montrent que le lait de jument peut aider \u00e0 traiter les affections cutan\u00e9es. Le lait de jument a \u00e9galement montr\u00e9 des effets positifs dans le traitement des probl\u00e8mes de sant\u00e9 internes comme les probl\u00e8mes intestinaux, respiratoires et h\u00e9patiques. Les enfants allergiques au lait de vache tol\u00e8rent bien le lait [&hellip;]<\/p>\n","protected":false},"author":1,"featured_media":1159,"parent":0,"menu_order":0,"comment_status":"closed","ping_status":"closed","template":"","meta":{"_uf_show_specific_survey":0,"_uf_disable_surveys":false,"footnotes":""},"categories":[229],"tags":[183],"class_list":["post-8211","page","type-page","status-publish","has-post-thumbnail","hentry","category-informatie","tag-related-fr"],"jetpack_sharing_enabled":true,"_links":{"self":[{"href":"https:\/\/www.equilac.com\/fr\/wp-json\/wp\/v2\/pages\/8211","targetHints":{"allow":["GET"]}}],"collection":[{"href":"https:\/\/www.equilac.com\/fr\/wp-json\/wp\/v2\/pages"}],"about":[{"href":"https:\/\/www.equilac.com\/fr\/wp-json\/wp\/v2\/types\/page"}],"author":[{"embeddable":true,"href":"https:\/\/www.equilac.com\/fr\/wp-json\/wp\/v2\/users\/1"}],"replies":[{"embeddable":true,"href":"https:\/\/www.equilac.com\/fr\/wp-json\/wp\/v2\/comments?post=8211"}],"version-history":[{"count":1,"href":"https:\/\/www.equilac.com\/fr\/wp-json\/wp\/v2\/pages\/8211\/revisions"}],"predecessor-version":[{"id":13453,"href":"https:\/\/www.equilac.com\/fr\/wp-json\/wp\/v2\/pages\/8211\/revisions\/13453"}],"wp:featuredmedia":[{"embeddable":true,"href":"https:\/\/www.equilac.com\/fr\/wp-json\/wp\/v2\/media\/1159"}],"wp:attachment":[{"href":"https:\/\/www.equilac.com\/fr\/wp-json\/wp\/v2\/media?parent=8211"}],"wp:term":[{"taxonomy":"category","embeddable":true,"href":"https:\/\/www.equilac.com\/fr\/wp-json\/wp\/v2\/categories?post=8211"},{"taxonomy":"post_tag","embeddable":true,"href":"https:\/\/www.equilac.com\/fr\/wp-json\/wp\/v2\/tags?post=8211"}],"curies":[{"name":"wp","href":"https:\/\/api.w.org\/{rel}","templated":true}]}}