{"id":8268,"date":"2023-07-02T13:21:36","date_gmt":"2023-07-02T13:21:36","guid":{"rendered":"https:\/\/www.equilac.com\/histoire-du-lait-de-jument\/"},"modified":"2023-10-09T08:12:06","modified_gmt":"2023-10-09T08:12:06","slug":"histoire-du-lait-de-jument","status":"publish","type":"page","link":"https:\/\/www.equilac.com\/fr\/histoire-du-lait-de-jument\/","title":{"rendered":"Origine du lait de jument"},"content":{"rendered":"<p>Avec une histoire de plus de 2 000 ans, le lait de jument a un impact significatif sur la sant\u00e9 et le bien-\u00eatre de nombreuses personnes.<\/p>\n<p>L&rsquo;origine du <a href=\"https:\/\/www.equilac.com\/fr\/lait-de-jument\/\">lait de jument<\/a> remonte aux Grecs anciens. Ils croyaient que les Amazones, tribu l\u00e9gendaire de guerri\u00e8res, nourrissaient leurs enfants, entre autres, avec du lait de jument.<\/p>\n<p>Les Scythes \u00e9taient des guerriers itin\u00e9rants qui vivaient dans le sud de la Sib\u00e9rie et d\u00e9pendaient de leurs chevaux pour se d\u00e9placer. Les chercheurs ont d\u00e9couvert que ces tribus \u00e9levaient des chevaux pour leur force et leur mobilit\u00e9 et pour produire du lait pour nourrir leurs enfants.<\/p>\n<p>La reine \u00e9gyptienne Cl\u00e9op\u00e2tre se baignait dans du lait d&rsquo;\u00e2nesse aigre pour r\u00e9duire les rides et conserver sa beaut\u00e9 juv\u00e9nile. Le lait aigre agit comme un exfoliant doux, \u00e9liminant les cellules mortes de la peau et r\u00e9v\u00e9lant une peau plus lisse et plus \u00e9clatante. On se souvient de Cl\u00e9op\u00e2tre comme de l\u2019une des plus belles femmes de tous les temps ; son rituel de beaut\u00e9 a d\u00fb produire les r\u00e9sultats escompt\u00e9s.<\/p>\n<p>Cependant, en Russie, \u00e0 la fin du XIXe et au d\u00e9but du XXe si\u00e8cle, la production et la consommation organis\u00e9es de lait de jument ont commenc\u00e9 \u00e0 se d\u00e9velopper, principalement pour traiter la tuberculose. \u00c0 cette \u00e9poque, la tuberculose \u00e9tait consid\u00e9r\u00e9e comme l\u2019une des maladies les plus redout\u00e9es pour laquelle il n\u2019existait pas encore de traitement efficace. Les m\u00e9decins russes ont not\u00e9 que certains patients qui buvaient du lait de jument semblaient avoir une meilleure r\u00e9sistance \u00e0 la maladie. Cette observation a conduit \u00e0 la cr\u00e9ation de sanatoriums, une maison de convalescence o\u00f9 les patients s\u00e9journent temporairement pour se remettre de cette maladie.<\/p>\n<p>Dans les ann\u00e9es 1990, le lait de jument est devenu plus connu en Europe, notamment dans des pays comme l&rsquo;Allemagne, la Belgique, les Pays-Bas et la France, o\u00f9 les laiteries de lait de jument proposaient <a href=\"https:\/\/www.equilac.com\/fr\/boire-du-lait-de-jument-frais\/\">lait de jument frais ou congel\u00e9<\/a> aux utilisateurs ayant des probl\u00e8mes de sant\u00e9.<\/p>\n<p>En 1999, notre produit Equilac\u00ae est arriv\u00e9 sur le march\u00e9 ; il s&rsquo;agit du premier compl\u00e9ment alimentaire \u00e0 base de lait de jument, le rendant accessible \u00e0 tous en pharmacie. <a href=\"https:\/\/www.equilac.com\/fr\/historique\/\">En savoir plus sur l&rsquo;histoire familiale derri\u00e8re Equilac<\/a>.<\/p>\n","protected":false},"excerpt":{"rendered":"<p>Avec une histoire de plus de 2 000 ans, le lait de jument a un impact significatif sur la sant\u00e9 et le bien-\u00eatre de nombreuses personnes. L&rsquo;origine du lait de jument remonte aux Grecs anciens. Ils croyaient que les Amazones, tribu l\u00e9gendaire de guerri\u00e8res, nourrissaient leurs enfants, entre autres, avec du lait de jument. Les [&hellip;]<\/p>\n","protected":false},"author":1,"featured_media":6070,"parent":0,"menu_order":0,"comment_status":"closed","ping_status":"closed","template":"","meta":{"_uf_show_specific_survey":0,"_uf_disable_surveys":false,"footnotes":""},"categories":[229],"tags":[183],"class_list":["post-8268","page","type-page","status-publish","has-post-thumbnail","hentry","category-informatie","tag-related-fr"],"jetpack_sharing_enabled":true,"_links":{"self":[{"href":"https:\/\/www.equilac.com\/fr\/wp-json\/wp\/v2\/pages\/8268","targetHints":{"allow":["GET"]}}],"collection":[{"href":"https:\/\/www.equilac.com\/fr\/wp-json\/wp\/v2\/pages"}],"about":[{"href":"https:\/\/www.equilac.com\/fr\/wp-json\/wp\/v2\/types\/page"}],"author":[{"embeddable":true,"href":"https:\/\/www.equilac.com\/fr\/wp-json\/wp\/v2\/users\/1"}],"replies":[{"embeddable":true,"href":"https:\/\/www.equilac.com\/fr\/wp-json\/wp\/v2\/comments?post=8268"}],"version-history":[{"count":1,"href":"https:\/\/www.equilac.com\/fr\/wp-json\/wp\/v2\/pages\/8268\/revisions"}],"predecessor-version":[{"id":13442,"href":"https:\/\/www.equilac.com\/fr\/wp-json\/wp\/v2\/pages\/8268\/revisions\/13442"}],"wp:featuredmedia":[{"embeddable":true,"href":"https:\/\/www.equilac.com\/fr\/wp-json\/wp\/v2\/media\/6070"}],"wp:attachment":[{"href":"https:\/\/www.equilac.com\/fr\/wp-json\/wp\/v2\/media?parent=8268"}],"wp:term":[{"taxonomy":"category","embeddable":true,"href":"https:\/\/www.equilac.com\/fr\/wp-json\/wp\/v2\/categories?post=8268"},{"taxonomy":"post_tag","embeddable":true,"href":"https:\/\/www.equilac.com\/fr\/wp-json\/wp\/v2\/tags?post=8268"}],"curies":[{"name":"wp","href":"https:\/\/api.w.org\/{rel}","templated":true}]}}