{"id":1642,"date":"2022-03-01T09:01:37","date_gmt":"2022-03-01T09:01:37","guid":{"rendered":"http:\/\/dev.equilac.com\/product\/equilac-mare-milk-capsules\/"},"modified":"2022-03-15T16:07:39","modified_gmt":"2022-03-15T16:07:39","slug":"gelules-de-lait-de-jument","status":"publish","type":"product","link":"https:\/\/www.equilac.com\/fr\/produit\/gelules-de-lait-de-jument\/","title":{"rendered":"G\u00e9lules de Lait de Jument Equilac\u00ae"},"content":{"rendered":"\t\t<div data-elementor-type=\"product-post\" data-elementor-id=\"1642\" class=\"elementor elementor-1642 elementor-54\" data-elementor-post-type=\"product\">\n\t\t\t\t\t\t<section class=\"elementor-section elementor-top-section elementor-element elementor-element-7cd2ec23 elementor-section-boxed elementor-section-height-default elementor-section-height-default\" data-id=\"7cd2ec23\" data-element_type=\"section\" data-e-type=\"section\">\n\t\t\t\t\t\t<div class=\"elementor-container elementor-column-gap-default\">\n\t\t\t\t\t<div class=\"elementor-column elementor-col-16 elementor-top-column elementor-element elementor-element-7af359e3\" data-id=\"7af359e3\" data-element_type=\"column\" data-e-type=\"column\">\n\t\t\t<div class=\"elementor-widget-wrap\">\n\t\t\t\t\t\t\t<\/div>\n\t\t<\/div>\n\t\t\t\t<div class=\"elementor-column elementor-col-66 elementor-top-column elementor-element elementor-element-4b3b4b67\" data-id=\"4b3b4b67\" data-element_type=\"column\" data-e-type=\"column\">\n\t\t\t<div class=\"elementor-widget-wrap elementor-element-populated\">\n\t\t\t\t\t\t<div class=\"elementor-element elementor-element-fa0f893 elementor-widget elementor-widget-text-editor\" data-id=\"fa0f893\" data-element_type=\"widget\" data-e-type=\"widget\" data-widget_type=\"text-editor.default\">\n\t\t\t\t<div class=\"elementor-widget-container\">\n\t\t\t\t\t\t\t\t\t<h2>Lait de jument dans une g\u00e9lule pratique<\/h2><p>Les g\u00e9lules \u00e0 base de lait de jument Equilac\u00ae rendent les bienfaits du lait de jument accessibles \u00e0 tous et constituent une excellente alternative par rapport au lait de jument frais.<\/p><p>Les avantages des g\u00e9lules incluent une dur\u00e9e de conservation plus longue pouvant aller jusqu&rsquo;\u00e0 18 mois, une prise facile \u00e0 la maison et en voyage, et en \u00e9vitant le go\u00fbt \u00e9trange du lait de jument frais.<\/p><h2>G\u00e9lules de lait de jument contre le psoriasis, l&rsquo;ecz\u00e9ma et l&rsquo;acn\u00e9<\/h2><p>Equilac\u00ae agit comme traitement naturel du <a href=\"https:\/\/www.equilac.com\/fr\/psoriasis\">psoriasis<\/a>, de l&rsquo;ecz\u00e9ma et de l&rsquo;acn\u00e9, \u00e0 l&rsquo;aide de la prot\u00e9ine anti-inflammatoire lactoferrine, qui est pr\u00e9sente en forte concentration dans le lait de jument et nos g\u00e9lules.<\/p><p>Equilac\u00ae s&rsquo;attaque aux probl\u00e8mes de peau de l&rsquo;int\u00e9rieur, \u00e0 l&rsquo;origine du probl\u00e8me. Cette approche est un meilleur moyen que d&rsquo;appliquer uniquement des cr\u00e8mes topiques (telles que la pommade \u00e0 la cortisone) qui ne soulagent que temporairement les sympt\u00f4mes externes et peuvent \u00eatre nocives avec une utilisation \u00e0 long terme.<\/p><p>Nos g\u00e9lules\u00a0de lait de jument sont une alternative s\u00fbre et plus saine pour votre peau et votre corps. Les g\u00e9lules d&rsquo;Equilac\u00ae peuvent ne pas \u00eatre la solution totale, mais elles peuvent aider \u00e0 r\u00e9duire et \u00e0 contr\u00f4ler les sympt\u00f4mes.<\/p><h2>O\u00f9 trouver les g\u00e9lules de lait de\u00a0jument<\/h2><p>Vous pouvez acheter les g\u00e9lules d&rsquo;Equilac\u00ae sur ce site et \u00e0 la pharmacie en Belgique.<\/p><p>Parce que le lait de jument est un produit rare et de niche, nous vous recommandons d&rsquo;utiliser uniquement notre compl\u00e9ment alimentaire si vous prenez le traitement au s\u00e9rieux et prendre notre produit de la mani\u00e8re recommand\u00e9e.<\/p><h2>Composition des g\u00e9lules Equilac\u00ae<\/h2><p>Les g\u00e9lules de lait de jument Equilac\u00ae contiennent 600 mg de lait concentr\u00e9 de jument en poudre par g\u00e9lule sans conservateurs ajout\u00e9s. Nos g\u00e9lules sont faites de g\u00e9latine (bovine) avec une taille de g\u00e9lule \u00ab\u00a000\u00a0\u00bb, ce qui les rend faciles \u00e0 avaler. Ils sont conditionn\u00e9s sous blister (ou blister strip) pour une meilleure protection et une dur\u00e9e de conservation plus longue jusqu&rsquo;\u00e0 18 mois \u00e0 compter de la date de fabrication. Conservez les g\u00e9lules \u00e0 temp\u00e9rature ambiante dans un endroit sombre.<\/p><h2>Lait de jument concentr\u00e9 en poudre<\/h2><p>Le lait de jument en poudre utilis\u00e9 dans les g\u00e9lules Equilac\u00ae est obtenu s\u00e9chage par atomisation du lait de jument cru \u00e0 basse temp\u00e9rature. Le lait de jument est chauff\u00e9 lentement puis pulv\u00e9ris\u00e9 sous haute pression, ce qui fait qu&rsquo;environ 91% de l&rsquo;eau, qui est pr\u00e9sente dans le lait de jument liquide, s&rsquo;\u00e9vapore et que la poudre de lait de jument reste. Ce processus garantit que la poudre ne contient pas de bact\u00e9ries et que les ingr\u00e9dients actifs ne sont pas neutralis\u00e9s. Notre lait de jument en poudre subit divers contr\u00f4les de qualit\u00e9 pour la consommation humaine avant d&rsquo;\u00eatre incorpor\u00e9 dans nos g\u00e9lules.<\/p><h2>Comment utiliser les g\u00e9lules de jument Equilac\u00ae<\/h2><p>Si vous prenez votre sant\u00e9 au s\u00e9rieux et souhaitez adopter une approche diff\u00e9rente pour apaiser les probl\u00e8mes de peau, nous vous recommandons d&rsquo;utiliser les g\u00e9lules Equilac\u00ae pendant trois mois cons\u00e9cutifs et de d\u00e9couvrir ce que nos g\u00e9lules peuvent faire pour votre peau.<\/p><p><strong>Utilisation:<\/strong> 2 g\u00e9lules par jour le matin \u00e0 jeun avec de l&rsquo;eau froide pendant trois mois. Si les sympt\u00f4mes se stabilisent apr\u00e8s trois mois, vous pouvez r\u00e9duire la consommation d&rsquo;Equilac\u00ae \u00e0 1 g\u00e9lule par jour \u00e0 titre de pr\u00e9vention et d&rsquo;entretien. Vous pouvez continuer \u00e0 utiliser Equilac\u00ae si vous le souhaitez. De nombreux utilisateurs d&rsquo;Equilac\u00ae continuent de prendre les g\u00e9lules une fois leur \u00e9tat stabilis\u00e9.<\/p><p><strong>Enfants:<\/strong> Nos g\u00e9lules conviennent aux enfants \u00e0 partir de 4 ans. Les enfants entre 4 et 12 ans en ont assez avec une g\u00e9lule par jour. Les g\u00e9lules peuvent \u00eatre facilement ouvertes et la poudre de lait de jument peut \u00eatre m\u00e9lang\u00e9e \u00e0 du yogourt ou \u00e0 d&rsquo;autres aliments froids.<\/p><p><strong>M\u00e9dicaments:<\/strong> Equilac\u00ae est un compl\u00e9ment alimentaire (pas un m\u00e9dicament) et peut \u00eatre utilis\u00e9 avec des m\u00e9dicaments sans affecter l&rsquo;effet de tout m\u00e9dicament.<\/p><p><strong>Effets secondaires possibles:<\/strong> certains utilisateurs ressentent une aggravation de leurs sympt\u00f4mes au cours du premier mois. Ceci est normal et prouve que votre corps r\u00e9agit aux changements en prenant des g\u00e9lules d&rsquo;Equilac\u00ae. Il est essentiel que vous poursuiviez votre traitement. Si l&rsquo;aggravation ne dispara\u00eet pas, vous pouvez r\u00e9duire l&rsquo;apport \u00e0 1 g\u00e9lule par jour ou arr\u00eater le traitement.<\/p><p>Il est recommand\u00e9 de ne pas utiliser les g\u00e9lules d&rsquo;Equilac\u00ae si:<\/p><ul><li>Vous \u00eates allergique aux chevaux<\/li><li>Pendant la grossesse<\/li><li>Vous \u00eates intol\u00e9rant au lactose<\/li><li>Tu es diab\u00e9tique. Les g\u00e9lules Equilac\u00ae contiennent une faible quantit\u00e9 de lactose (sucre de lait)<\/li><\/ul>\t\t\t\t\t\t\t\t<\/div>\n\t\t\t\t<\/div>\n\t\t\t\t\t<\/div>\n\t\t<\/div>\n\t\t\t\t<div class=\"elementor-column elementor-col-16 elementor-top-column elementor-element elementor-element-53a6db8a\" data-id=\"53a6db8a\" data-element_type=\"column\" data-e-type=\"column\">\n\t\t\t<div class=\"elementor-widget-wrap\">\n\t\t\t\t\t\t\t<\/div>\n\t\t<\/div>\n\t\t\t\t\t<\/div>\n\t\t<\/section>\n\t\t\t\t<section class=\"elementor-section elementor-top-section elementor-element elementor-element-69023965 elementor-section-boxed elementor-section-height-default elementor-section-height-default\" data-id=\"69023965\" data-element_type=\"section\" data-e-type=\"section\">\n\t\t\t\t\t\t<div class=\"elementor-container elementor-column-gap-default\">\n\t\t\t\t\t<div class=\"elementor-column elementor-col-16 elementor-top-column elementor-element elementor-element-248f4f8a\" data-id=\"248f4f8a\" data-element_type=\"column\" data-e-type=\"column\">\n\t\t\t<div class=\"elementor-widget-wrap\">\n\t\t\t\t\t\t\t<\/div>\n\t\t<\/div>\n\t\t\t\t<div class=\"elementor-column elementor-col-66 elementor-top-column elementor-element elementor-element-73353146\" data-id=\"73353146\" data-element_type=\"column\" data-e-type=\"column\">\n\t\t\t<div class=\"elementor-widget-wrap elementor-element-populated\">\n\t\t\t\t\t\t<div class=\"elementor-element elementor-element-2c35b0ff elementor-widget elementor-widget-text-editor\" data-id=\"2c35b0ff\" data-element_type=\"widget\" data-e-type=\"widget\" data-widget_type=\"text-editor.default\">\n\t\t\t\t<div class=\"elementor-widget-container\">\n\t\t\t\t\t\t\t\t\t<h2>G\u00e9lules de lait de jument pour une peau saine de l&rsquo;int\u00e9rieur<\/h2><p>Equilac\u00ae agit de l&rsquo;int\u00e9rieur vers l&rsquo;ext\u00e9rieur, ce qui entra\u00eene une r\u00e9action plus lente \u00e0 votre corps et \u00e0 votre peau. Par cons\u00e9quent, il est conseill\u00e9 de prendre Equilac\u00ae pendant trois mois pour le meilleur r\u00e9sultat possible.<\/p><p>Une fois les sympt\u00f4mes stabilis\u00e9s, vous pouvez revenir \u00e0 une g\u00e9lule par jour \u00e0 titre pr\u00e9ventif.<\/p>\t\t\t\t\t\t\t\t<\/div>\n\t\t\t\t<\/div>\n\t\t\t\t\t<\/div>\n\t\t<\/div>\n\t\t\t\t<div class=\"elementor-column elementor-col-16 elementor-top-column elementor-element elementor-element-2f757bbf\" data-id=\"2f757bbf\" data-element_type=\"column\" data-e-type=\"column\">\n\t\t\t<div class=\"elementor-widget-wrap\">\n\t\t\t\t\t\t\t<\/div>\n\t\t<\/div>\n\t\t\t\t\t<\/div>\n\t\t<\/section>\n\t\t\t\t<section class=\"elementor-section elementor-top-section elementor-element elementor-element-ac9cbe5 elementor-section-boxed elementor-section-height-default elementor-section-height-default\" data-id=\"ac9cbe5\" data-element_type=\"section\" data-e-type=\"section\">\n\t\t\t\t\t\t<div class=\"elementor-container elementor-column-gap-default\">\n\t\t\t\t\t<div class=\"elementor-column elementor-col-16 elementor-top-column elementor-element elementor-element-71c46d3\" data-id=\"71c46d3\" data-element_type=\"column\" data-e-type=\"column\">\n\t\t\t<div class=\"elementor-widget-wrap\">\n\t\t\t\t\t\t\t<\/div>\n\t\t<\/div>\n\t\t\t\t<div class=\"elementor-column elementor-col-66 elementor-top-column elementor-element elementor-element-552d320\" data-id=\"552d320\" data-element_type=\"column\" data-e-type=\"column\">\n\t\t\t<div class=\"elementor-widget-wrap elementor-element-populated\">\n\t\t\t\t\t\t<div class=\"elementor-element elementor-element-94e09bb elementor--h-position-center elementor--v-position-middle elementor-arrows-position-inside elementor-pagination-position-inside elementor-widget elementor-widget-slides\" data-id=\"94e09bb\" data-element_type=\"widget\" data-e-type=\"widget\" data-settings=\"{&quot;navigation&quot;:&quot;both&quot;,&quot;infinite&quot;:&quot;yes&quot;,&quot;transition&quot;:&quot;slide&quot;,&quot;transition_speed&quot;:500}\" data-widget_type=\"slides.default\">\n\t\t\t\t<div class=\"elementor-widget-container\">\n\t\t\t\t\t\t\t\t\t<div class=\"elementor-swiper\">\n\t\t\t\t\t<div class=\"elementor-slides-wrapper elementor-main-swiper swiper\" role=\"region\" aria-roledescription=\"carousel\" aria-label=\"Diapositives\" dir=\"ltr\" data-animation=\"fadeInUp\">\n\t\t\t\t<div class=\"swiper-wrapper elementor-slides\">\n\t\t\t\t\t\t\t\t\t\t<div class=\"elementor-repeater-item-5845a31 swiper-slide\" role=\"group\" aria-roledescription=\"slide\"><div class=\"swiper-slide-bg\" role=\"img\" aria-label=\"Probl\u00e8mes de peau\"><\/div><div class=\"swiper-slide-inner\" ><div class=\"swiper-slide-contents\"><div class=\"elementor-slide-heading\">Les probl\u00e8mes de peau sont souvent caus\u00e9s sous la couche externe de l\u2019\u00e9piderme<\/div><\/div><\/div><\/div><div class=\"elementor-repeater-item-5a4fb11 swiper-slide\" role=\"group\" aria-roledescription=\"slide\"><div class=\"swiper-slide-bg\" role=\"img\" aria-label=\"Lactoferrin in Stutenmilch\"><\/div><div class=\"swiper-slide-inner\" ><div class=\"swiper-slide-contents\"><div class=\"elementor-slide-heading\">Equilac fonctionne \u00e0 partir de l\u2019int\u00e9rieur<\/div><\/div><\/div><\/div><div class=\"elementor-repeater-item-a43d466 swiper-slide\" role=\"group\" aria-roledescription=\"slide\"><div class=\"swiper-slide-bg\" role=\"img\" aria-label=\"Lactoferrine lait de jument\"><\/div><div class=\"swiper-slide-inner\" ><div class=\"swiper-slide-contents\"><div class=\"elementor-slide-heading\">Equilac soulage et apaise les sympt\u00f4mes<\/div><\/div><\/div><\/div>\t\t\t\t<\/div>\n\t\t\t\t\t\t\t\t\t\t\t\t\t\t\t<div class=\"elementor-swiper-button elementor-swiper-button-prev\" role=\"button\" tabindex=\"0\" aria-label=\"Diapositive pr\u00e9c\u00e9dente\">\n\t\t\t\t\t\t\t<i aria-hidden=\"true\" class=\"eicon-chevron-left\"><\/i>\t\t\t\t\t\t<\/div>\n\t\t\t\t\t\t<div class=\"elementor-swiper-button elementor-swiper-button-next\" role=\"button\" tabindex=\"0\" aria-label=\"Diapositive suivante\">\n\t\t\t\t\t\t\t<i aria-hidden=\"true\" class=\"eicon-chevron-right\"><\/i>\t\t\t\t\t\t<\/div>\n\t\t\t\t\t\t\t\t\t\t\t\t\t\t\t\t<div class=\"swiper-pagination\"><\/div>\n\t\t\t\t\t\t\t\t\t\t\t\t<\/div>\n\t\t\t\t<\/div>\n\t\t\t\t\t\t\t\t<\/div>\n\t\t\t\t<\/div>\n\t\t\t\t\t<\/div>\n\t\t<\/div>\n\t\t\t\t<div class=\"elementor-column elementor-col-16 elementor-top-column elementor-element elementor-element-5e013a0\" data-id=\"5e013a0\" data-element_type=\"column\" data-e-type=\"column\">\n\t\t\t<div class=\"elementor-widget-wrap\">\n\t\t\t\t\t\t\t<\/div>\n\t\t<\/div>\n\t\t\t\t\t<\/div>\n\t\t<\/section>\n\t\t\t\t<\/div>\n\t\t","protected":false},"excerpt":{"rendered":"<p>Achetez Equilac\u00ae, les g\u00e9lules de lait de jument originales depuis 1999. Nos g\u00e9lules aident \u00e0 r\u00e9duire les sympt\u00f4mes du psoriasis, de l&rsquo;ecz\u00e9ma et de l&rsquo;acn\u00e9 de l&rsquo;int\u00e9rieur.<\/p>\n<ul>\n<li>Contient 180 g\u00e9lules de lait de jument (traitement de 3 mois)<\/li>\n<li>Avec 600 mg de lait de jument en poudre par g\u00e9lule<\/li>\n<li>Soutient la capacit\u00e9 r\u00e9g\u00e9n\u00e9ratrice de la peau<\/li>\n<li>A un effet positif sur la flore intestinale et augmente la r\u00e9sistance<\/li>\n<\/ul>\n","protected":false},"featured_media":16043,"template":"","meta":{"_uf_show_specific_survey":0,"_uf_disable_surveys":false},"product_brand":[],"product_cat":[66],"product_tag":[],"class_list":{"0":"post-1642","1":"product","2":"type-product","3":"status-publish","4":"has-post-thumbnail","6":"product_cat-uncategorized-fr","8":"first","9":"instock","10":"shipping-taxable","11":"purchasable","12":"product-type-simple"},"jetpack_sharing_enabled":true,"_links":{"self":[{"href":"https:\/\/www.equilac.com\/fr\/wp-json\/wp\/v2\/product\/1642","targetHints":{"allow":["GET"]}}],"collection":[{"href":"https:\/\/www.equilac.com\/fr\/wp-json\/wp\/v2\/product"}],"about":[{"href":"https:\/\/www.equilac.com\/fr\/wp-json\/wp\/v2\/types\/product"}],"version-history":[{"count":0,"href":"https:\/\/www.equilac.com\/fr\/wp-json\/wp\/v2\/product\/1642\/revisions"}],"wp:featuredmedia":[{"embeddable":true,"href":"https:\/\/www.equilac.com\/fr\/wp-json\/wp\/v2\/media\/16043"}],"wp:attachment":[{"href":"https:\/\/www.equilac.com\/fr\/wp-json\/wp\/v2\/media?parent=1642"}],"wp:term":[{"taxonomy":"product_brand","embeddable":true,"href":"https:\/\/www.equilac.com\/fr\/wp-json\/wp\/v2\/product_brand?post=1642"},{"taxonomy":"product_cat","embeddable":true,"href":"https:\/\/www.equilac.com\/fr\/wp-json\/wp\/v2\/product_cat?post=1642"},{"taxonomy":"product_tag","embeddable":true,"href":"https:\/\/www.equilac.com\/fr\/wp-json\/wp\/v2\/product_tag?post=1642"}],"curies":[{"name":"wp","href":"https:\/\/api.w.org\/{rel}","templated":true}]}}