{"id":11624,"date":"2023-09-18T13:53:19","date_gmt":"2023-09-18T13:53:19","guid":{"rendered":"https:\/\/www.equilac.com\/paardenmelk-creme-voor-de-droge-en-gevoelige-huid\/"},"modified":"2023-10-10T20:32:30","modified_gmt":"2023-10-10T20:32:30","slug":"paardenmelk-creme-voor-de-droge-en-gevoelige-huid","status":"publish","type":"page","link":"https:\/\/www.equilac.com\/nl\/paardenmelk-creme-voor-de-droge-en-gevoelige-huid\/","title":{"rendered":"Paardenmelk cr\u00e8me voor de droge en gevoelige huid"},"content":{"rendered":"\n<p>Paardenmelk cr\u00e8me is een natuurlijk <a href=\"https:\/\/www.equilac.com\/nl\/huidverzorgingsproducten-op-basis-van-paardenmelk\/\">huidverzorgingsproduct op basis van paardenmelk<\/a>. Het is een effectieve oplossing voor het verzachten van psoriasis, eczeem, acne, droge huid, en gevoelige huid.<\/p>\n\n\n\n<p>Cr\u00e8mes op basis van <a href=\"https:\/\/www.equilac.com\/nl\/paardenmelk\/\">merriemelk<\/a> zijn verkrijgbaar in verschillende soorten, waaronder dagcr\u00e8me, nachtcr\u00e8me, handcr\u00e8me en bodylotion. Ze zijn geschikt voor droge tot vette huidtypes en kunnen worden aangebracht op het gezicht, de ellebogen, de knie\u00ebn en andere gebieden die gevoelig zijn voor uitdroging of irritatie. Deze cr\u00e8mes ondersteunen het natuurlijke herstelvermogen van de huid.<\/p>\n\n\n\n<p>De dagcr\u00e8me is geschikt voor algemeen gebruik en kan \u2019s ochtends worden aangebracht. Het is perfect voor de gevoelige, droge of schrale huid en biedt extra verlichting bij koud weer. De nachtcr\u00e8me voedt uw huid terwijl u slaapt en trekt snel in de huid zonder de natuurlijke laag aan te tasten. De handcr\u00e8me is snel absorberend, ideaal voor mensen met huidproblemen aan de handen.<\/p>\n\n\n\n<p>Gemaakt van 100% natuurlijke paardenmelk, bevatten deze cr\u00e8mes geen schadelijke parabenen. Ze zijn pH-neutraal, behouden de natuurlijke pH-balans van de huid, minimaliseren het risico op uitdroging, en maken de huid geschikt voor alle huidtypes.<\/p>\n\n\n\n<p>Vrij van parabenen en andere schadelijke chemicali\u00ebn, wordt de houdbaarheid van deze paardenmelkproducten verzekerd door natuurlijke, biologische ingredi\u00ebnten. Ze zijn ideaal voor dagelijks gebruik, ondersteunen het natuurlijke herstelproces van de huid, en kunnen worden gebruikt als cr\u00e8me of zalf naar behoefte.<\/p>\n\n\n\n<p>Regelmatig gebruik van paardenmelk cr\u00e8me zal uw huid zacht, gezond en mooi maken. Het is alleen voor uitwendig gebruik en is vooral geschikt voor droge en gevoelige huidtypes. Voor additionele haarverzorging, overweeg dan ook de <a href=\"https:\/\/www.equilac.com\/nl\/paardenmelk-shampoo-voor-gezond-haar\/\">paardenmelk shampoo<\/a> voor gezond haar, en <a href=\"https:\/\/www.equilac.com\/nl\/paardenmelk-zeep-voor-een-zachte-huid\/\">paardenmelk zeep<\/a> voor een zachte huid.<\/p>\n","protected":false},"excerpt":{"rendered":"<p>Paardenmelk cr\u00e8me is een natuurlijk huidverzorgingsproduct op basis van paardenmelk. Het is een effectieve oplossing voor het verzachten van psoriasis, eczeem, acne, droge huid, en gevoelige huid. Cr\u00e8mes op basis van merriemelk zijn verkrijgbaar in verschillende soorten, waaronder dagcr\u00e8me, nachtcr\u00e8me, handcr\u00e8me en bodylotion. Ze zijn geschikt voor droge tot vette huidtypes en kunnen worden aangebracht [&hellip;]<\/p>\n","protected":false},"author":1,"featured_media":11616,"parent":0,"menu_order":0,"comment_status":"closed","ping_status":"closed","template":"","meta":{"_uf_show_specific_survey":0,"_uf_disable_surveys":false,"footnotes":""},"categories":[213],"tags":[182],"class_list":["post-11624","page","type-page","status-publish","has-post-thumbnail","hentry","category-producten","tag-related-nl"],"jetpack_sharing_enabled":true,"_links":{"self":[{"href":"https:\/\/www.equilac.com\/nl\/wp-json\/wp\/v2\/pages\/11624","targetHints":{"allow":["GET"]}}],"collection":[{"href":"https:\/\/www.equilac.com\/nl\/wp-json\/wp\/v2\/pages"}],"about":[{"href":"https:\/\/www.equilac.com\/nl\/wp-json\/wp\/v2\/types\/page"}],"author":[{"embeddable":true,"href":"https:\/\/www.equilac.com\/nl\/wp-json\/wp\/v2\/users\/1"}],"replies":[{"embeddable":true,"href":"https:\/\/www.equilac.com\/nl\/wp-json\/wp\/v2\/comments?post=11624"}],"version-history":[{"count":4,"href":"https:\/\/www.equilac.com\/nl\/wp-json\/wp\/v2\/pages\/11624\/revisions"}],"predecessor-version":[{"id":13308,"href":"https:\/\/www.equilac.com\/nl\/wp-json\/wp\/v2\/pages\/11624\/revisions\/13308"}],"wp:featuredmedia":[{"embeddable":true,"href":"https:\/\/www.equilac.com\/nl\/wp-json\/wp\/v2\/media\/11616"}],"wp:attachment":[{"href":"https:\/\/www.equilac.com\/nl\/wp-json\/wp\/v2\/media?parent=11624"}],"wp:term":[{"taxonomy":"category","embeddable":true,"href":"https:\/\/www.equilac.com\/nl\/wp-json\/wp\/v2\/categories?post=11624"},{"taxonomy":"post_tag","embeddable":true,"href":"https:\/\/www.equilac.com\/nl\/wp-json\/wp\/v2\/tags?post=11624"}],"curies":[{"name":"wp","href":"https:\/\/api.w.org\/{rel}","templated":true}]}}