{"id":11670,"date":"2023-09-18T15:45:24","date_gmt":"2023-09-18T15:45:24","guid":{"rendered":"https:\/\/www.equilac.com\/wat-is-gefermenteerde-paardenmelk-of-kumis\/"},"modified":"2023-10-10T20:34:42","modified_gmt":"2023-10-10T20:34:42","slug":"wat-is-gefermenteerde-paardenmelk-of-kumis","status":"publish","type":"page","link":"https:\/\/www.equilac.com\/nl\/wat-is-gefermenteerde-paardenmelk-of-kumis\/","title":{"rendered":"Gefermenteerde paardenmelk of kumis"},"content":{"rendered":"\n<p>Gefermenteerde paardenmelk, in Mongoli\u00eb bekend als kumis of airag, is een traditionele zuiveldrank gemaakt van paardenmelk. Het is een licht alcoholische drank die populair is in Centraal-Azi\u00eb, vooral in Mongoli\u00eb, Kazachstan en Kirgizi\u00eb. Bij het maken van kumis wordt rauwe, ongepasteuriseerde paardenmelk gefermenteerd met behulp van specifieke melkzuurbacteri\u00ebn en gist. <\/p>\n\n\n\n<p>De oorsprong van kumis gaat terug naar nomadische culturen in Centraal-Azi\u00eb. Deze gemeenschappen waren voor hun levensonderhoud voornamelijk afhankelijk van hun vee en ontdekten dat het fermenteren van <a href=\"https:\/\/www.equilac.com\/nl\/paardenmelk\/\">merriemelk<\/a> de houdbaarheid ervan verlengde. In de loop van de tijd werd Kumis een integraal onderdeel van verschillende Centraal-Aziatische di\u00ebten en ceremonies. In Mongoli\u00eb staat het ook bekend als airag en wordt het traditioneel geconsumeerd tijdens sociale bijeenkomsten en speciale gelegenheden.<\/p>\n\n\n\n<p>Een van de unieke kenmerken van kumis is het alcoholgehalte. Hoewel het alcoholgehalte relatief laag is, vari\u00ebrend van 0,5% tot 2,5%, is dit voldoende om de melk te bewaren en een aparte smaak te geven. Fermentatie produceert ook nuttige voedingsstoffen, waaronder probiotica, die de spijsvertering kunnen bevorderen en het immuunsysteem kunnen versterken.<\/p>\n\n\n\n<p>Wat de voedingswaarde betreft, is kumis rijk aan vitamines en mineralen, met name B-vitamines en calcium. Bovendien is de drank lactosevrij, waardoor hij beter verteerbaar is voor mensen met een lactose-intolerantie. Velen beweren dat kumis voordelen voor de gezondheid heeft, zoals het bevorderen van de spijsvertering en het verhogen van het energieniveau, hoewel er op dit gebied beperkt wetenschappelijk onderzoek is gedaan.<\/p>\n\n\n\n<p>Tegenwoordig krijgt kumis internationale erkenning en wordt het zelfs geproduceerd in landen buiten Centraal-Azi\u00eb. Met zijn unieke smaak en potenti\u00eble gezondheidsvoordelen is kumis meer dan alleen een cultureel overblijfsel; het is een fascinerend voorbeeld van hoe traditioneel eten en drinken zich kan aanpassen en bloeien in de moderne wereld. Of het nu wordt geconsumeerd vanwege zijn smaak, voedingswaarde of culturele betekenis, kumis blijft een geliefde drank voor veel mensen over de hele wereld.<\/p>\n","protected":false},"excerpt":{"rendered":"<p>Gefermenteerde paardenmelk, in Mongoli\u00eb bekend als kumis of airag, is een traditionele zuiveldrank gemaakt van paardenmelk. Het is een licht alcoholische drank die populair is in Centraal-Azi\u00eb, vooral in Mongoli\u00eb, Kazachstan en Kirgizi\u00eb. Bij het maken van kumis wordt rauwe, ongepasteuriseerde paardenmelk gefermenteerd met behulp van specifieke melkzuurbacteri\u00ebn en gist. De oorsprong van kumis gaat [&hellip;]<\/p>\n","protected":false},"author":1,"featured_media":11662,"parent":0,"menu_order":0,"comment_status":"closed","ping_status":"closed","template":"","meta":{"_uf_show_specific_survey":0,"_uf_disable_surveys":false,"footnotes":""},"categories":[213],"tags":[182],"class_list":["post-11670","page","type-page","status-publish","has-post-thumbnail","hentry","category-producten","tag-related-nl"],"jetpack_sharing_enabled":true,"_links":{"self":[{"href":"https:\/\/www.equilac.com\/nl\/wp-json\/wp\/v2\/pages\/11670","targetHints":{"allow":["GET"]}}],"collection":[{"href":"https:\/\/www.equilac.com\/nl\/wp-json\/wp\/v2\/pages"}],"about":[{"href":"https:\/\/www.equilac.com\/nl\/wp-json\/wp\/v2\/types\/page"}],"author":[{"embeddable":true,"href":"https:\/\/www.equilac.com\/nl\/wp-json\/wp\/v2\/users\/1"}],"replies":[{"embeddable":true,"href":"https:\/\/www.equilac.com\/nl\/wp-json\/wp\/v2\/comments?post=11670"}],"version-history":[{"count":4,"href":"https:\/\/www.equilac.com\/nl\/wp-json\/wp\/v2\/pages\/11670\/revisions"}],"predecessor-version":[{"id":13645,"href":"https:\/\/www.equilac.com\/nl\/wp-json\/wp\/v2\/pages\/11670\/revisions\/13645"}],"wp:featuredmedia":[{"embeddable":true,"href":"https:\/\/www.equilac.com\/nl\/wp-json\/wp\/v2\/media\/11662"}],"wp:attachment":[{"href":"https:\/\/www.equilac.com\/nl\/wp-json\/wp\/v2\/media?parent=11670"}],"wp:term":[{"taxonomy":"category","embeddable":true,"href":"https:\/\/www.equilac.com\/nl\/wp-json\/wp\/v2\/categories?post=11670"},{"taxonomy":"post_tag","embeddable":true,"href":"https:\/\/www.equilac.com\/nl\/wp-json\/wp\/v2\/tags?post=11670"}],"curies":[{"name":"wp","href":"https:\/\/api.w.org\/{rel}","templated":true}]}}