{"id":12256,"date":"2023-09-26T10:51:16","date_gmt":"2023-09-26T10:51:16","guid":{"rendered":"https:\/\/www.equilac.com\/huidverzorgingsproducten-op-basis-van-paardenmelk\/"},"modified":"2023-10-10T20:32:07","modified_gmt":"2023-10-10T20:32:07","slug":"huidverzorgingsproducten-op-basis-van-paardenmelk","status":"publish","type":"page","link":"https:\/\/www.equilac.com\/nl\/huidverzorgingsproducten-op-basis-van-paardenmelk\/","title":{"rendered":"Huidverzorgingsproducten op basis van paardenmelk"},"content":{"rendered":"\n<p>Paardenmelkcr\u00e8mes, shampoos en zepen zijn natuurlijke cosmetische producten die een oplossing bieden voor mensen met een droge, gevoelige huid. Deze producten, gemaakt van 100% natuurlijke paardenmelk, ondersteunen het herstellend vermogen van de huid en zijn ideaal voor mensen met een droge of gevoelige huid.<\/p>\n\n\n\n<p>Een aanzienlijk voordeel van huidverzorgingsproducten op basis van <a href=\"https:\/\/www.equilac.com\/nl\/paardenmelk\/\">paardenmelk<\/a> is dat ze pH-neutraal zijn. Ze behouden de natuurlijke pH-balans van de huid, waardoor de huid vocht kan vasthouden en het risico op uitdroging vermindert. <\/p>\n\n\n\n<p>Bovendien bevatten deze producten geen parabenen, een chemische stof die vaak wordt gebruikt om de houdbaarheid van huidverzorgingsproducten te verlengen. In plaats daarvan zorgen natuurlijke ingredi\u00ebnten voor de duurzaamheid van paardenmelk producten zonder de huid te irriteren.<\/p>\n\n\n\n<h2 class=\"wp-block-heading\">Paardenmelk cr\u00e8mes<\/h2>\n\n\n\n<p>Diverse <a href=\"https:\/\/www.equilac.com\/nl\/paardenmelk-creme-voor-de-droge-en-gevoelige-huid\/\">paardenmelk cr\u00e8mes<\/a>, zoals dagcr\u00e8me, nachtcr\u00e8me, handcr\u00e8me en bodylotion, zijn beschikbaar. Ze zijn geschikt voor zowel een droge als een vette huid en kunnen worden aangebracht op het gezicht, de ellebogen, de knie\u00ebn en andere droge of ge\u00efrriteerde plekken. Zo biedt een dagcr\u00e8me bijvoorbeeld extra bescherming en verlichting bij koud weer, terwijl een nachtcr\u00e8me de huid voedt terwijl u slaapt.<\/p>\n\n\n\n<h2 class=\"wp-block-heading\">Paardenmelkshampoo<\/h2>\n\n\n\n<p>Als u natuurlijke haarverzorging wilt, is <a href=\"https:\/\/www.equilac.com\/nl\/paardenmelk-shampoo-voor-gezond-haar\/\">paardenmelk shampoo<\/a> wellicht de perfecte keuze. Deze shampoo reinigt en verzorgt uw haar op een zachte en effectieve manier. Dankzij de natuurlijke ingredi\u00ebnten en pH-huidneutrale eigenschappen behoudt het de natuurlijke beschermingslaag van de huid, wat een gezonde hoofdhuid bevordert. Het resultaat? Een gezondere hoofdhuid, minder jeuk en schilfering, en haar dat er voller en glanzender uitziet.<\/p>\n\n\n\n<p>Het mooie van paardenmelk shampoo is dat het geen parabenen en synthetische conserveermiddelen bevat, waardoor het ideaal is voor mensen van alle leeftijden, vooral degenen die last hebben van een gevoelige hoofdhuid, eczeem of haaruitval. Voor een complete haarverzorging kunt u het combineren met een bijpassende conditioner en <a href=\"https:\/\/www.equilac.com\/nl\/product\/paardenmelk-capsules\/\" data-type=\"product\" data-id=\"1009\">paardenmelk capsules<\/a>.<\/p>\n\n\n\n<h2 class=\"wp-block-heading\">Paardenmelk zeep<\/h2>\n\n\n\n<p><a href=\"https:\/\/www.equilac.com\/nl\/paardenmelk-zeep-voor-een-zachte-huid\/\">Paardenmelk zeep<\/a> is een uniek huidverzorgingsproduct dat bijdraagt aan het herstel van uw huid. Deze zeep, gebaseerd op pure paardenmelk, is zacht voor uw huid en ideaal voor dagelijks gebruik. Het is speciaal ontwikkeld voor mensen met een droge of gevoelige huid en is ook een goede keuze voor degenen die gevoelig zijn voor parfum en\/of alcohol in zepen.<\/p>\n\n\n\n<p>Bovendien bevat de zeep alleen natuurlijke, allergeenvrije geuren en is het vrij van parabenen en SLS, waardoor het een hypoallergene keuze is voor huidverzorging.<\/p>\n","protected":false},"excerpt":{"rendered":"<p>Paardenmelkcr\u00e8mes, shampoos en zepen zijn natuurlijke cosmetische producten die een oplossing bieden voor mensen met een droge, gevoelige huid. Deze producten, gemaakt van 100% natuurlijke paardenmelk, ondersteunen het herstellend vermogen van de huid en zijn ideaal voor mensen met een droge of gevoelige huid. Een aanzienlijk voordeel van huidverzorgingsproducten op basis van paardenmelk is dat [&hellip;]<\/p>\n","protected":false},"author":1,"featured_media":12242,"parent":0,"menu_order":0,"comment_status":"closed","ping_status":"closed","template":"","meta":{"_uf_show_specific_survey":0,"_uf_disable_surveys":false,"footnotes":""},"categories":[213],"tags":[182],"class_list":["post-12256","page","type-page","status-publish","has-post-thumbnail","hentry","category-producten","tag-related-nl"],"jetpack_sharing_enabled":true,"_links":{"self":[{"href":"https:\/\/www.equilac.com\/nl\/wp-json\/wp\/v2\/pages\/12256","targetHints":{"allow":["GET"]}}],"collection":[{"href":"https:\/\/www.equilac.com\/nl\/wp-json\/wp\/v2\/pages"}],"about":[{"href":"https:\/\/www.equilac.com\/nl\/wp-json\/wp\/v2\/types\/page"}],"author":[{"embeddable":true,"href":"https:\/\/www.equilac.com\/nl\/wp-json\/wp\/v2\/users\/1"}],"replies":[{"embeddable":true,"href":"https:\/\/www.equilac.com\/nl\/wp-json\/wp\/v2\/comments?post=12256"}],"version-history":[{"count":3,"href":"https:\/\/www.equilac.com\/nl\/wp-json\/wp\/v2\/pages\/12256\/revisions"}],"predecessor-version":[{"id":13305,"href":"https:\/\/www.equilac.com\/nl\/wp-json\/wp\/v2\/pages\/12256\/revisions\/13305"}],"wp:featuredmedia":[{"embeddable":true,"href":"https:\/\/www.equilac.com\/nl\/wp-json\/wp\/v2\/media\/12242"}],"wp:attachment":[{"href":"https:\/\/www.equilac.com\/nl\/wp-json\/wp\/v2\/media?parent=12256"}],"wp:term":[{"taxonomy":"category","embeddable":true,"href":"https:\/\/www.equilac.com\/nl\/wp-json\/wp\/v2\/categories?post=12256"},{"taxonomy":"post_tag","embeddable":true,"href":"https:\/\/www.equilac.com\/nl\/wp-json\/wp\/v2\/tags?post=12256"}],"curies":[{"name":"wp","href":"https:\/\/api.w.org\/{rel}","templated":true}]}}