{"id":11638,"date":"2023-09-18T13:53:19","date_gmt":"2023-09-18T13:53:19","guid":{"rendered":"https:\/\/www.equilac.com\/hestemelkkrem-for-torr-og-sensitiv-hud\/"},"modified":"2023-09-29T16:53:39","modified_gmt":"2023-09-29T16:53:39","slug":"hestemelkkrem-for-torr-og-sensitiv-hud","status":"publish","type":"page","link":"https:\/\/www.equilac.com\/no\/hestemelkkrem-for-torr-og-sensitiv-hud\/","title":{"rendered":"Hestemelkkrem for t\u00f8rr og sensitiv hud"},"content":{"rendered":"\n<p>Hestemelkkrem er et naturlig <a href=\"https:\/\/www.equilac.com\/no\/hudpleieprodukter-basert-pa-hestemelk\/\" data-type=\"page\" data-id=\"12264\">hudpleieprodukt basert p\u00e5 hestemelk<\/a>. Det er en effektiv l\u00f8sning for \u00e5 lindre psoriasis, eksem, akne, t\u00f8rr hud og sensitiv hud.<\/p>\n\n\n\n<p>Kremer basert p\u00e5 hestemelk er tilgjengelige i forskjellige typer, inkludert dagkrem, nattkrem, h\u00e5ndkrem og bodylotion. De er egnet for t\u00f8rr til fet hud og kan p\u00e5f\u00f8res i ansiktet, p\u00e5 albuene, kn\u00e6rne og andre omr\u00e5der som er f\u00f8lsomme for dehydrering eller irritasjon. Disse kremene st\u00f8tter hudens naturlige gjenopprettingsevne.<\/p>\n\n\n\n<p>Dagkremen er egnet for generell bruk og kan p\u00e5f\u00f8res om morgenen. Den er perfekt for sensitiv, t\u00f8rr eller sprukket hud og gir ekstra lindring i kaldt v\u00e6r. Nattkremen n\u00e6rer huden din mens du sover og absorberes raskt i huden uten \u00e5 p\u00e5virke det naturlige laget. H\u00e5ndkremen absorberes raskt og er ideell for personer med hudproblemer p\u00e5 hendene.<\/p>\n\n\n\n<p>Laget av 100% naturlig hestemelk, inneholder disse kremene ingen skadelige parabener. De er pH-n\u00f8ytrale, opprettholder hudens naturlige pH-balanse, minimerer risikoen for dehydrering og gj\u00f8r huden egnet for alle hudtyper.<\/p>\n\n\n\n<p>Fri fra parabener og andre skadelige kjemikalier, sikres holdbarheten av disse hestemelkproduktene av naturlige, organiske ingredienser. De er ideelle for daglig bruk, st\u00f8tter hudens naturlige helbredelsesprosess og kan brukes som krem eller salve.<\/p>\n\n\n\n<p>Hestemelkkrem vil gj\u00f8re huden din myk, sunn og vakker. Den er kun for ekstern bruk og er spesielt egnet for t\u00f8rr og sensitiv hud. For ekstra h\u00e5rpleie, vurder <a href=\"https:\/\/www.equilac.com\/no\/hestemelk-sjampo-for-sunt-har\/\" data-type=\"page\" data-id=\"11925\">hestemelksjampo<\/a> for sunt h\u00e5r og <a href=\"https:\/\/www.equilac.com\/no\/hestemelksape-for-myk-hud\/\" data-type=\"page\" data-id=\"12208\">hestemelks\u00e5pe<\/a> for myk hud.<\/p>\n","protected":false},"excerpt":{"rendered":"<p>Hestemelkkrem er et naturlig hudpleieprodukt basert p\u00e5 hestemelk. Det er en effektiv l\u00f8sning for \u00e5 lindre psoriasis, eksem, akne, t\u00f8rr hud og sensitiv hud. Kremer basert p\u00e5 hestemelk er tilgjengelige i forskjellige typer, inkludert dagkrem, nattkrem, h\u00e5ndkrem og bodylotion. De er egnet for t\u00f8rr til fet hud og kan p\u00e5f\u00f8res i ansiktet, p\u00e5 albuene, kn\u00e6rne [&hellip;]<\/p>\n","protected":false},"author":1,"featured_media":11619,"parent":0,"menu_order":0,"comment_status":"closed","ping_status":"closed","template":"","meta":{"_uf_show_specific_survey":0,"_uf_disable_surveys":false,"footnotes":""},"categories":[156,140],"tags":[185],"class_list":["post-11638","page","type-page","status-publish","has-post-thumbnail","hentry","category-hoppemelk","category-horse-milk","tag-related-no"],"jetpack_sharing_enabled":true,"_links":{"self":[{"href":"https:\/\/www.equilac.com\/no\/wp-json\/wp\/v2\/pages\/11638","targetHints":{"allow":["GET"]}}],"collection":[{"href":"https:\/\/www.equilac.com\/no\/wp-json\/wp\/v2\/pages"}],"about":[{"href":"https:\/\/www.equilac.com\/no\/wp-json\/wp\/v2\/types\/page"}],"author":[{"embeddable":true,"href":"https:\/\/www.equilac.com\/no\/wp-json\/wp\/v2\/users\/1"}],"replies":[{"embeddable":true,"href":"https:\/\/www.equilac.com\/no\/wp-json\/wp\/v2\/comments?post=11638"}],"version-history":[{"count":2,"href":"https:\/\/www.equilac.com\/no\/wp-json\/wp\/v2\/pages\/11638\/revisions"}],"predecessor-version":[{"id":12754,"href":"https:\/\/www.equilac.com\/no\/wp-json\/wp\/v2\/pages\/11638\/revisions\/12754"}],"wp:featuredmedia":[{"embeddable":true,"href":"https:\/\/www.equilac.com\/no\/wp-json\/wp\/v2\/media\/11619"}],"wp:attachment":[{"href":"https:\/\/www.equilac.com\/no\/wp-json\/wp\/v2\/media?parent=11638"}],"wp:term":[{"taxonomy":"category","embeddable":true,"href":"https:\/\/www.equilac.com\/no\/wp-json\/wp\/v2\/categories?post=11638"},{"taxonomy":"post_tag","embeddable":true,"href":"https:\/\/www.equilac.com\/no\/wp-json\/wp\/v2\/tags?post=11638"}],"curies":[{"name":"wp","href":"https:\/\/api.w.org\/{rel}","templated":true}]}}