{"id":11925,"date":"2023-09-22T16:36:20","date_gmt":"2023-09-22T16:36:20","guid":{"rendered":"https:\/\/www.equilac.com\/hestemelk-sjampo-for-sunt-har\/"},"modified":"2023-09-25T11:21:56","modified_gmt":"2023-09-25T11:21:56","slug":"hestemelk-sjampo-for-sunt-har","status":"publish","type":"page","link":"https:\/\/www.equilac.com\/no\/hestemelk-sjampo-for-sunt-har\/","title":{"rendered":"Hestemelk sjampo for sunt h\u00e5r"},"content":{"rendered":"\n<p>Hvis du er en fan av naturlig h\u00e5rpleie, kan hestemelk sjampo v\u00e6re den perfekte l\u00f8sningen for deg. Denne sjampoen gir en mild og effektiv rensing og pleie av h\u00e5ret ditt. Takket v\u00e6re dens naturlige ingredienser og pH-n\u00f8ytrale egenskaper, bevarer den hudens naturlige beskyttelseslag og fremmer en sunn hodebunn.&#13;\n<\/p>\n\n<p>Denne sjampoen passer for folk i alle aldre, og er spesielt gunstig for de som opplever sensitiv hodebunn, eksem, kl\u00f8e eller flass. Hestemelk sjampo kan forbedre h\u00e5rvekst, volum og glans, spesielt ved h\u00e5rtap.&#13;\n<\/p>\n\n<p>En av fordelene med denne sjampoen er at den er fri for parabener og syntetiske konserveringsmidler. Den svir heller ikke i \u00f8ynene, noe som sikrer en behagelig vask. For en helhetlig h\u00e5rpleie, kan du kombinere den med en matchende balsam.&#13;\n<\/p>\n\t\t<div data-elementor-type=\"section\" data-elementor-id=\"12105\" class=\"elementor elementor-12105 elementor-12002\" data-elementor-post-type=\"elementor_library\">\n\t\t\t\t\t<section class=\"elementor-section elementor-top-section elementor-element elementor-element-934d590 elementor-section-boxed elementor-section-height-default elementor-section-height-default\" data-id=\"934d590\" data-element_type=\"section\" data-e-type=\"section\" data-settings=\"{&quot;background_background&quot;:&quot;classic&quot;}\">\n\t\t\t\t\t\t<div class=\"elementor-container elementor-column-gap-default\">\n\t\t\t\t\t<div class=\"elementor-column elementor-col-100 elementor-top-column elementor-element elementor-element-a4464de\" data-id=\"a4464de\" data-element_type=\"column\" data-e-type=\"column\">\n\t\t\t<div class=\"elementor-widget-wrap elementor-element-populated\">\n\t\t\t\t\t\t<div class=\"elementor-element elementor-element-b4bbacd elementor-widget elementor-widget-text-editor\" data-id=\"b4bbacd\" data-element_type=\"widget\" data-e-type=\"widget\" data-widget_type=\"text-editor.default\">\n\t\t\t\t<div class=\"elementor-widget-container\">\n\t\t\t\t\t\t\t\t\tOppdag flere hestemelkprodukter, inkludert <a href=\"https:\/\/www.equilac.com\/no\/hestemelkkrem-for-torr-og-sensitiv-hud\/\">hestemelkkrem<\/a> og <a href=\"https:\/\/www.equilac.com\/no\/hestemelkpulver\/\">hestemelkpulver<\/a>.\t\t\t\t\t\t\t\t<\/div>\n\t\t\t\t<\/div>\n\t\t\t\t\t<\/div>\n\t\t<\/div>\n\t\t\t\t\t<\/div>\n\t\t<\/section>\n\t\t\t\t<\/div>\n\t\t\n\n<p><\/p>\n\n<p>Det som gj\u00f8r den enda mer tiltalende, er dens anbefaling for personer med seborreisk eksem. I tillegg kan den kombineres med hestemelkkapsler for \u00e5 behandle eksem fra innsiden og ut.&#13;\n<\/p>\n\n<p>\u00c5 vaske h\u00e5ret med hestemelk sjampo er en nytelse for h\u00e5ret ditt og en beroligende opplevelse for hodebunnen din. De beroligende egenskapene til de naturlige ingrediensene sikrer at hodebunnen din f\u00f8ler seg avslappet. Regelmessig bruk kan gj\u00f8re h\u00e5ret ditt se fyldigere og sunnere ut.&#13;\n<\/p>\n\n<p>Hestemelk sjampo er det ideelle valget hvis du sikter etter en sunn hodebunn og skinnende h\u00e5r. Kombiner den med en passende balsam og, hvis n\u00f8dvendig, med hestemelkkapsler for de beste resultatene.<\/p>\n","protected":false},"excerpt":{"rendered":"<p>Hvis du er en fan av naturlig h\u00e5rpleie, kan hestemelk sjampo v\u00e6re den perfekte l\u00f8sningen for deg. Denne sjampoen gir en mild og effektiv rensing og pleie av h\u00e5ret ditt. Takket v\u00e6re dens naturlige ingredienser og pH-n\u00f8ytrale egenskaper, bevarer den hudens naturlige beskyttelseslag og fremmer en sunn hodebunn.&#13; Denne sjampoen passer for folk i alle [&hellip;]<\/p>\n","protected":false},"author":1,"featured_media":11906,"parent":0,"menu_order":0,"comment_status":"closed","ping_status":"closed","template":"","meta":{"_uf_show_specific_survey":0,"_uf_disable_surveys":false,"footnotes":""},"categories":[156],"tags":[185],"class_list":["post-11925","page","type-page","status-publish","has-post-thumbnail","hentry","category-hoppemelk","tag-related-no"],"jetpack_sharing_enabled":true,"_links":{"self":[{"href":"https:\/\/www.equilac.com\/no\/wp-json\/wp\/v2\/pages\/11925","targetHints":{"allow":["GET"]}}],"collection":[{"href":"https:\/\/www.equilac.com\/no\/wp-json\/wp\/v2\/pages"}],"about":[{"href":"https:\/\/www.equilac.com\/no\/wp-json\/wp\/v2\/types\/page"}],"author":[{"embeddable":true,"href":"https:\/\/www.equilac.com\/no\/wp-json\/wp\/v2\/users\/1"}],"replies":[{"embeddable":true,"href":"https:\/\/www.equilac.com\/no\/wp-json\/wp\/v2\/comments?post=11925"}],"version-history":[{"count":3,"href":"https:\/\/www.equilac.com\/no\/wp-json\/wp\/v2\/pages\/11925\/revisions"}],"predecessor-version":[{"id":12037,"href":"https:\/\/www.equilac.com\/no\/wp-json\/wp\/v2\/pages\/11925\/revisions\/12037"}],"wp:featuredmedia":[{"embeddable":true,"href":"https:\/\/www.equilac.com\/no\/wp-json\/wp\/v2\/media\/11906"}],"wp:attachment":[{"href":"https:\/\/www.equilac.com\/no\/wp-json\/wp\/v2\/media?parent=11925"}],"wp:term":[{"taxonomy":"category","embeddable":true,"href":"https:\/\/www.equilac.com\/no\/wp-json\/wp\/v2\/categories?post=11925"},{"taxonomy":"post_tag","embeddable":true,"href":"https:\/\/www.equilac.com\/no\/wp-json\/wp\/v2\/tags?post=11925"}],"curies":[{"name":"wp","href":"https:\/\/api.w.org\/{rel}","templated":true}]}}