{"id":12208,"date":"2023-09-25T16:44:29","date_gmt":"2023-09-25T16:44:29","guid":{"rendered":"https:\/\/www.equilac.com\/hestemelksape-for-myk-hud\/"},"modified":"2023-09-25T17:13:26","modified_gmt":"2023-09-25T17:13:26","slug":"hestemelksape-for-myk-hud","status":"publish","type":"page","link":"https:\/\/www.equilac.com\/no\/hestemelksape-for-myk-hud\/","title":{"rendered":"Hestemelks\u00e5pe for myk hud"},"content":{"rendered":"\n<p>Hestemelks\u00e5pe er et spesielt hudpleieprodukt som bidrar til din huds gjenoppretting. Denne unike s\u00e5pen, basert p\u00e5 ren hestemelk, er sk\u00e5nsom mot huden din og ideell for kontinuerlig bruk. Den er spesielt gunstig hvis du har t\u00f8rr eller sensitiv hud. Hestemelks\u00e5pe er ogs\u00e5 et godt valg for personer som er sensitive for parfyme og\/eller alkohol i s\u00e5per.<\/p>\n\n<p>S\u00e5pen er pH-n\u00f8ytral for huden, noe som betyr at pH-verdien er n\u00e6r din huds. En stabil pH-verdi er avgj\u00f8rende for \u00e5 opprettholde en sunn hud. Hestemelks\u00e5pe hjelper huden din med \u00e5 beholde fuktighet, reduserer sjansen for dehydrering, og bidrar til en sunn og hydrert hud. &#13;\n<\/p>\n\n\n<p><\/p>\n\n<p>I tillegg inneholder hestemelks\u00e5pe kun naturlig, allergivennlig parfyme og er fri for parabener og SLS, noe som gj\u00f8r det til et hypoallergenisk valg for hudpleie.<\/p>\n\n<p>For \u00e5 bruke hestemelks\u00e5pe, p\u00e5f\u00f8r den p\u00e5 din fuktige hud, la den skumme, og skyll den av med nok vann. Nyt naturlig rengj\u00f8ring og myk, pleiet hud med hestemelks\u00e5pe.<\/p>\n","protected":false},"excerpt":{"rendered":"<p>Hestemelks\u00e5pe er et spesielt hudpleieprodukt som bidrar til din huds gjenoppretting. Denne unike s\u00e5pen, basert p\u00e5 ren hestemelk, er sk\u00e5nsom mot huden din og ideell for kontinuerlig bruk. Den er spesielt gunstig hvis du har t\u00f8rr eller sensitiv hud. Hestemelks\u00e5pe er ogs\u00e5 et godt valg for personer som er sensitive for parfyme og\/eller alkohol i [&hellip;]<\/p>\n","protected":false},"author":1,"featured_media":12167,"parent":0,"menu_order":0,"comment_status":"closed","ping_status":"closed","template":"","meta":{"_uf_show_specific_survey":0,"_uf_disable_surveys":false,"footnotes":""},"categories":[156],"tags":[185],"class_list":["post-12208","page","type-page","status-publish","has-post-thumbnail","hentry","category-hoppemelk","tag-related-no"],"jetpack_sharing_enabled":true,"_links":{"self":[{"href":"https:\/\/www.equilac.com\/no\/wp-json\/wp\/v2\/pages\/12208","targetHints":{"allow":["GET"]}}],"collection":[{"href":"https:\/\/www.equilac.com\/no\/wp-json\/wp\/v2\/pages"}],"about":[{"href":"https:\/\/www.equilac.com\/no\/wp-json\/wp\/v2\/types\/page"}],"author":[{"embeddable":true,"href":"https:\/\/www.equilac.com\/no\/wp-json\/wp\/v2\/users\/1"}],"replies":[{"embeddable":true,"href":"https:\/\/www.equilac.com\/no\/wp-json\/wp\/v2\/comments?post=12208"}],"version-history":[{"count":1,"href":"https:\/\/www.equilac.com\/no\/wp-json\/wp\/v2\/pages\/12208\/revisions"}],"predecessor-version":[{"id":12209,"href":"https:\/\/www.equilac.com\/no\/wp-json\/wp\/v2\/pages\/12208\/revisions\/12209"}],"wp:featuredmedia":[{"embeddable":true,"href":"https:\/\/www.equilac.com\/no\/wp-json\/wp\/v2\/media\/12167"}],"wp:attachment":[{"href":"https:\/\/www.equilac.com\/no\/wp-json\/wp\/v2\/media?parent=12208"}],"wp:term":[{"taxonomy":"category","embeddable":true,"href":"https:\/\/www.equilac.com\/no\/wp-json\/wp\/v2\/categories?post=12208"},{"taxonomy":"post_tag","embeddable":true,"href":"https:\/\/www.equilac.com\/no\/wp-json\/wp\/v2\/tags?post=12208"}],"curies":[{"name":"wp","href":"https:\/\/api.w.org\/{rel}","templated":true}]}}