{"id":12264,"date":"2023-09-26T10:51:16","date_gmt":"2023-09-26T10:51:16","guid":{"rendered":"https:\/\/www.equilac.com\/hudpleieprodukter-basert-pa-hestemelk\/"},"modified":"2023-09-28T10:52:59","modified_gmt":"2023-09-28T10:52:59","slug":"hudpleieprodukter-basert-pa-hestemelk","status":"publish","type":"page","link":"https:\/\/www.equilac.com\/no\/hudpleieprodukter-basert-pa-hestemelk\/","title":{"rendered":"Hudpleieprodukter basert p\u00e5 hestemelk"},"content":{"rendered":"\n<p>Kremer, sjampoer og s\u00e5per med hestemelk er naturlige kosmetiske produkter som tilbyr en l\u00f8sning for personer med t\u00f8rr og sensitiv hud. Disse produktene, laget av 100% naturlig hestemelk, st\u00f8tter hudens evne til \u00e5 helbrede og er ideelle for individer med t\u00f8rr eller sensitiv hud.<\/p>\n\n<p>En betydelig fordel med hudpleieprodukter basert p\u00e5 hestemelk er at de er pH-n\u00f8ytrale, noe som opprettholder hudens naturlige pH-balanse. Ved \u00e5 opprettholde en balansert pH-verdi, kan huden beholde fuktighet, noe som reduserer risikoen for t\u00f8rrhet.<\/p>\n\n<p>I tillegg inneholder disse produktene ikke parabener, en kjemikalie som ofte brukes for \u00e5 forlenge holdbarheten til hudpleieprodukter. I stedet sikrer naturlige ingredienser levetiden til hestemelkprodukter uten \u00e5 irritere huden.<\/p>\n\n<h2 class=\"wp-block-heading\">Hestemelkkremer<\/h2>\n\n<p>Ulike <a href=\"https:\/\/www.equilac.com\/no\/hestemelkkrem-for-torr-og-sensitiv-hud\/\">hestemelkkremer<\/a> som dagkrem, nattkrem, h\u00e5ndkrem og bodylotion er tilgjengelige. De er egnet for b\u00e5de t\u00f8rr og fet hud og kan p\u00e5f\u00f8res i ansiktet, p\u00e5 albuene, kn\u00e6rne og andre t\u00f8rre eller irriterte omr\u00e5der. For eksempel tilbyr en dagkrem ekstra beskyttelse og lindring i kaldt v\u00e6r, mens en nattkrem n\u00e6rer huden mens du sover.<\/p>\n\n<h2 class=\"wp-block-heading\">Hestemelksjampo<\/h2>\n\n<p>Hvis du \u00f8nsker naturlig h\u00e5rpleie, kan <a href=\"https:\/\/www.equilac.com\/no\/hestemelk-sjampo-for-sunt-har\/\">hestemelksjampo<\/a> v\u00e6re det perfekte valget. Denne sjampoen renser og tar vare p\u00e5 h\u00e5ret ditt p\u00e5 en mild og effektiv m\u00e5te. Takket v\u00e6re de naturlige ingrediensene og de pH-n\u00f8ytrale egenskapene, opprettholder den hudens naturlige beskyttelseslag, noe som fremmer en sunn hodebunn. Resultatet? En sunnere hodebunn, mindre kl\u00f8e og flass, og h\u00e5r som ser fyldigere og blankere ut.<\/p>\n\n<p>Det flotte med hestemelksjampo er at den ikke inneholder parabener og syntetiske konserveringsmidler, noe som gj\u00f8r den ideell for personer i alle aldre, spesielt de som lider av sensitiv hodebunn, eksem eller h\u00e5rtap. For komplett h\u00e5rpleie kan du kombinere den med en matchende balsam og, om n\u00f8dvendig, hestemelkkapsler.<\/p>\n\n<h2 class=\"wp-block-heading\">Hestemelks\u00e5pe<\/h2>\n\n<p><a href=\"https:\/\/www.equilac.com\/no\/hestemelksape-for-myk-hud\/\">Hestemelks\u00e5pe<\/a> er et unikt hudplejeprodukt som bidrar til hudens restitusjon. Denne s\u00e5pen, basert p\u00e5 ren hestemelk, er mild mot huden din og ideell for daglig bruk. Den er spesielt utviklet for mennesker med t\u00f8rr eller sensitiv hud og er ogs\u00e5 et godt valg for de som er sensitive mot parfyme og\/eller alkohol i s\u00e5per.<\/p>\n\n<p>I tillegg inneholder s\u00e5pen kun naturlige, allergivennlige dufter og er fri for parabener og SLS, noe som gj\u00f8r den til et hypoallergent valg for hudpleie.<\/p>\n","protected":false},"excerpt":{"rendered":"<p>Kremer, sjampoer og s\u00e5per med hestemelk er naturlige kosmetiske produkter som tilbyr en l\u00f8sning for personer med t\u00f8rr og sensitiv hud. Disse produktene, laget av 100% naturlig hestemelk, st\u00f8tter hudens evne til \u00e5 helbrede og er ideelle for individer med t\u00f8rr eller sensitiv hud. En betydelig fordel med hudpleieprodukter basert p\u00e5 hestemelk er at de [&hellip;]<\/p>\n","protected":false},"author":1,"featured_media":12245,"parent":0,"menu_order":0,"comment_status":"closed","ping_status":"closed","template":"","meta":{"_uf_show_specific_survey":0,"_uf_disable_surveys":false,"footnotes":""},"categories":[156,140],"tags":[185],"class_list":["post-12264","page","type-page","status-publish","has-post-thumbnail","hentry","category-hoppemelk","category-horse-milk","tag-related-no"],"jetpack_sharing_enabled":true,"_links":{"self":[{"href":"https:\/\/www.equilac.com\/no\/wp-json\/wp\/v2\/pages\/12264","targetHints":{"allow":["GET"]}}],"collection":[{"href":"https:\/\/www.equilac.com\/no\/wp-json\/wp\/v2\/pages"}],"about":[{"href":"https:\/\/www.equilac.com\/no\/wp-json\/wp\/v2\/types\/page"}],"author":[{"embeddable":true,"href":"https:\/\/www.equilac.com\/no\/wp-json\/wp\/v2\/users\/1"}],"replies":[{"embeddable":true,"href":"https:\/\/www.equilac.com\/no\/wp-json\/wp\/v2\/comments?post=12264"}],"version-history":[{"count":1,"href":"https:\/\/www.equilac.com\/no\/wp-json\/wp\/v2\/pages\/12264\/revisions"}],"predecessor-version":[{"id":12265,"href":"https:\/\/www.equilac.com\/no\/wp-json\/wp\/v2\/pages\/12264\/revisions\/12265"}],"wp:featuredmedia":[{"embeddable":true,"href":"https:\/\/www.equilac.com\/no\/wp-json\/wp\/v2\/media\/12245"}],"wp:attachment":[{"href":"https:\/\/www.equilac.com\/no\/wp-json\/wp\/v2\/media?parent=12264"}],"wp:term":[{"taxonomy":"category","embeddable":true,"href":"https:\/\/www.equilac.com\/no\/wp-json\/wp\/v2\/categories?post=12264"},{"taxonomy":"post_tag","embeddable":true,"href":"https:\/\/www.equilac.com\/no\/wp-json\/wp\/v2\/tags?post=12264"}],"curies":[{"name":"wp","href":"https:\/\/api.w.org\/{rel}","templated":true}]}}