{"id":1392,"date":"2022-03-01T08:59:40","date_gmt":"2022-03-01T08:59:40","guid":{"rendered":"http:\/\/dev.equilac.com\/our-story\/"},"modified":"2023-10-09T08:40:24","modified_gmt":"2023-10-09T08:40:24","slug":"historien","status":"publish","type":"page","link":"https:\/\/www.equilac.com\/no\/historien\/","title":{"rendered":"Familiehistorien til Equilac\u00ae"},"content":{"rendered":"<p>Historien om Equilac\u00ae startet i 1996 p\u00e5 en hesteoppdrett i Belgia.<\/p>\n<p>Da den eldste s\u00f8nnen, Bart, s\u00e5 p\u00e5 et belgisk tv-show om hestemelk og helsemessige fordeler, bestemte han seg for \u00e5 forlate skolen da han fylte 18 \u00e5r for \u00e5 starte sin melkem\u00f8lleg\u00e5rd med foreldrenes hester.<\/p>\n<p>Bart\u2019s familie er oppdrettere av belgiske Warmblood sportshester, og i ung alder syklet han med foreldrene sine hester i showhoppekonkurranser.<\/p>\n<p>Sommeren 1998, noen dager etter at han gikk ut av skolen, begynte han \u00e5 melke hester og selge fersk og frossen hestemelk til venner, familie og mennesker som lider av helseproblemer som bodde i n\u00e6rheten av g\u00e5rden.<\/p>\n<p>Bart visste at han bare kunne tilby fersk <a href=\"https:\/\/www.equilac.com\/no\/hestemelk\/\">hestemelk<\/a> til folk som bor i n\u00e6rheten av g\u00e5rden p\u00e5 grunn av den korte holdbarheten p\u00e5 tre dager som fersk hestemelk har.<\/p>\n<p>Han tenkte p\u00e5 hvordan han kunne utvide virksomheten sin og gi flere mennesker tilgang til hestemelk, slik at de ogs\u00e5 kan dra nytte av hans unike produkt.<\/p>\n<p><img fetchpriority=\"high\" decoding=\"async\" src=\"http:\/\/www.equilac.com\/wp-content\/uploads\/2022\/03\/bart.jpg\" alt=\"Bart\" width=\"768\" height=\"500\" \/><\/p>\n<p><em>Bart, grunnlegger av Equilac\u00ae, tilbake i 1998 da han startet sin hestemelkfarm i Belgia.<\/em><\/p>\n<p>Bart visste at han bare kunne tilby fersk <a href=\"https:\/\/www.equilac.com\/no\/\">hestemelk<\/a> til folk som bor i n\u00e6rheten av g\u00e5rden p\u00e5 grunn av den korte holdbarheten p\u00e5 tre dager som fersk hestemelk har.<\/p>\n<p>Han tenkte p\u00e5 hvordan han kunne utvide virksomheten sin og gi flere mennesker tilgang til hestemelk, slik at de ogs\u00e5 kan dra nytte av hans unike produkt.<\/p>\n<p>Ideen kom til \u00e5 lage pulver av r\u00e5 hestemelk, slik at melkepulveret skulle f\u00e5 lengre holdbarhet, ble tilgjengelig p\u00e5 apotek og eksportert til andre land.<\/p>\n<p>Etter \u00e5 ha kontaktet nesten alle belgiske meieriprodusenter, fant han en fabrikk som \u00f8nsket \u00e5 pr\u00f8ve \u00e5 konvertere hestemelk til melkepulver.<\/p>\n<p>Testen var vellykket, og noen m\u00e5neder senere ble hestemelkpulver tilgjengelig i belgiske helsekostbutikker under navnet Equilac\u00ae.<\/p>\n<p>Varemerket Equilac\u00ae kommer fra de latinske ordene Equus (hest) og Lac (melk).<\/p>\n<p>Moren til Bart var farmas\u00f8yt, noe som ga ham innsikt i \u00e5 lage et kostholdstilskudd basert p\u00e5 hestemelkspulver.<\/p>\n<p><a href=\"https:\/\/www.equilac.com\/no\/produkt\/hestemelk-kapsler\/\">Kapslene<\/a> gjorde hestemelk enda mer tilgjengelig sammenlignet med hestemelkspulver fordi brukerne bare m\u00e5tte svelge kapsler i stedet for \u00e5 blande pulveret i vann og drikke det.<\/p>\n<p>Det var da 1999, og Equilac\u00ae-kapsler ble tilgjengelige i belgiske apotek.<\/p>\n<p>Samme \u00e5r bygde Bart ogs\u00e5 sin f\u00f8rste hjemmeside sammen med sin yngre bror Wim. Den f\u00f8rste online bestillingen fra USA kom inn, og dette ble starten p\u00e5 den verdensomspennende tilgjengeligheten av Equilac\u00ae som han dr\u00f8mte om da han startet sitt eventyr. Alle kunne n\u00e5 dra nytte av produktet hans.<\/p>\n<p>Gjennom \u00e5rene ble Equilac\u00ae tilgjengelig i flere land, og veksten av internett gjorde det tilgjengelig for flere som s\u00f8kte p\u00e5 nettet for \u00e5 behandle helseproblemer.<\/p>\n<p>I 2009 \u00e5pnet han et kontor i Chrysler Building i New York for \u00e5 fortsette den internasjonale utvidelsen av Equilac\u00ae.<\/p>\n","protected":false},"excerpt":{"rendered":"<p>Historien om Equilac\u00ae startet i 1996 p\u00e5 en hesteoppdrett i Belgia. Da den eldste s\u00f8nnen, Bart, s\u00e5 p\u00e5 et belgisk tv-show om hestemelk og helsemessige fordeler, bestemte han seg for \u00e5 forlate skolen da han fylte 18 \u00e5r for \u00e5 starte sin melkem\u00f8lleg\u00e5rd med foreldrenes hester. Bart\u2019s familie er oppdrettere av belgiske Warmblood sportshester, og [&hellip;]<\/p>\n","protected":false},"author":1,"featured_media":1168,"parent":0,"menu_order":0,"comment_status":"closed","ping_status":"closed","template":"","meta":{"_uf_show_specific_survey":0,"_uf_disable_surveys":false,"footnotes":""},"categories":[],"tags":[],"class_list":["post-1392","page","type-page","status-publish","has-post-thumbnail","hentry"],"jetpack_sharing_enabled":true,"_links":{"self":[{"href":"https:\/\/www.equilac.com\/no\/wp-json\/wp\/v2\/pages\/1392","targetHints":{"allow":["GET"]}}],"collection":[{"href":"https:\/\/www.equilac.com\/no\/wp-json\/wp\/v2\/pages"}],"about":[{"href":"https:\/\/www.equilac.com\/no\/wp-json\/wp\/v2\/types\/page"}],"author":[{"embeddable":true,"href":"https:\/\/www.equilac.com\/no\/wp-json\/wp\/v2\/users\/1"}],"replies":[{"embeddable":true,"href":"https:\/\/www.equilac.com\/no\/wp-json\/wp\/v2\/comments?post=1392"}],"version-history":[{"count":1,"href":"https:\/\/www.equilac.com\/no\/wp-json\/wp\/v2\/pages\/1392\/revisions"}],"predecessor-version":[{"id":13467,"href":"https:\/\/www.equilac.com\/no\/wp-json\/wp\/v2\/pages\/1392\/revisions\/13467"}],"wp:featuredmedia":[{"embeddable":true,"href":"https:\/\/www.equilac.com\/no\/wp-json\/wp\/v2\/media\/1168"}],"wp:attachment":[{"href":"https:\/\/www.equilac.com\/no\/wp-json\/wp\/v2\/media?parent=1392"}],"wp:term":[{"taxonomy":"category","embeddable":true,"href":"https:\/\/www.equilac.com\/no\/wp-json\/wp\/v2\/categories?post=1392"},{"taxonomy":"post_tag","embeddable":true,"href":"https:\/\/www.equilac.com\/no\/wp-json\/wp\/v2\/tags?post=1392"}],"curies":[{"name":"wp","href":"https:\/\/api.w.org\/{rel}","templated":true}]}}