{"id":14130,"date":"2023-10-15T17:29:17","date_gmt":"2023-10-15T17:29:17","guid":{"rendered":"https:\/\/www.equilac.com\/?page_id=14130"},"modified":"2023-10-16T17:19:58","modified_gmt":"2023-10-16T17:19:58","slug":"informasjonskapselpolicy","status":"publish","type":"page","link":"https:\/\/www.equilac.com\/no\/informasjonskapselpolicy\/","title":{"rendered":"Informasjonskapselpolicy"},"content":{"rendered":"<p>Sist oppdatert: 15\/11\/2023<\/p>\n<p><strong>Hva er informasjonskapsler (cookies)?<\/strong><\/p>\n<div class=\"cookie-policy-p\">\n<p>Denne informasjonskapselpolicyen forklarer hva informasjonskapsler er og hvordan vi bruker dem, hvilke typer informasjonskapsler vi bruker, dvs. informasjonen vi samler inn ved hjelp av informasjonskapsler, hvordan den informasjonen brukes, og hvordan du kan administrere innstillingene for informasjonskapsler.<\/p>\n<p>Informasjonskapsler er sm\u00e5 tekstfiler som lagrer sm\u00e5 biter av informasjon. De lagres p\u00e5 enheten din n\u00e5r nettstedet lastes i nettleseren din. Disse informasjonskapslene hjelper oss med \u00e5 f\u00e5 nettstedet til \u00e5 fungere riktig, gj\u00f8re det mer sikkert, gi en bedre brukeropplevelse, forst\u00e5 hvordan nettstedet yter, og analysere hva som fungerer og hvor det trengs forbedringer.<\/p>\n<\/div>\n<p><strong>Hvordan bruker vi informasjonskapsler?<\/strong><\/p>\n<div class=\"cookie-policy-p\">\n<p>Som med de fleste online tjenester, bruker v\u00e5rt nettsted f\u00f8rsteparts og tredjeparts informasjonskapsler for flere form\u00e5l. F\u00f8rsteparts informasjonskapsler er stort sett n\u00f8dvendige for at nettstedet skal fungere riktig, og de samler ikke inn dine personlig identifiserbare data.<\/p>\n<p>Tredjeparts informasjonskapsler som brukes p\u00e5 v\u00e5r nettside er hovedsakelig for \u00e5 forst\u00e5 hvordan nettstedet presterer, hvordan du samhandler med v\u00e5r nettside, holde v\u00e5re tjenester sikre, levere annonser som er relevante for deg, og generelt gi deg en bedre og forbedret brukeropplevelse og hjelpe med \u00e5 akselerere dine fremtidige interaksjoner med v\u00e5rt nettsted.<\/p>\n<\/div>\n<p><strong>Typer informasjonskapsler vi bruker<\/strong><\/p>\n<div class=\"cky-audit-table-element\"><\/div>\n<p style=\"margin-bottom: 20px;\"><strong>Administrer preferanser for informasjonskapsler<\/strong><\/p>\n<p><a class=\"cky-banner-element\">Innstillinger for informasjonskapsler<\/a><\/p>\n<div>\n<p>Du kan endre dine preferanser for informasjonskapsler n\u00e5r som helst ved \u00e5 klikke p\u00e5 knappen ovenfor. Dette vil la deg bes\u00f8ke samtykkebanneret for informasjonskapsler p\u00e5 nytt og endre dine preferanser eller trekke tilbake samtykket ditt umiddelbart.<\/p>\n<p>I tillegg gir ulike nettlesere forskjellige metoder for \u00e5 blokkere og slette informasjonskapsler som brukes av nettsteder. Du kan endre nettleserinnstillingene dine for \u00e5 blokkere\/slette informasjonskapsler. Nedenfor er st\u00f8ttedokumentene for h\u00e5ndtering og sletting av informasjonskapsler fra de st\u00f8rste nettleserne:<\/p>\n<p>Chrome: <a href=\"https:\/\/support.google.com\/accounts\/answer\/32050\" target=\"_blank\" rel=\"noopener\">https:\/\/support.google.com\/accounts\/answer\/32050<\/a><\/p>\n<p>Safari: <a href=\"https:\/\/support.apple.com\/no-no\/guide\/safari\/sfri11471\/mac\" target=\"_blank\" rel=\"noopener\">https:\/\/support.apple.com\/no-no\/guide\/safari\/sfri11471\/mac<\/a><\/p>\n<p>Firefox: <a href=\"https:\/\/support.mozilla.org\/nb\/kb\/slett-kaker-for-a-fjerne-informasjon-nettsteder-har-lagret\" target=\"_blank\" rel=\"noopener\">https:\/\/support.mozilla.org\/nb\/kb\/slett-kaker-for-a-fjerne-informasjon-nettsteder-har-lagret<\/a><\/p>\n<p>Internet Explorer: <a href=\"https:\/\/support.microsoft.com\/nb-no\/help\/17442\/windows-internet-explorer-delete-manage-cookies\" target=\"_blank\" rel=\"noopener\">https:\/\/support.microsoft.com\/nb-no\/help\/17442\/windows-internet-explorer-delete-manage-cookies<\/a><\/p>\n<p>Hvis du bruker en annen nettleser, vennligst bes\u00f8k nettleserens offisielle st\u00f8ttedokumenter.<\/p>\n","protected":false},"excerpt":{"rendered":"<p>Sist oppdatert: 15\/11\/2023 Hva er informasjonskapsler (cookies)? Denne informasjonskapselpolicyen forklarer hva informasjonskapsler er og hvordan vi bruker dem, hvilke typer informasjonskapsler vi bruker, dvs. informasjonen vi samler inn ved hjelp av informasjonskapsler, hvordan den informasjonen brukes, og hvordan du kan administrere innstillingene for informasjonskapsler. Informasjonskapsler er sm\u00e5 tekstfiler som lagrer sm\u00e5 biter av informasjon. De [&hellip;]<\/p>\n","protected":false},"author":1,"featured_media":0,"parent":0,"menu_order":0,"comment_status":"closed","ping_status":"closed","template":"","meta":{"_uf_show_specific_survey":0,"_uf_disable_surveys":false,"footnotes":""},"categories":[],"tags":[],"class_list":["post-14130","page","type-page","status-publish","hentry"],"jetpack_sharing_enabled":true,"_links":{"self":[{"href":"https:\/\/www.equilac.com\/no\/wp-json\/wp\/v2\/pages\/14130","targetHints":{"allow":["GET"]}}],"collection":[{"href":"https:\/\/www.equilac.com\/no\/wp-json\/wp\/v2\/pages"}],"about":[{"href":"https:\/\/www.equilac.com\/no\/wp-json\/wp\/v2\/types\/page"}],"author":[{"embeddable":true,"href":"https:\/\/www.equilac.com\/no\/wp-json\/wp\/v2\/users\/1"}],"replies":[{"embeddable":true,"href":"https:\/\/www.equilac.com\/no\/wp-json\/wp\/v2\/comments?post=14130"}],"version-history":[{"count":1,"href":"https:\/\/www.equilac.com\/no\/wp-json\/wp\/v2\/pages\/14130\/revisions"}],"predecessor-version":[{"id":14131,"href":"https:\/\/www.equilac.com\/no\/wp-json\/wp\/v2\/pages\/14130\/revisions\/14131"}],"wp:attachment":[{"href":"https:\/\/www.equilac.com\/no\/wp-json\/wp\/v2\/media?parent=14130"}],"wp:term":[{"taxonomy":"category","embeddable":true,"href":"https:\/\/www.equilac.com\/no\/wp-json\/wp\/v2\/categories?post=14130"},{"taxonomy":"post_tag","embeddable":true,"href":"https:\/\/www.equilac.com\/no\/wp-json\/wp\/v2\/tags?post=14130"}],"curies":[{"name":"wp","href":"https:\/\/api.w.org\/{rel}","templated":true}]}}