{"id":2541,"date":"2022-03-11T11:14:51","date_gmt":"2022-03-11T11:14:51","guid":{"rendered":"http:\/\/dev.equilac.com\/lactoferrin\/"},"modified":"2023-10-09T07:31:08","modified_gmt":"2023-10-09T07:31:08","slug":"laktoferrin","status":"publish","type":"page","link":"https:\/\/www.equilac.com\/no\/laktoferrin\/","title":{"rendered":"Hestemelk er rik p\u00e5 laktoferrin"},"content":{"rendered":"<p><a href=\"https:\/\/www.equilac.com\/no\/hestemelk\/\">Hestemelk<\/a> er en utmerket kilde til laktoferrin, et protein kjent for sine positive helseeffekter. Equilac\u00ae hestemelk kapsler inneholder laktoferrin i naturlig form som er tilgjengelig i h\u00f8y konsentrasjon i hestemelk, akkurat som i morsmelk og r\u00e5melk.<\/p>\n<p>Laktoferrin er et glykoprotein, en type protein som inneholder karbohydrater. Det er ogs\u00e5 en verdifull immunsystemkomponent og er avgj\u00f8rende for tarmens funksjon og generelle motstand.<\/p>\n<p>Laktoferrin virker innenfra for \u00e5 bekjempe bakterier og styrke immunforsvaret. Dette stoffet har antibakterielle og antivirale egenskaper og er et naturlig antibiotikum. Det fanger jernpartikler fra milj\u00f8et, og hemmer veksten av bakterier.<\/p>\n<p>Du kan ta laktoferrin som kosttilskudd i kapsler eller pulver. Den anbefalte daglige dosen er mellom 150 mg og 500 mg. \u00c5 velge den naturlige formen av laktoferrin, som finnes i Equilac\u00ae hestemelkkapsler, er tilr\u00e5delig i stedet for den syntetiske formen apolaktoferrin.<\/p>\n<p>Nyere studier har vist at laktoferrin kan hjelpe mot hudsykdommer som akne, psoriasis og eksem. Etter tre m\u00e5neder vil laktoferrintilskudd og vitamin E og sink berolige betent hud betydelig.<\/p>\n<p>Kort sagt, <a href=\"https:\/\/www.equilac.com\/no\/produkt\/hestemelk-kapsler\/\">hestemelkkapsler som Equilac\u00ae<\/a> er rike p\u00e5 laktoferrin, som gir mange fordeler for tarmen, motstanden og immunsystemet. Det er en naturlig m\u00e5te \u00e5 st\u00f8tte helsen din p\u00e5 fra innsiden og ut.<\/p>\n","protected":false},"excerpt":{"rendered":"<p>Hestemelk er en utmerket kilde til laktoferrin, et protein kjent for sine positive helseeffekter. Equilac\u00ae hestemelk kapsler inneholder laktoferrin i naturlig form som er tilgjengelig i h\u00f8y konsentrasjon i hestemelk, akkurat som i morsmelk og r\u00e5melk. Laktoferrin er et glykoprotein, en type protein som inneholder karbohydrater. Det er ogs\u00e5 en verdifull immunsystemkomponent og er avgj\u00f8rende [&hellip;]<\/p>\n","protected":false},"author":1,"featured_media":2493,"parent":0,"menu_order":0,"comment_status":"closed","ping_status":"closed","template":"","meta":{"_uf_show_specific_survey":0,"_uf_disable_surveys":false,"footnotes":""},"categories":[156,245],"tags":[185],"class_list":["post-2541","page","type-page","status-publish","has-post-thumbnail","hentry","category-hoppemelk","category-sammensetning","tag-related-no"],"jetpack_sharing_enabled":true,"_links":{"self":[{"href":"https:\/\/www.equilac.com\/no\/wp-json\/wp\/v2\/pages\/2541","targetHints":{"allow":["GET"]}}],"collection":[{"href":"https:\/\/www.equilac.com\/no\/wp-json\/wp\/v2\/pages"}],"about":[{"href":"https:\/\/www.equilac.com\/no\/wp-json\/wp\/v2\/types\/page"}],"author":[{"embeddable":true,"href":"https:\/\/www.equilac.com\/no\/wp-json\/wp\/v2\/users\/1"}],"replies":[{"embeddable":true,"href":"https:\/\/www.equilac.com\/no\/wp-json\/wp\/v2\/comments?post=2541"}],"version-history":[{"count":1,"href":"https:\/\/www.equilac.com\/no\/wp-json\/wp\/v2\/pages\/2541\/revisions"}],"predecessor-version":[{"id":13432,"href":"https:\/\/www.equilac.com\/no\/wp-json\/wp\/v2\/pages\/2541\/revisions\/13432"}],"wp:featuredmedia":[{"embeddable":true,"href":"https:\/\/www.equilac.com\/no\/wp-json\/wp\/v2\/media\/2493"}],"wp:attachment":[{"href":"https:\/\/www.equilac.com\/no\/wp-json\/wp\/v2\/media?parent=2541"}],"wp:term":[{"taxonomy":"category","embeddable":true,"href":"https:\/\/www.equilac.com\/no\/wp-json\/wp\/v2\/categories?post=2541"},{"taxonomy":"post_tag","embeddable":true,"href":"https:\/\/www.equilac.com\/no\/wp-json\/wp\/v2\/tags?post=2541"}],"curies":[{"name":"wp","href":"https:\/\/api.w.org\/{rel}","templated":true}]}}