{"id":7644,"date":"2023-07-02T12:36:51","date_gmt":"2023-07-02T12:36:51","guid":{"rendered":"https:\/\/www.equilac.com\/hestemelk-kapsler-for-hudproblemer\/"},"modified":"2023-10-09T06:55:17","modified_gmt":"2023-10-09T06:55:17","slug":"hestemelk-kapsler-for-hudproblemer","status":"publish","type":"page","link":"https:\/\/www.equilac.com\/no\/hestemelk-kapsler-for-hudproblemer\/","title":{"rendered":"Hestemelk behandler hudproblemer fra innsiden og ut"},"content":{"rendered":"<p><a href=\"https:\/\/www.equilac.com\/no\/hestemelk\/\">Hestemelk<\/a> kan hjelpe som et naturlig middel mot hudlidelser som psoriasis, eksem og akne. Denne naturlige behandlingen brukes oftere for \u00e5 behandle hudproblemer fra innsiden. Hestemelk tar for seg hudproblemer fra innsiden i stedet for bare symptomene som kortikosteroider kan midlertidig maskere. Hestemelk er ikke en midlertidig, rask l\u00f8sning, men en gradvis, langsiktig behandling mot sunnere hud.<\/p>\n<p>Helsen til tarmen din p\u00e5virker huden din betydelig, kjent som tarm-hud-aksen, og det er her hestemelk spiller en viktig rolle i \u00e5 lindre hudproblemer fra innsiden.<\/p>\n<p>Hestemelk inneholder laktorferrin, et protein som er gunstig for din tarmflora og immunsystem. Laktorferrin er kjent for sine antimikrobielle og antiinflammatoriske egenskaper. Det bidrar til en sunn tarmflora, og sikrer en balanse av gunstige <a href=\"https:\/\/sml.snl.no\/tarmbakterier\" target=\"_blank\" rel=\"nofollow noopener\">tarmbakterier<\/a>. En balansert tarm er avgj\u00f8rende for riktig immunfunksjon, n\u00e6ringsopptak, og forebygging av betennelse, som direkte p\u00e5virker hudhelsen.<\/p>\n<p><a href=\"https:\/\/www.equilac.com\/no\/produkt\/hestemelk-kapsler\/\">Hestemelk kapsler<\/a> kan brukes som en uavhengig behandling for hudproblemer eller som et tilskudd til andre terapier. \u00c5 bruke hestemelk er et trygt, naturlig alternativ for \u00e5 forbedre din generelle helse og hudtilstand fra innsiden.<\/p>\n<p>Den <a href=\"https:\/\/www.equilac.com\/no\/sammensetning-av-hestemelk\/\">naturlige sammensetningen av hestemelk<\/a> minimerer risikoen for <a href=\"https:\/\/www.equilac.com\/no\/hestemelk-og-mulige-bivirkninger\/\">bivirkninger<\/a>, noe som gj\u00f8r det til et passende valg hvis du foretrekker naturlige midler. Det anbefales \u00e5 ta hestemelk kapsler i minst tre m\u00e5neder for \u00e5 merke forbedring i hudtilstanden din.<\/p>\n<p>Brukererfaringer med hestemelk har vist positive resultater for f\u00f8lgende hudproblemer:<\/p>\n<h2>Psoriasis<\/h2>\n<p>Hestemelk kapsler, som for eksempel Equilac\u00ae, kan hjelpe med \u00e5 lindre symptomer p\u00e5 psoriasis, redusere r\u00f8dhet, kl\u00f8e og flassing. Hele 62% av Equilac\u00ae-brukerne legger merke til reduserte psoriasis symptomer innen tre m\u00e5neder. Det er spesielt gunstig for brukere som har pr\u00f8vd forskjellige behandlinger med begrenset suksess.<\/p>\n<p>Som en <a href=\"https:\/\/www.equilac.com\/no\/psoriasis\/\">naturlig psoriasis behandling<\/a>, kan hestemelk kapsler komplettere andre psoriasisbehandlinger, som kortikosteroider. Hestemelk er en naturlig, immunforsterkende l\u00f8sning for effektivt \u00e5 h\u00e5ndtere og redusere psoriasis symptomer som en del av en omfattende behandlingsplan.<\/p>\n<h2>Eksem<\/h2>\n<p>De som lider av eksem kan finne mulig lindring med hestemelk kapsler, en <a href=\"https:\/\/www.equilac.com\/no\/hestemelk-mot-eksem\/\">alternativ behandling for eksem<\/a> som adresserer b\u00e5de symptomer og \u00e5rsaker til eksem internt. De antiinflammatoriske fordelene med hestemelk bekjemper effektivt forskjellige typer eksem, inkludert seborroisk og nummular dermatitt. Langvarig bruk av hestemelk kapsler lar huden, kroppen, og immunsystemet ditt tilpasse seg, noe som leder til reduserte eksem symptomer.<\/p>\n<h2>Akne<\/h2>\n<p>Hestemelk tilbyr en trygg og effektiv metode for \u00e5 <a href=\"https:\/\/www.equilac.com\/no\/hestemelk-akne\/\">bekjempe akne fra innsiden<\/a>, et utbredt hudproblem preget av kviser, hudormer og komedoner. Hestemelk kapsler er en naturlig og alternativ l\u00f8sning for akne, som tar for seg b\u00e5de symptomene og rot\u00e5rsakene. Dette kosttilskuddet hjelper til med \u00e5 redusere akne og kviser for klarere hud. Som en naturlig behandling fra innsiden, kan hestemelk kapsler komplementere andre aknebehandlinger for optimale resultater.<\/p>\n","protected":false},"excerpt":{"rendered":"<p>Hestemelk kan hjelpe som et naturlig middel mot hudlidelser som psoriasis, eksem og akne. Denne naturlige behandlingen brukes oftere for \u00e5 behandle hudproblemer fra innsiden. Hestemelk tar for seg hudproblemer fra innsiden i stedet for bare symptomene som kortikosteroider kan midlertidig maskere. Hestemelk er ikke en midlertidig, rask l\u00f8sning, men en gradvis, langsiktig behandling mot [&hellip;]<\/p>\n","protected":false},"author":1,"featured_media":4680,"parent":0,"menu_order":0,"comment_status":"closed","ping_status":"closed","template":"","meta":{"_uf_show_specific_survey":0,"_uf_disable_surveys":false,"footnotes":""},"categories":[159],"tags":[185],"class_list":["post-7644","page","type-page","status-publish","has-post-thumbnail","hentry","category-hudproblemer","tag-related-no"],"jetpack_sharing_enabled":true,"_links":{"self":[{"href":"https:\/\/www.equilac.com\/no\/wp-json\/wp\/v2\/pages\/7644","targetHints":{"allow":["GET"]}}],"collection":[{"href":"https:\/\/www.equilac.com\/no\/wp-json\/wp\/v2\/pages"}],"about":[{"href":"https:\/\/www.equilac.com\/no\/wp-json\/wp\/v2\/types\/page"}],"author":[{"embeddable":true,"href":"https:\/\/www.equilac.com\/no\/wp-json\/wp\/v2\/users\/1"}],"replies":[{"embeddable":true,"href":"https:\/\/www.equilac.com\/no\/wp-json\/wp\/v2\/comments?post=7644"}],"version-history":[{"count":2,"href":"https:\/\/www.equilac.com\/no\/wp-json\/wp\/v2\/pages\/7644\/revisions"}],"predecessor-version":[{"id":13404,"href":"https:\/\/www.equilac.com\/no\/wp-json\/wp\/v2\/pages\/7644\/revisions\/13404"}],"wp:featuredmedia":[{"embeddable":true,"href":"https:\/\/www.equilac.com\/no\/wp-json\/wp\/v2\/media\/4680"}],"wp:attachment":[{"href":"https:\/\/www.equilac.com\/no\/wp-json\/wp\/v2\/media?parent=7644"}],"wp:term":[{"taxonomy":"category","embeddable":true,"href":"https:\/\/www.equilac.com\/no\/wp-json\/wp\/v2\/categories?post=7644"},{"taxonomy":"post_tag","embeddable":true,"href":"https:\/\/www.equilac.com\/no\/wp-json\/wp\/v2\/tags?post=7644"}],"curies":[{"name":"wp","href":"https:\/\/api.w.org\/{rel}","templated":true}]}}