{"id":7652,"date":"2023-08-01T19:04:01","date_gmt":"2023-08-01T19:04:01","guid":{"rendered":"https:\/\/www.equilac.com\/paardenmelk-darmflora\/"},"modified":"2023-10-06T14:56:53","modified_gmt":"2023-10-06T14:56:53","slug":"hestemelk-fremmer-tarmfloraen","status":"publish","type":"page","link":"https:\/\/www.equilac.com\/no\/hestemelk-fremmer-tarmfloraen\/","title":{"rendered":"Hestemelk fremmer tarmfloraen"},"content":{"rendered":"<p><a href=\"https:\/\/www.equilac.com\/no\/hestemelk\/\">Hestemelk<\/a> fremmer tarmfloraen ved \u00e5 fungere som et naturlig probiotikum. Det bidrar til \u00e5 opprettholde en sunn balanse mellom gode og skadelige bakterier i tarmen, noe som er avgj\u00f8rende for optimal ford\u00f8yelse, n\u00e6ringsopptak og generell helse.<\/p>\n<p>Hestemelk er fullpakket med nyttige bakterier, noe som gj\u00f8r den til et kraftig naturlig probiotikum. Disse bakteriene bidrar til tarmfloraens helse, ogs\u00e5 kalt tarmmikrobiomet. Et balansert tarmmikrobiom er avgj\u00f8rende for et velfungerende ford\u00f8yelsessystem, effektiv opptak av n\u00e6ringsstoffer og et <a href=\"https:\/\/www.equilac.com\/no\/hestemelk-og-immunforsvaret\/\">sterkt immunsystem<\/a>.<\/p>\n<p>Hvis tarmfloraen din blir ubalansert p\u00e5 grunn av sykdom eller antibiotika, kan du oppleve ford\u00f8yelsesproblemer som diar\u00e9, forstoppelse og oppbl\u00e5sthet. Hestemelk kan bidra til \u00e5 gjenopprette denne balansen ved \u00e5 fylle p\u00e5 gode bakterier og hjelpe til med \u00e5 fjerne avfall. Laktoferrin, et protein i hestemelk, forbedrer fordelene ytterligere ved \u00e5 tilby antiinflammatoriske og antimikrobielle egenskaper som bekjemper skadelige bakterier.<\/p>\n<p>De positive effektene av hestemelk strekker seg utover tarmen. Det er en direkte sammenheng mellom helsen til tarmfloraen din og tilstanden til huden din, ofte referert til som tarm-hud-aksen. En ubalansert tarmflora kan f\u00f8re til <a href=\"https:\/\/www.equilac.com\/no\/hestemelk-kapsler-for-hudproblemer\/\">hudproblemer<\/a> som eksem, psoriasis og akne. Hoppemelk virker innenfra for \u00e5 forbedre tarmhelsen og hudforholdene.<\/p>\n<p>For varige fordeler p\u00e5 tarm- og hudhelsen, er det tilr\u00e5delig \u00e5 bruke <a href=\"https:\/\/www.equilac.com\/no\/produkt\/hestemelk-kapsler\/\">hestemelkkapsler<\/a> i minst tre m\u00e5neder p\u00e5 rad. Disse kapslene gj\u00f8r det enklere \u00e5 inkludere hestemelk i ditt daglige helseregime.<\/p>\n<p>Hestemelk virker innenfra for \u00e5 forbedre tarmfloraen, \u00f8ke immunforsvaret og fremme generell velv\u00e6re. Dens unike egenskaper gj\u00f8r den til en utmerket naturlig l\u00f8sning for ulike helseproblemer, fra ford\u00f8yelsesforstyrrelser til hudproblemer. Ved \u00e5 fremme sunn tarmflora, hjelper hestemelk med effektiv nedbrytning og absorpsjon av n\u00e6ringsstoffer, noe som muliggj\u00f8r en bedre fungerende kropp.<\/p>\n","protected":false},"excerpt":{"rendered":"<p>Hestemelk fremmer tarmfloraen ved \u00e5 fungere som et naturlig probiotikum. Det bidrar til \u00e5 opprettholde en sunn balanse mellom gode og skadelige bakterier i tarmen, noe som er avgj\u00f8rende for optimal ford\u00f8yelse, n\u00e6ringsopptak og generell helse. Hestemelk er fullpakket med nyttige bakterier, noe som gj\u00f8r den til et kraftig naturlig probiotikum. Disse bakteriene bidrar til [&hellip;]<\/p>\n","protected":false},"author":1,"featured_media":6194,"parent":0,"menu_order":0,"comment_status":"closed","ping_status":"closed","template":"","meta":{"_uf_show_specific_survey":0,"_uf_disable_surveys":false,"footnotes":""},"categories":[158],"tags":[185],"class_list":["post-7652","page","type-page","status-publish","has-post-thumbnail","hentry","category-tarmflora","tag-related-no"],"jetpack_sharing_enabled":true,"_links":{"self":[{"href":"https:\/\/www.equilac.com\/no\/wp-json\/wp\/v2\/pages\/7652","targetHints":{"allow":["GET"]}}],"collection":[{"href":"https:\/\/www.equilac.com\/no\/wp-json\/wp\/v2\/pages"}],"about":[{"href":"https:\/\/www.equilac.com\/no\/wp-json\/wp\/v2\/types\/page"}],"author":[{"embeddable":true,"href":"https:\/\/www.equilac.com\/no\/wp-json\/wp\/v2\/users\/1"}],"replies":[{"embeddable":true,"href":"https:\/\/www.equilac.com\/no\/wp-json\/wp\/v2\/comments?post=7652"}],"version-history":[{"count":1,"href":"https:\/\/www.equilac.com\/no\/wp-json\/wp\/v2\/pages\/7652\/revisions"}],"predecessor-version":[{"id":13392,"href":"https:\/\/www.equilac.com\/no\/wp-json\/wp\/v2\/pages\/7652\/revisions\/13392"}],"wp:featuredmedia":[{"embeddable":true,"href":"https:\/\/www.equilac.com\/no\/wp-json\/wp\/v2\/media\/6194"}],"wp:attachment":[{"href":"https:\/\/www.equilac.com\/no\/wp-json\/wp\/v2\/media?parent=7652"}],"wp:term":[{"taxonomy":"category","embeddable":true,"href":"https:\/\/www.equilac.com\/no\/wp-json\/wp\/v2\/categories?post=7652"},{"taxonomy":"post_tag","embeddable":true,"href":"https:\/\/www.equilac.com\/no\/wp-json\/wp\/v2\/tags?post=7652"}],"curies":[{"name":"wp","href":"https:\/\/api.w.org\/{rel}","templated":true}]}}