{"id":8077,"date":"2023-06-11T17:42:01","date_gmt":"2023-06-11T17:42:01","guid":{"rendered":"https:\/\/www.equilac.com\/hvordan-lages-hestemelk\/"},"modified":"2023-09-26T10:02:24","modified_gmt":"2023-09-26T10:02:24","slug":"hvordan-lages-hestemelk","status":"publish","type":"page","link":"https:\/\/www.equilac.com\/no\/hvordan-lages-hestemelk\/","title":{"rendered":"Hvordan lages hestemelk?"},"content":{"rendered":"<p>Hestemelk produseres i spesialg\u00e5rder kalt hestemeierier. Etter f\u00f8llets f\u00f8dsel blir hoppen med f\u00f8llet i to m\u00e5neder for \u00e5 gi tilstrekkelig n\u00e6ring. Etter denne perioden skilles hoppen fra f\u00f8llet sitt daglig i noen timer for \u00e5 bli melket.<\/p>\n<p>Hestemelkproduksjon er en forsiktig og dyrevennlig prosess med spesielle melkemaskiner tilpasset hoppens jur. Melking av hoppen skjer 2 \u2013 5 ganger daglig, med pauser p\u00e5 opptil tre timer mellom melke\u00f8ktene. Disse maskinene overholder internasjonale hygieneforskrifter for \u00e5 garantere melkekvalitet.<\/p>\n<p>Etter melking avkj\u00f8les den r\u00e5 hestemelken til 3\u00b0 Celsius eller fryses s\u00e5 raskt som mulig for \u00e5 bevare friskheten. Ved behov kan fersk melk omdannes til hestemelkpulver og behandles i kapsler.<\/p>\n<p>Avhengig av hoppens rase, produseres opptil 10 liter hestemelk per dag, og omtrent to liter hestemelk bevares for menneskelig konsum; dette sikrer at de voksende f\u00f8llene fortsatt blir tilstrekkelig matet.<\/p>\n<p>Separasjonsperioden lar f\u00f8llene spise f\u00f8llf\u00f4r og h\u00f8y og leke med hverandre, noe som hjelper i deres videre utvikling.<\/p>\n","protected":false},"excerpt":{"rendered":"<p>Hestemelk produseres i spesialg\u00e5rder kalt hestemeierier. Etter f\u00f8llets f\u00f8dsel blir hoppen med f\u00f8llet i to m\u00e5neder for \u00e5 gi tilstrekkelig n\u00e6ring. Etter denne perioden skilles hoppen fra f\u00f8llet sitt daglig i noen timer for \u00e5 bli melket. Hestemelkproduksjon er en forsiktig og dyrevennlig prosess med spesielle melkemaskiner tilpasset hoppens jur. Melking av hoppen skjer 2 [&hellip;]<\/p>\n","protected":false},"author":1,"featured_media":1245,"parent":0,"menu_order":0,"comment_status":"closed","ping_status":"closed","template":"","meta":{"_uf_show_specific_survey":0,"_uf_disable_surveys":false,"footnotes":""},"categories":[229],"tags":[185],"class_list":["post-8077","page","type-page","status-publish","has-post-thumbnail","hentry","category-informatie","tag-related-no"],"jetpack_sharing_enabled":true,"_links":{"self":[{"href":"https:\/\/www.equilac.com\/no\/wp-json\/wp\/v2\/pages\/8077","targetHints":{"allow":["GET"]}}],"collection":[{"href":"https:\/\/www.equilac.com\/no\/wp-json\/wp\/v2\/pages"}],"about":[{"href":"https:\/\/www.equilac.com\/no\/wp-json\/wp\/v2\/types\/page"}],"author":[{"embeddable":true,"href":"https:\/\/www.equilac.com\/no\/wp-json\/wp\/v2\/users\/1"}],"replies":[{"embeddable":true,"href":"https:\/\/www.equilac.com\/no\/wp-json\/wp\/v2\/comments?post=8077"}],"version-history":[{"count":1,"href":"https:\/\/www.equilac.com\/no\/wp-json\/wp\/v2\/pages\/8077\/revisions"}],"predecessor-version":[{"id":12235,"href":"https:\/\/www.equilac.com\/no\/wp-json\/wp\/v2\/pages\/8077\/revisions\/12235"}],"wp:featuredmedia":[{"embeddable":true,"href":"https:\/\/www.equilac.com\/no\/wp-json\/wp\/v2\/media\/1245"}],"wp:attachment":[{"href":"https:\/\/www.equilac.com\/no\/wp-json\/wp\/v2\/media?parent=8077"}],"wp:term":[{"taxonomy":"category","embeddable":true,"href":"https:\/\/www.equilac.com\/no\/wp-json\/wp\/v2\/categories?post=8077"},{"taxonomy":"post_tag","embeddable":true,"href":"https:\/\/www.equilac.com\/no\/wp-json\/wp\/v2\/tags?post=8077"}],"curies":[{"name":"wp","href":"https:\/\/api.w.org\/{rel}","templated":true}]}}