{"id":8106,"date":"2023-08-02T09:01:31","date_gmt":"2023-08-02T09:01:31","guid":{"rendered":"https:\/\/www.equilac.com\/hestemelk-og-immunforsvaret\/"},"modified":"2023-10-06T14:33:32","modified_gmt":"2023-10-06T14:33:32","slug":"hestemelk-og-immunforsvaret","status":"publish","type":"page","link":"https:\/\/www.equilac.com\/no\/hestemelk-og-immunforsvaret\/","title":{"rendered":"Hestemelk og immunforsvaret"},"content":{"rendered":"<p>Hestemelk kan styrke immunforsvaret ditt og gj\u00f8re deg mindre sannsynlig \u00e5 bli syk. Et sterkt forsvarssystem er viktig for helsen din fordi det hjelper til med \u00e5 bekjempe skadelige bakterier som virus og bakterier. Hestemelk gj\u00f8r dette ved \u00e5 holde tarmen din sunn. En <a href=\"https:\/\/www.equilac.com\/no\/hestemelk-fremmer-tarmfloraen\/\">sunn tarm<\/a> fjerner avfall fra kroppen din og forbedrer motstanden din.<\/p>\n<p>Laktoferrin er en av de viktigste tingene i hestemelk som hjelper immunforsvaret ditt. I tillegg til \u00e5 hjelpe immunforsvaret ditt, er laktoferrin ogs\u00e5 bra for huden din. Dette kan v\u00e6re spesielt nyttig for <a href=\"https:\/\/www.equilac.com\/no\/hestemelk-kapsler-for-hudproblemer\/\">hudproblemer<\/a> som eksem eller akne.<\/p>\n<p>Noen ganger kan stress, ikke spise godt, ikke sove nok eller ta visse medisiner svekke immunforsvaret ditt. Dette gj\u00f8r det lettere for deg \u00e5 bli syk. Hvis du st\u00e5r overfor dette problemet, kan hestemelk bidra til \u00e5 styrke immunforsvaret ditt.<\/p>\n<p>Brukere av <a href=\"https:\/\/www.equilac.com\/no\/produkt\/hestemelk-kapsler\/\">hestemelkkapsler<\/a> sier at de f\u00f8ler seg mer vitale og kan bedre motst\u00e5 \u00e5 bli syke. Hvis du pr\u00f8ver hestemelkkapsler, er det de fleste anbefaler \u00e5 ta to hver dag i tre m\u00e5neder for best resultat.<\/p>\n<p>Men det er ikke nok \u00e5 bare passe p\u00e5 helsen fra utsiden; du m\u00e5 ogs\u00e5 styrke kroppen fra innsiden. <a href=\"https:\/\/www.equilac.com\/no\/hestemelk\/\">Hestemelk<\/a> kan v\u00e6re til stor hjelp for \u00e5 gj\u00f8re dette. Enten du drikker fersk hestemelk eller tar den som en kapsel, kan den hjelpe deg med \u00e5 bli mer motstandsdyktig mot sykdommer, styrke immunforsvaret og st\u00f8tte hudens regenererende kapasitet.<\/p>\n","protected":false},"excerpt":{"rendered":"<p>Hestemelk kan styrke immunforsvaret ditt og gj\u00f8re deg mindre sannsynlig \u00e5 bli syk. Et sterkt forsvarssystem er viktig for helsen din fordi det hjelper til med \u00e5 bekjempe skadelige bakterier som virus og bakterier. Hestemelk gj\u00f8r dette ved \u00e5 holde tarmen din sunn. En sunn tarm fjerner avfall fra kroppen din og forbedrer motstanden din. [&hellip;]<\/p>\n","protected":false},"author":1,"featured_media":6254,"parent":0,"menu_order":0,"comment_status":"closed","ping_status":"closed","template":"","meta":{"_uf_show_specific_survey":0,"_uf_disable_surveys":false,"footnotes":""},"categories":[157],"tags":[185],"class_list":["post-8106","page","type-page","status-publish","has-post-thumbnail","hentry","category-immunforsvar","tag-related-no"],"jetpack_sharing_enabled":true,"_links":{"self":[{"href":"https:\/\/www.equilac.com\/no\/wp-json\/wp\/v2\/pages\/8106","targetHints":{"allow":["GET"]}}],"collection":[{"href":"https:\/\/www.equilac.com\/no\/wp-json\/wp\/v2\/pages"}],"about":[{"href":"https:\/\/www.equilac.com\/no\/wp-json\/wp\/v2\/types\/page"}],"author":[{"embeddable":true,"href":"https:\/\/www.equilac.com\/no\/wp-json\/wp\/v2\/users\/1"}],"replies":[{"embeddable":true,"href":"https:\/\/www.equilac.com\/no\/wp-json\/wp\/v2\/comments?post=8106"}],"version-history":[{"count":1,"href":"https:\/\/www.equilac.com\/no\/wp-json\/wp\/v2\/pages\/8106\/revisions"}],"predecessor-version":[{"id":13377,"href":"https:\/\/www.equilac.com\/no\/wp-json\/wp\/v2\/pages\/8106\/revisions\/13377"}],"wp:featuredmedia":[{"embeddable":true,"href":"https:\/\/www.equilac.com\/no\/wp-json\/wp\/v2\/media\/6254"}],"wp:attachment":[{"href":"https:\/\/www.equilac.com\/no\/wp-json\/wp\/v2\/media?parent=8106"}],"wp:term":[{"taxonomy":"category","embeddable":true,"href":"https:\/\/www.equilac.com\/no\/wp-json\/wp\/v2\/categories?post=8106"},{"taxonomy":"post_tag","embeddable":true,"href":"https:\/\/www.equilac.com\/no\/wp-json\/wp\/v2\/tags?post=8106"}],"curies":[{"name":"wp","href":"https:\/\/api.w.org\/{rel}","templated":true}]}}