{"id":8127,"date":"2023-07-02T12:14:03","date_gmt":"2023-07-02T12:14:03","guid":{"rendered":"https:\/\/www.equilac.com\/hvordan-virker-hestemelk\/"},"modified":"2023-10-09T07:09:23","modified_gmt":"2023-10-09T07:09:23","slug":"hvordan-virker-hestemelk","status":"publish","type":"page","link":"https:\/\/www.equilac.com\/no\/hvordan-virker-hestemelk\/","title":{"rendered":"Hvordan fungerer hestemelk: hvorfor er det s\u00e5 sunt?"},"content":{"rendered":"<p><a href=\"https:\/\/www.equilac.com\/no\/hestemelk\/\">Hestemelk<\/a> jobber innenfra for \u00e5 st\u00f8tte en sunn tarmflora og \u00f8ker immunforsvaret. Disse fordelene gj\u00f8r hestemelk til et bemerkelsesverdig naturlig middel for mange helseproblemer. \u00c5 fremme gode bakterier i ford\u00f8yelseskanalen hjelper til med \u00e5 bryte ned maten til lett absorberbare komponenter som gir energi til alle deler av kroppen din.<\/p>\n<p>Hestemelk er rik p\u00e5 essensielle n\u00e6ringsstoffer som energi, jern, vitaminer og sporstoffer, og deler en unik sammensetning som ligner p\u00e5 morsmelk, men med et lavt fettinnhold, noe som gj\u00f8r den mer t\u00e5lelig enn kumelk.<\/p>\n<p>Laktoferrin er en av n\u00f8kkelingrediensene i hestemelk som gj\u00f8r det s\u00e5 effektivt. Denne komponenten er kjent for \u00e5 styrke immunforsvaret og forbedre hudhelsen. N\u00e5r immunforsvaret ditt er robust, er kroppen bedre rustet til \u00e5 avverge skadelige bakterier og virus. Laktoferrin hjelper ogs\u00e5 til med avgiftning ved \u00e5 filtrere ut avfall og giftstoffer.<\/p>\n<p>For de som har ford\u00f8yelsesproblemer, kan en forstyrret tarmflora v\u00e6re \u00e5rsaken til problemet. De skadelige bakteriene i tarmen din kan produsere avfallsstoffer som til slutt kommer inn i blodet. Over tid kan dette v\u00e6re en belastning for organer som lever og nyrer, og f\u00f8re til en rekke helseproblemer. Ved \u00e5 gjenopprette et sunt tarmmilj\u00f8, st\u00f8tter hestemelk effektiv eliminering av avfall og giftstoffer.<\/p>\n<p>Hvis du er interessert i \u00e5 oppleve fordelene med hestemelk, er <a href=\"https:\/\/www.equilac.com\/no\/produkt\/hestemelk-kapsler\/\">Equilac-kapsler<\/a> en enkel og praktisk form for inntak. For optimale resultater, anbefales det \u00e5 ta to kapsler daglig i en sammenhengende periode p\u00e5 tre m\u00e5neder.<\/p>\n<p>Enten du \u00f8nsker \u00e5 forbedre huden din, forbedre ford\u00f8yelseshelsen eller styrke immunforsvaret, tilbyr hestemelk en helhetlig tiln\u00e6rming til velv\u00e6re som fungerer innenfra. Dette naturlige kosttilskuddet takler symptomer og adresserer hoved\u00e5rsaken til helseproblemer, noe som gj\u00f8r det til et verdifullt tillegg til din generelle helse.<\/p>\n","protected":false},"excerpt":{"rendered":"<p>Hestemelk jobber innenfra for \u00e5 st\u00f8tte en sunn tarmflora og \u00f8ker immunforsvaret. Disse fordelene gj\u00f8r hestemelk til et bemerkelsesverdig naturlig middel for mange helseproblemer. \u00c5 fremme gode bakterier i ford\u00f8yelseskanalen hjelper til med \u00e5 bryte ned maten til lett absorberbare komponenter som gir energi til alle deler av kroppen din. Hestemelk er rik p\u00e5 essensielle [&hellip;]<\/p>\n","protected":false},"author":1,"featured_media":1259,"parent":0,"menu_order":0,"comment_status":"closed","ping_status":"closed","template":"","meta":{"_uf_show_specific_survey":0,"_uf_disable_surveys":false,"footnotes":""},"categories":[205,146],"tags":[185],"class_list":["post-8127","page","type-page","status-publish","has-post-thumbnail","hentry","category-gezondheid","category-darmflora","tag-related-no"],"jetpack_sharing_enabled":true,"_links":{"self":[{"href":"https:\/\/www.equilac.com\/no\/wp-json\/wp\/v2\/pages\/8127","targetHints":{"allow":["GET"]}}],"collection":[{"href":"https:\/\/www.equilac.com\/no\/wp-json\/wp\/v2\/pages"}],"about":[{"href":"https:\/\/www.equilac.com\/no\/wp-json\/wp\/v2\/types\/page"}],"author":[{"embeddable":true,"href":"https:\/\/www.equilac.com\/no\/wp-json\/wp\/v2\/users\/1"}],"replies":[{"embeddable":true,"href":"https:\/\/www.equilac.com\/no\/wp-json\/wp\/v2\/comments?post=8127"}],"version-history":[{"count":1,"href":"https:\/\/www.equilac.com\/no\/wp-json\/wp\/v2\/pages\/8127\/revisions"}],"predecessor-version":[{"id":13412,"href":"https:\/\/www.equilac.com\/no\/wp-json\/wp\/v2\/pages\/8127\/revisions\/13412"}],"wp:featuredmedia":[{"embeddable":true,"href":"https:\/\/www.equilac.com\/no\/wp-json\/wp\/v2\/media\/1259"}],"wp:attachment":[{"href":"https:\/\/www.equilac.com\/no\/wp-json\/wp\/v2\/media?parent=8127"}],"wp:term":[{"taxonomy":"category","embeddable":true,"href":"https:\/\/www.equilac.com\/no\/wp-json\/wp\/v2\/categories?post=8127"},{"taxonomy":"post_tag","embeddable":true,"href":"https:\/\/www.equilac.com\/no\/wp-json\/wp\/v2\/tags?post=8127"}],"curies":[{"name":"wp","href":"https:\/\/api.w.org\/{rel}","templated":true}]}}