{"id":8146,"date":"2023-07-02T12:28:44","date_gmt":"2023-07-02T12:28:44","guid":{"rendered":"https:\/\/www.equilac.com\/sammensetning-av-hestemelk\/"},"modified":"2023-10-10T17:57:07","modified_gmt":"2023-10-10T17:57:07","slug":"sammensetning-av-hestemelk","status":"publish","type":"page","link":"https:\/\/www.equilac.com\/no\/sammensetning-av-hestemelk\/","title":{"rendered":"N\u00e6ringsverdi av hestemelk"},"content":{"rendered":"<p>Sammensetningen av <a href=\"https:\/\/www.equilac.com\/no\/hestemelk\/\">hestemelk<\/a> er unik, og gir mange fordeler. Det er bemerkelsesverdig lik morsmelk og er en verdifull kilde til vitaminer, mineraler og sporstoffer. Den inneholder h\u00f8ye niv\u00e5er av jern og myseprotein, som hjelper absorpsjon og ford\u00f8yelse. I tillegg inneholder <a href=\"https:\/\/www.equilac.com\/no\/laktoferrin\/\">hestemelk laktoferrin<\/a>, som st\u00f8tter immunforsvaret.<\/p>\n<p><strong>Sammensetning av hestemelk per 100 ml:<\/strong><\/p>\n<table border=\"1\">\n<thead>\n<tr>\n<th>Komponent<\/th>\n<th>Sammensetning<\/th>\n<\/tr>\n<\/thead>\n<tbody><!-- Generell Sammensetning --><\/p>\n<tr>\n<td colspan=\"2\"><strong>Generell Sammensetning<\/strong><\/td>\n<\/tr>\n<tr>\n<td>Vann<\/td>\n<td>91,05 \u2013 91,27%<\/td>\n<\/tr>\n<tr>\n<td>T\u00f8rrstoff<\/td>\n<td>9,73 \u2013 9,95%<\/td>\n<\/tr>\n<tr>\n<td>Fett<\/td>\n<td>0,65 \u2013 1,25%<\/td>\n<\/tr>\n<tr>\n<td>Flere umettede fettsyrer<\/td>\n<td>18,7 \u2013 25,5%<\/td>\n<\/tr>\n<tr>\n<td>Totalt protein<\/td>\n<td>1,95 \u2013 2,13%<\/td>\n<\/tr>\n<tr>\n<td>Albumin og Globulin<\/td>\n<td>0,75% (45% av totalt protein)<\/td>\n<\/tr>\n<tr>\n<td>Kasein<\/td>\n<td>1,4%<\/td>\n<\/tr>\n<tr>\n<td>Peptider og frie aminosyrer<\/td>\n<td>961 ppm<\/td>\n<\/tr>\n<tr>\n<td>Ikke-protein nitrogen<\/td>\n<td>426 ppm<\/td>\n<\/tr>\n<tr>\n<td><a href=\"https:\/\/www.equilac.com\/no\/hestemelk-og-laktose\/\">Melkesukker<\/a><\/td>\n<td>6,26 \u2013 6,85%<\/td>\n<\/tr>\n<tr>\n<td>Mineraler og sporstoffer<\/td>\n<td>0,27 \u2013 0,38%<\/td>\n<\/tr>\n<p><!-- Element\u00e6r Sammensetning --><\/p>\n<tr>\n<td colspan=\"2\"><strong>Element\u00e6r Sammensetning<\/strong><\/td>\n<\/tr>\n<tr>\n<td>Kalsium<\/td>\n<td>Ca 1000 ppm (0,13 \u2013 0,5%)<\/td>\n<\/tr>\n<tr>\n<td>Fosfor<\/td>\n<td>Ca 536 ppm (0,03 \u2013 0,085%)<\/td>\n<\/tr>\n<tr>\n<td>Magnesium<\/td>\n<td>Ca 120 ppm (0,004 \u2013 0,014%)<\/td>\n<\/tr>\n<tr>\n<td>Jern<\/td>\n<td>5,3 \u2013 14,4 ppm<\/td>\n<\/tr>\n<tr>\n<td>Kalium<\/td>\n<td>484 \u2013 530 ppm<\/td>\n<\/tr>\n<tr>\n<td>Natrium<\/td>\n<td>116 \u2013 119 ppm<\/td>\n<\/tr>\n<tr>\n<td>Klor<\/td>\n<td>302 \u2013 440 ppm<\/td>\n<\/tr>\n<tr>\n<td>Jernoksid<\/td>\n<td>20 ppm<\/td>\n<\/tr>\n<tr>\n<td>Kobber<\/td>\n<td>0,17 \u2013 0,36 ppm<\/td>\n<\/tr>\n<tr>\n<td>Mangan<\/td>\n<td>0,03 \u2013 0,04 ppm<\/td>\n<\/tr>\n<tr>\n<td>Kobolt<\/td>\n<td>12,4 \u2013 16,0 ppb<\/td>\n<\/tr>\n<tr>\n<td>Sink<\/td>\n<td>181 ppm<\/td>\n<\/tr>\n<tr>\n<td>Kisel<\/td>\n<td>244 ppm<\/td>\n<\/tr>\n<tr>\n<td>Jod<\/td>\n<td>1,9 ppm<\/td>\n<\/tr>\n<tr>\n<td>Selen<\/td>\n<td>1 ppm<\/td>\n<\/tr>\n<tr>\n<td>Krom<\/td>\n<td>1 ppm<\/td>\n<\/tr>\n<tr>\n<td>Molybden<\/td>\n<td>1 ppm<\/td>\n<\/tr>\n<tr>\n<td>Aluminium<\/td>\n<td>209 ppm<\/td>\n<\/tr>\n<tr>\n<td>Titan<\/td>\n<td>178 ppm<\/td>\n<\/tr>\n<p><!-- Vitaminer --><\/p>\n<tr>\n<td colspan=\"2\"><strong>Vitaminer<\/strong><\/td>\n<\/tr>\n<tr>\n<td>Vitamin A<\/td>\n<td>0,57 \u2013 0,89 ppm<\/td>\n<\/tr>\n<tr>\n<td>Vitamin B1<\/td>\n<td>100 \u2013 500 ppb<\/td>\n<\/tr>\n<tr>\n<td>Vitamin B2<\/td>\n<td>150 \u2013 650 ppb<\/td>\n<\/tr>\n<tr>\n<td>Vitamin B3<\/td>\n<td>85 ppb<\/td>\n<\/tr>\n<tr>\n<td>Vitamin B6<\/td>\n<td>300 ppb<\/td>\n<\/tr>\n<tr>\n<td>Vitamin B7<\/td>\n<td>1,4 ppb<\/td>\n<\/tr>\n<tr>\n<td>Vitamin B12<\/td>\n<td>3,3 ppb<\/td>\n<\/tr>\n<tr>\n<td>Vitamin B13<\/td>\n<td>300 ppb<\/td>\n<\/tr>\n<tr>\n<td>Vitamin C<\/td>\n<td>98 \u2013 151 ppm<\/td>\n<\/tr>\n<tr>\n<td>Vitamin D<\/td>\n<td>1,25 ppm<\/td>\n<\/tr>\n<tr>\n<td>Vitamin E<\/td>\n<td>0,65 \u2013 1,05 ppm<\/td>\n<\/tr>\n<tr>\n<td>Vitamin K<\/td>\n<td>1,2 ppb<\/td>\n<\/tr>\n<tr>\n<td>Vitamin T (Karnitin)<\/td>\n<td>1 \u2013 2 mg<\/td>\n<\/tr>\n<p><!-- Andre --><\/p>\n<tr>\n<td colspan=\"2\"><strong>Andre<\/strong><\/td>\n<\/tr>\n<tr>\n<td>Pantotensyre<\/td>\n<td>0,25 ppb<\/td>\n<\/tr>\n<tr>\n<td>Folsyre<\/td>\n<td>8 ppb<\/td>\n<\/tr>\n<tr>\n<td>Sitronsyre<\/td>\n<td>0,175%<\/td>\n<\/tr>\n<tr>\n<td>Acetylcholin<\/td>\n<td>1 mg\/l<\/td>\n<\/tr>\n<tr>\n<td>Lecitin<\/td>\n<td>0,109 \u2013 0,25 mg\/l<\/td>\n<\/tr>\n<tr>\n<td>Kolin<\/td>\n<td>30 \u2013 40 mg\/l<\/td>\n<\/tr>\n<tr>\n<td>Kolesterol<\/td>\n<td>94 \u2013 168 ppm<\/td>\n<\/tr>\n<p><!-- Enzymer og Fermenter --><\/p>\n<tr>\n<td colspan=\"2\"><strong>Enzymer og Fermenter<\/strong><\/td>\n<\/tr>\n<tr>\n<td>Peroxidase<\/td>\n<td>N\/A<\/td>\n<\/tr>\n<tr>\n<td>Oksidase<\/td>\n<td>N\/A<\/td>\n<\/tr>\n<tr>\n<td>Fosfatase<\/td>\n<td>N\/A<\/td>\n<\/tr>\n<tr>\n<td>Diatase<\/td>\n<td>N\/A<\/td>\n<\/tr>\n<tr>\n<td>Katalase<\/td>\n<td>N\/A<\/td>\n<\/tr>\n<tr>\n<td>Lipase<\/td>\n<td>N\/A<\/td>\n<\/tr>\n<tr>\n<td>Lysozym<\/td>\n<td>N\/A<\/td>\n<\/tr>\n<\/tbody>\n<\/table>\n<p>Om lag 40 prosent av proteinet i hestemelk best\u00e5r av myseprotein, nesten dobbelt s\u00e5 mye som i kumelk. Den h\u00f8yere konsentrasjonen av myse f\u00f8rer til bedre absorpsjon og ford\u00f8yelse sammenlignet med meieriprodukter.<\/p>\n<p>Hestemelk inneholder omtrent halvparten av mengden kasein sammenlignet med kumelk. \u00c5 drikke hestemelk som har et lavere innhold av kasein kan gi \u00f8kt komfort for alle som reagerer d\u00e5rlig p\u00e5 kasein, slik som allergiske reaksjoner og mage-tarm ubehag.<\/p>\n<p>Hestemelk er kjent for sin h\u00f8ye verdi i vitaminer og mineraler. Den er rik p\u00e5 vitamin A, B-kompleks, C, E og D; mineraler er ogs\u00e5 til stede. Hestemelk har et mer balansert forhold mellom kalsium og fosfor enn de fleste andre typer melk, noe som gir bedre absorpsjon av kalsium i hele kroppen.<\/p>\n<p>Sammenlignet med annen melk, har hestemelk mye f\u00e6rre kalorier, noe som bidrar til et lavere fettinnhold p\u00e5 1,25 prosent sammenlignet med 3,7 prosent i kumelk.<\/p>\n<p>P\u00e5 grunn av det lave fettinnholdet, inneholder hestemelk en h\u00f8yere mengde vann, noe som resulterer i en <a href=\"https:\/\/www.equilac.com\/no\/hvordan-smaker-hestemelk\/\">uvant smak f\u00f8rste gang du drikker hestemelk<\/a>.<\/p>\n","protected":false},"excerpt":{"rendered":"<p>Sammensetningen av hestemelk er unik, og gir mange fordeler. Det er bemerkelsesverdig lik morsmelk og er en verdifull kilde til vitaminer, mineraler og sporstoffer. Den inneholder h\u00f8ye niv\u00e5er av jern og myseprotein, som hjelper absorpsjon og ford\u00f8yelse. I tillegg inneholder hestemelk laktoferrin, som st\u00f8tter immunforsvaret. Sammensetning av hestemelk per 100 ml: Komponent Sammensetning Generell Sammensetning [&hellip;]<\/p>\n","protected":false},"author":1,"featured_media":0,"parent":0,"menu_order":0,"comment_status":"closed","ping_status":"closed","template":"","meta":{"_uf_show_specific_survey":0,"_uf_disable_surveys":false,"footnotes":""},"categories":[245],"tags":[],"class_list":["post-8146","page","type-page","status-publish","hentry","category-sammensetning"],"jetpack_sharing_enabled":true,"_links":{"self":[{"href":"https:\/\/www.equilac.com\/no\/wp-json\/wp\/v2\/pages\/8146","targetHints":{"allow":["GET"]}}],"collection":[{"href":"https:\/\/www.equilac.com\/no\/wp-json\/wp\/v2\/pages"}],"about":[{"href":"https:\/\/www.equilac.com\/no\/wp-json\/wp\/v2\/types\/page"}],"author":[{"embeddable":true,"href":"https:\/\/www.equilac.com\/no\/wp-json\/wp\/v2\/users\/1"}],"replies":[{"embeddable":true,"href":"https:\/\/www.equilac.com\/no\/wp-json\/wp\/v2\/comments?post=8146"}],"version-history":[{"count":4,"href":"https:\/\/www.equilac.com\/no\/wp-json\/wp\/v2\/pages\/8146\/revisions"}],"predecessor-version":[{"id":13642,"href":"https:\/\/www.equilac.com\/no\/wp-json\/wp\/v2\/pages\/8146\/revisions\/13642"}],"wp:attachment":[{"href":"https:\/\/www.equilac.com\/no\/wp-json\/wp\/v2\/media?parent=8146"}],"wp:term":[{"taxonomy":"category","embeddable":true,"href":"https:\/\/www.equilac.com\/no\/wp-json\/wp\/v2\/categories?post=8146"},{"taxonomy":"post_tag","embeddable":true,"href":"https:\/\/www.equilac.com\/no\/wp-json\/wp\/v2\/tags?post=8146"}],"curies":[{"name":"wp","href":"https:\/\/api.w.org\/{rel}","templated":true}]}}