{"id":8204,"date":"2023-07-02T13:13:44","date_gmt":"2023-07-02T13:13:44","guid":{"rendered":"https:\/\/www.equilac.com\/hestemelkpulver\/"},"modified":"2023-10-09T08:51:05","modified_gmt":"2023-10-09T08:51:05","slug":"hestemelkpulver","status":"publish","type":"page","link":"https:\/\/www.equilac.com\/no\/hestemelkpulver\/","title":{"rendered":"Hvordan lages hestemelkpulver?"},"content":{"rendered":"<p>Hestemelkpulver er en allsidig og praktisk m\u00e5te \u00e5 nyte de helsemessige fordelene med hestemelk p\u00e5. Pulveret beholder sine naturlige vitaminer og mineraler, med 91 % av vannet fjernet gjennom fryset\u00f8rking eller sprayt\u00f8rkemetoder.<\/p>\n<p>Hestemelkpulver oppn\u00e5s ved \u00e5 omdanne flytende <a href=\"https:\/\/www.equilac.com\/no\/hestemelk\/\">hestemelk<\/a> til pulverform. Dette kan gj\u00f8res ved to transformasjonsprosesser: fryset\u00f8rking eller sprayt\u00f8rking. Begge teknikkene holder temperaturen under 38\u00b0C for \u00e5 bevare melkens n\u00e6ringsinnhold. I sprayt\u00f8rkingsmetoden varmes melken opp til en bestemt temperatur for \u00e5 drepe u\u00f8nskede bakterier og bevare verdifulle elementer. Fryset\u00f8rkeprosessen g\u00e5r ut p\u00e5 \u00e5 fryse melken og deretter t\u00f8rke den ved sv\u00e6rt lave temperaturer, noe som sikrer at alle vitaminer, mineraler og proteiner holdes intakte.<\/p>\n<p>En av fordelene med hestemelkpulver er dets bekvemmelighet \u00e5 bruke. Bland det med lunkent vann eller yoghurt, eller ta pulveret t\u00f8rt og skyll det bort med vann. Det er viktig \u00e5 unng\u00e5 \u00e5 varme opp produktet for \u00e5 opprettholde helsefordelene.<\/p>\n<p><strong>Vil du vite mer om hestemelk?<\/strong><\/p>\n<ul>\n<li><a href=\"https:\/\/www.equilac.com\/no\/drikker-fersk-hestemelk\/\">Drikk fersk hestemelk<\/a><\/li>\n<li><a href=\"https:\/\/www.equilac.com\/no\/kan-man-lage-ost-av-hestemelk\/\">Kan du lage ost av hestemelk<\/a><\/li>\n<\/ul>\n<p>Hestemelkpulver er ogs\u00e5 tilgjengelig i kapsler eller tabletter for de som synes pulverformen er utfordrende. Disse kapslene er enkle \u00e5 lagre, har en lang holdbarhet p\u00e5 opptil 18 m\u00e5neder, og kan enkelt sendes.<\/p>\n<p>Hestemelkpulver tilbyr en b\u00e6rekraftig og praktisk m\u00e5te \u00e5 st\u00f8tte helsen din p\u00e5. Enten du velger \u00e5 konsumere det i pulverform eller kapsler, benytter du deg av et naturlig produkt som er b\u00e5de allsidig og gunstig.<\/p>\n","protected":false},"excerpt":{"rendered":"<p>Hestemelkpulver er en allsidig og praktisk m\u00e5te \u00e5 nyte de helsemessige fordelene med hestemelk p\u00e5. Pulveret beholder sine naturlige vitaminer og mineraler, med 91 % av vannet fjernet gjennom fryset\u00f8rking eller sprayt\u00f8rkemetoder. Hestemelkpulver oppn\u00e5s ved \u00e5 omdanne flytende hestemelk til pulverform. Dette kan gj\u00f8res ved to transformasjonsprosesser: fryset\u00f8rking eller sprayt\u00f8rking. Begge teknikkene holder temperaturen under [&hellip;]<\/p>\n","protected":false},"author":1,"featured_media":6329,"parent":0,"menu_order":0,"comment_status":"closed","ping_status":"closed","template":"","meta":{"_uf_show_specific_survey":0,"_uf_disable_surveys":false,"footnotes":""},"categories":[220],"tags":[185],"class_list":["post-8204","page","type-page","status-publish","has-post-thumbnail","hentry","category-produkter","tag-related-no"],"jetpack_sharing_enabled":true,"_links":{"self":[{"href":"https:\/\/www.equilac.com\/no\/wp-json\/wp\/v2\/pages\/8204","targetHints":{"allow":["GET"]}}],"collection":[{"href":"https:\/\/www.equilac.com\/no\/wp-json\/wp\/v2\/pages"}],"about":[{"href":"https:\/\/www.equilac.com\/no\/wp-json\/wp\/v2\/types\/page"}],"author":[{"embeddable":true,"href":"https:\/\/www.equilac.com\/no\/wp-json\/wp\/v2\/users\/1"}],"replies":[{"embeddable":true,"href":"https:\/\/www.equilac.com\/no\/wp-json\/wp\/v2\/comments?post=8204"}],"version-history":[{"count":1,"href":"https:\/\/www.equilac.com\/no\/wp-json\/wp\/v2\/pages\/8204\/revisions"}],"predecessor-version":[{"id":13476,"href":"https:\/\/www.equilac.com\/no\/wp-json\/wp\/v2\/pages\/8204\/revisions\/13476"}],"wp:featuredmedia":[{"embeddable":true,"href":"https:\/\/www.equilac.com\/no\/wp-json\/wp\/v2\/media\/6329"}],"wp:attachment":[{"href":"https:\/\/www.equilac.com\/no\/wp-json\/wp\/v2\/media?parent=8204"}],"wp:term":[{"taxonomy":"category","embeddable":true,"href":"https:\/\/www.equilac.com\/no\/wp-json\/wp\/v2\/categories?post=8204"},{"taxonomy":"post_tag","embeddable":true,"href":"https:\/\/www.equilac.com\/no\/wp-json\/wp\/v2\/tags?post=8204"}],"curies":[{"name":"wp","href":"https:\/\/api.w.org\/{rel}","templated":true}]}}