{"id":8280,"date":"2023-07-02T13:21:36","date_gmt":"2023-07-02T13:21:36","guid":{"rendered":"https:\/\/www.equilac.com\/historien-om-hestemelk\/"},"modified":"2023-10-09T08:17:03","modified_gmt":"2023-10-09T08:17:03","slug":"historien-om-hestemelk","status":"publish","type":"page","link":"https:\/\/www.equilac.com\/no\/historien-om-hestemelk\/","title":{"rendered":"Opprinnelse av hestemelk"},"content":{"rendered":"<p>Med en historie p\u00e5 mer enn 2000 \u00e5r har hestemelk p\u00e5virket helsen og velv\u00e6ret til mange mennesker betydelig.<\/p>\n<p>Opprinnelsen til <a href=\"https:\/\/www.equilac.com\/no\/hestemelk\/\">hestemelk<\/a> g\u00e5r tilbake til de gamle grekerne. De trodde at amasonene, en legendarisk stamme kvinnelige krigere, mater barna sine med blant annet hoppemelk.<\/p>\n<p>Skyterne var omreisende krigere som bodde i det s\u00f8rlige Sibir og var avhengige av hestene sine for transport. Forskere har funnet ut at disse stammene avlet fram hester for styrke og bevegelighet og for \u00e5 produsere melk for \u00e5 mate barna sine.<\/p>\n<p>Den egyptiske dronningen Cleopatra badet i sur eselmelk for \u00e5 redusere rynker og opprettholde sin ungdommelige skj\u00f8nnhet. Surmelken fungerer som en mild peeling, fjerner d\u00f8de hudceller og avsl\u00f8rer jevnere, mer str\u00e5lende hud. Cleopatra huskes som en av de vakreste kvinnene gjennom tidene; hennes skj\u00f8nnhetsritual m\u00e5 ha gitt de \u00f8nskede resultatene.<\/p>\n<p>Men i Russland, p\u00e5 slutten av 1800- og begynnelsen av 1900-tallet, begynte den organiserte produksjonen og forbruket av hestemelk \u00e5 vokse, hovedsakelig for \u00e5 behandle tuberkulose. P\u00e5 den tiden ble tuberkulose ansett som en av de mest fryktede sykdommene som det enn\u00e5 ikke fantes noen effektiv behandling for. De russiske legene bemerket at noen pasienter som drakk hestemelk s\u00e5 ut til \u00e5 ha bedre motstand mot sykdommen. Denne observasjonen f\u00f8rte til etableringen av sanatorier, et rekonvalesenthjem hvor pasienter midlertidig oppholder seg for \u00e5 komme seg fra denne tilstanden.<\/p>\n<p>P\u00e5 1990-tallet ble hestemelk mer kjent i Europa, spesielt i land som Tyskland, Belgia, Nederland og Frankrike, der hestemeierier tilb\u00f8d <a href=\"https:\/\/www.equilac.com\/no\/drikker-fersk-hestemelk\/\">fersk eller frossen hestemelk<\/a> til brukere med helseproblemer.<\/p>\n<p>I 1999 kom v\u00e5rt produkt Equilac\u00ae p\u00e5 markedet; det var det f\u00f8rste kosttilskuddet basert p\u00e5 hestemelk, noe som gjorde det tilgjengelig for alle gjennom apotek. <a href=\"https:\/\/www.equilac.com\/sv\/berattelse\/\">Les mer om familiehistorien bak Equilac<\/a>.<\/p>\n","protected":false},"excerpt":{"rendered":"<p>Med en historie p\u00e5 mer enn 2000 \u00e5r har hestemelk p\u00e5virket helsen og velv\u00e6ret til mange mennesker betydelig. Opprinnelsen til hestemelk g\u00e5r tilbake til de gamle grekerne. De trodde at amasonene, en legendarisk stamme kvinnelige krigere, mater barna sine med blant annet hoppemelk. Skyterne var omreisende krigere som bodde i det s\u00f8rlige Sibir og var [&hellip;]<\/p>\n","protected":false},"author":1,"featured_media":6072,"parent":0,"menu_order":0,"comment_status":"closed","ping_status":"closed","template":"","meta":{"_uf_show_specific_survey":0,"_uf_disable_surveys":false,"footnotes":""},"categories":[229],"tags":[185],"class_list":["post-8280","page","type-page","status-publish","has-post-thumbnail","hentry","category-informatie","tag-related-no"],"jetpack_sharing_enabled":true,"_links":{"self":[{"href":"https:\/\/www.equilac.com\/no\/wp-json\/wp\/v2\/pages\/8280","targetHints":{"allow":["GET"]}}],"collection":[{"href":"https:\/\/www.equilac.com\/no\/wp-json\/wp\/v2\/pages"}],"about":[{"href":"https:\/\/www.equilac.com\/no\/wp-json\/wp\/v2\/types\/page"}],"author":[{"embeddable":true,"href":"https:\/\/www.equilac.com\/no\/wp-json\/wp\/v2\/users\/1"}],"replies":[{"embeddable":true,"href":"https:\/\/www.equilac.com\/no\/wp-json\/wp\/v2\/comments?post=8280"}],"version-history":[{"count":1,"href":"https:\/\/www.equilac.com\/no\/wp-json\/wp\/v2\/pages\/8280\/revisions"}],"predecessor-version":[{"id":13448,"href":"https:\/\/www.equilac.com\/no\/wp-json\/wp\/v2\/pages\/8280\/revisions\/13448"}],"wp:featuredmedia":[{"embeddable":true,"href":"https:\/\/www.equilac.com\/no\/wp-json\/wp\/v2\/media\/6072"}],"wp:attachment":[{"href":"https:\/\/www.equilac.com\/no\/wp-json\/wp\/v2\/media?parent=8280"}],"wp:term":[{"taxonomy":"category","embeddable":true,"href":"https:\/\/www.equilac.com\/no\/wp-json\/wp\/v2\/categories?post=8280"},{"taxonomy":"post_tag","embeddable":true,"href":"https:\/\/www.equilac.com\/no\/wp-json\/wp\/v2\/tags?post=8280"}],"curies":[{"name":"wp","href":"https:\/\/api.w.org\/{rel}","templated":true}]}}