{"id":8300,"date":"2023-07-02T13:09:59","date_gmt":"2023-07-02T13:09:59","guid":{"rendered":"https:\/\/www.equilac.com\/drikker-fersk-hestemelk\/"},"modified":"2023-09-07T07:53:27","modified_gmt":"2023-09-07T07:53:27","slug":"drikker-fersk-hestemelk","status":"publish","type":"page","link":"https:\/\/www.equilac.com\/no\/drikker-fersk-hestemelk\/","title":{"rendered":"Drikker fersk hestemelk"},"content":{"rendered":"<p>Hestemelk er et unikt produkt som oppn\u00e5s ved \u00e5 melke en hoppe for h\u00e5nd eller via en melkemaskin tilpasset hoppens jur. Fersk hestemelk er r\u00e5 og upasteurisert. Som et resultat beholder den sin ern\u00e6ringsmessige verdi og inneholder mange essensielle n\u00e6ringsstoffer.<\/p>\n<p>Hvis du foretrekker \u00e5 drikke hestemelk i stedet for \u00e5 ta hestemelkkapsler, er den anbefalte daglige mengden 250 ml per dag. Du kan drikke ren hestemelk, men \u00e5 fortynne den med sirup, kakao, sukker eller lage gr\u00f8t er mulig. V\u00e6r oppmerksom p\u00e5 at hestemelk aldri skal varmes opp til over 37 \u00b0C.<\/p>\n<p>Fersk, upasteurisert hestemelk kan lagres fersk i tre dager. Derfor fryses hestemelk umiddelbart eller t\u00f8rkes til pulver for \u00e5 bevare de mange essensielle n\u00e6ringsstoffene som hestemelk inneholder. Den frosne melken holder seg i seks m\u00e5neder ved -18 \u00b0C. Hvis den er frossen, b\u00f8r melken tines i kj\u00f8leskapet. Etter tining skal ikke melken fryses ned igjen.<\/p>\n<p>Det anbefales ikke \u00e5 drikke r\u00e5 (upasteurisert) hestemelk under graviditet.<\/p>\n<p><strong>Vil du vite mer om hestemelk?<\/strong><\/p>\n<ul>\n<li><a href=\"https:\/\/www.equilac.com\/no\/hvordan-lages-hestemelk\/\">Hvordan lages hestemelk<\/a><\/li>\n<li><a href=\"https:\/\/www.equilac.com\/no\/hestemelkpulver\/\">Hvordan lages hestemelkpulver<\/a><\/li>\n<\/ul>\n","protected":false},"excerpt":{"rendered":"<p>Hestemelk er et unikt produkt som oppn\u00e5s ved \u00e5 melke en hoppe for h\u00e5nd eller via en melkemaskin tilpasset hoppens jur. Fersk hestemelk er r\u00e5 og upasteurisert. Som et resultat beholder den sin ern\u00e6ringsmessige verdi og inneholder mange essensielle n\u00e6ringsstoffer. Hvis du foretrekker \u00e5 drikke hestemelk i stedet for \u00e5 ta hestemelkkapsler, er den anbefalte [&hellip;]<\/p>\n","protected":false},"author":1,"featured_media":6119,"parent":0,"menu_order":0,"comment_status":"closed","ping_status":"closed","template":"","meta":{"_uf_show_specific_survey":0,"_uf_disable_surveys":false,"footnotes":""},"categories":[220],"tags":[185],"class_list":["post-8300","page","type-page","status-publish","has-post-thumbnail","hentry","category-produkter","tag-related-no"],"jetpack_sharing_enabled":true,"_links":{"self":[{"href":"https:\/\/www.equilac.com\/no\/wp-json\/wp\/v2\/pages\/8300","targetHints":{"allow":["GET"]}}],"collection":[{"href":"https:\/\/www.equilac.com\/no\/wp-json\/wp\/v2\/pages"}],"about":[{"href":"https:\/\/www.equilac.com\/no\/wp-json\/wp\/v2\/types\/page"}],"author":[{"embeddable":true,"href":"https:\/\/www.equilac.com\/no\/wp-json\/wp\/v2\/users\/1"}],"replies":[{"embeddable":true,"href":"https:\/\/www.equilac.com\/no\/wp-json\/wp\/v2\/comments?post=8300"}],"version-history":[{"count":0,"href":"https:\/\/www.equilac.com\/no\/wp-json\/wp\/v2\/pages\/8300\/revisions"}],"wp:featuredmedia":[{"embeddable":true,"href":"https:\/\/www.equilac.com\/no\/wp-json\/wp\/v2\/media\/6119"}],"wp:attachment":[{"href":"https:\/\/www.equilac.com\/no\/wp-json\/wp\/v2\/media?parent=8300"}],"wp:term":[{"taxonomy":"category","embeddable":true,"href":"https:\/\/www.equilac.com\/no\/wp-json\/wp\/v2\/categories?post=8300"},{"taxonomy":"post_tag","embeddable":true,"href":"https:\/\/www.equilac.com\/no\/wp-json\/wp\/v2\/tags?post=8300"}],"curies":[{"name":"wp","href":"https:\/\/api.w.org\/{rel}","templated":true}]}}