{"id":9864,"date":"2023-08-24T17:49:04","date_gmt":"2023-08-24T17:49:04","guid":{"rendered":"https:\/\/www.equilac.com\/hvordan-smaker-hestemelk\/"},"modified":"2023-09-07T15:34:33","modified_gmt":"2023-09-07T15:34:33","slug":"hvordan-smaker-hestemelk","status":"publish","type":"page","link":"https:\/\/www.equilac.com\/no\/hvordan-smaker-hestemelk\/","title":{"rendered":"Hvordan smaker hestemelk?"},"content":{"rendered":"<p>Smaken av <a href=\"https:\/\/www.equilac.com\/no\/drikker-fersk-hestemelk\/\">fersk hestemelk<\/a> er generelt beskrevet som s\u00f8tere og mer vannaktig enn kumelk, med en litt fet tekstur. Den har en distinkt smak som kan v\u00e6re en ervervet smak for de som ikke er vant til den. Melken inneholder ogs\u00e5 mer laktose og mindre fett enn kumelk, noe som gir den en unik ern\u00e6ringsprofil.<\/p>\n<p>Smaken kan variere avhengig av hestens mat, melkemetoden og hvordan melken behandles eller fermenteres. I likhet med kumelk kan den ogs\u00e5 p\u00e5virkes av hva dyret nylig har spist.<\/p>\n<p>Oppsummert er smaken av hestemelk unik, og selv om noen synes den er velsmakende og til og med deilig, kan andre trenge tid til \u00e5 f\u00e5 smaken p\u00e5 den.<\/p>\n","protected":false},"excerpt":{"rendered":"<p>Smaken av fersk hestemelk er generelt beskrevet som s\u00f8tere og mer vannaktig enn kumelk, med en litt fet tekstur. Den har en distinkt smak som kan v\u00e6re en ervervet smak for de som ikke er vant til den. Melken inneholder ogs\u00e5 mer laktose og mindre fett enn kumelk, noe som gir den en unik ern\u00e6ringsprofil. [&hellip;]<\/p>\n","protected":false},"author":1,"featured_media":9884,"parent":0,"menu_order":0,"comment_status":"closed","ping_status":"closed","template":"","meta":{"_uf_show_specific_survey":0,"_uf_disable_surveys":false,"footnotes":""},"categories":[156],"tags":[185],"class_list":["post-9864","page","type-page","status-publish","has-post-thumbnail","hentry","category-hoppemelk","tag-related-no"],"jetpack_sharing_enabled":true,"_links":{"self":[{"href":"https:\/\/www.equilac.com\/no\/wp-json\/wp\/v2\/pages\/9864","targetHints":{"allow":["GET"]}}],"collection":[{"href":"https:\/\/www.equilac.com\/no\/wp-json\/wp\/v2\/pages"}],"about":[{"href":"https:\/\/www.equilac.com\/no\/wp-json\/wp\/v2\/types\/page"}],"author":[{"embeddable":true,"href":"https:\/\/www.equilac.com\/no\/wp-json\/wp\/v2\/users\/1"}],"replies":[{"embeddable":true,"href":"https:\/\/www.equilac.com\/no\/wp-json\/wp\/v2\/comments?post=9864"}],"version-history":[{"count":0,"href":"https:\/\/www.equilac.com\/no\/wp-json\/wp\/v2\/pages\/9864\/revisions"}],"wp:featuredmedia":[{"embeddable":true,"href":"https:\/\/www.equilac.com\/no\/wp-json\/wp\/v2\/media\/9884"}],"wp:attachment":[{"href":"https:\/\/www.equilac.com\/no\/wp-json\/wp\/v2\/media?parent=9864"}],"wp:term":[{"taxonomy":"category","embeddable":true,"href":"https:\/\/www.equilac.com\/no\/wp-json\/wp\/v2\/categories?post=9864"},{"taxonomy":"post_tag","embeddable":true,"href":"https:\/\/www.equilac.com\/no\/wp-json\/wp\/v2\/tags?post=9864"}],"curies":[{"name":"wp","href":"https:\/\/api.w.org\/{rel}","templated":true}]}}