{"id":10161,"date":"2023-08-27T18:01:35","date_gmt":"2023-08-27T18:01:35","guid":{"rendered":"https:\/\/www.equilac.com\/voce-pode-fazer-queijo-com-leite-de-egua\/"},"modified":"2023-09-07T15:33:28","modified_gmt":"2023-09-07T15:33:28","slug":"voce-pode-fazer-queijo-com-leite-de-egua","status":"publish","type":"page","link":"https:\/\/www.equilac.com\/pt\/voce-pode-fazer-queijo-com-leite-de-egua\/","title":{"rendered":"Voc\u00ea pode fazer queijo com leite de \u00e9gua?"},"content":{"rendered":"<p>O queijo de leite de \u00e9gua \u00e9 um produto raro e caro devido ao menor teor de gordura e case\u00edna do leite de \u00e9gua. S\u00e3o necess\u00e1rios at\u00e9 20 litros de leite de \u00e9gua para produzir apenas um quilo de queijo.<\/p>\n<p>Dado o pre\u00e7o do leite de \u00e9gua, isso torna o queijo extremamente caro. Al\u00e9m disso, o processo de fabrica\u00e7\u00e3o de queijo com uso intensivo de calor perde os benef\u00edcios \u00e0 sa\u00fade comumente atribu\u00eddos ao leite de \u00e9gua. Portanto, \u00e9 aconselh\u00e1vel reservar o fornecimento limitado de leite de \u00e9gua para usos voltados \u00e0 sa\u00fade.<\/p>\n<p>O leite de cavalo \u00e9 dif\u00edcil de converter em queijo porque tem baixo teor de gordura. Enquanto o leite de vaca e de cabra tem quatro vezes mais gordura, e o leite de b\u00fafala e de ovelha tem sete vezes mais gordura, o leite de \u00e9gua fica significativamente atr\u00e1s. Isto leva a um baixo rendimento de queijo. S\u00e3o necess\u00e1rios em m\u00e9dia 10 litros de leite de vaca ou 7 litros de leite de ovelha para fazer um quilo de queijo.<\/p>\n<p>Al\u00e9m disso, o leite de \u00e9gua cont\u00e9m menos prote\u00edna do que o leite de vaca, cabra e ovelha. Cont\u00e9m apenas 13 gramas de case\u00edna por litro, prote\u00edna crucial para a fabrica\u00e7\u00e3o de queijo, em compara\u00e7\u00e3o com 25 gramas no leite de vaca e cabra, 35 gramas no leite de b\u00fafala e 45 gramas no leite de ovelha.<\/p>\n<p>Devido a essas limita\u00e7\u00f5es, o queijo feito com leite de \u00e9gua \u00e9 considerado exclusivo e luxuoso. Apesar da escassez e das complexidades envolvidas na sua produ\u00e7\u00e3o, algumas explora\u00e7\u00f5es especializam-se na produ\u00e7\u00e3o de queijo de leite de \u00e9gua.<\/p>\n<p>Embora o leite de \u00e9gua tenha v\u00e1rios benef\u00edcios \u00e0 sa\u00fade, convert\u00ea-lo em queijo \u00e9 um desafio e resulta na perda dessas propriedades ben\u00e9ficas. Aliado ao seu alto custo e \u00e0 quantidade significativa de leite necess\u00e1ria para uma pequena produ\u00e7\u00e3o, o queijo de leite de \u00e9gua continua sendo uma raridade.<\/p>\n","protected":false},"excerpt":{"rendered":"<p>O queijo de leite de \u00e9gua \u00e9 um produto raro e caro devido ao menor teor de gordura e case\u00edna do leite de \u00e9gua. S\u00e3o necess\u00e1rios at\u00e9 20 litros de leite de \u00e9gua para produzir apenas um quilo de queijo. Dado o pre\u00e7o do leite de \u00e9gua, isso torna o queijo extremamente caro. Al\u00e9m disso, [&hellip;]<\/p>\n","protected":false},"author":1,"featured_media":10141,"parent":0,"menu_order":0,"comment_status":"closed","ping_status":"closed","template":"","meta":{"_uf_show_specific_survey":0,"_uf_disable_surveys":false,"footnotes":""},"categories":[164],"tags":[186],"class_list":["post-10161","page","type-page","status-publish","has-post-thumbnail","hentry","category-leite-de-cavalo","tag-related-pt"],"jetpack_sharing_enabled":true,"_links":{"self":[{"href":"https:\/\/www.equilac.com\/pt\/wp-json\/wp\/v2\/pages\/10161","targetHints":{"allow":["GET"]}}],"collection":[{"href":"https:\/\/www.equilac.com\/pt\/wp-json\/wp\/v2\/pages"}],"about":[{"href":"https:\/\/www.equilac.com\/pt\/wp-json\/wp\/v2\/types\/page"}],"author":[{"embeddable":true,"href":"https:\/\/www.equilac.com\/pt\/wp-json\/wp\/v2\/users\/1"}],"replies":[{"embeddable":true,"href":"https:\/\/www.equilac.com\/pt\/wp-json\/wp\/v2\/comments?post=10161"}],"version-history":[{"count":0,"href":"https:\/\/www.equilac.com\/pt\/wp-json\/wp\/v2\/pages\/10161\/revisions"}],"wp:featuredmedia":[{"embeddable":true,"href":"https:\/\/www.equilac.com\/pt\/wp-json\/wp\/v2\/media\/10141"}],"wp:attachment":[{"href":"https:\/\/www.equilac.com\/pt\/wp-json\/wp\/v2\/media?parent=10161"}],"wp:term":[{"taxonomy":"category","embeddable":true,"href":"https:\/\/www.equilac.com\/pt\/wp-json\/wp\/v2\/categories?post=10161"},{"taxonomy":"post_tag","embeddable":true,"href":"https:\/\/www.equilac.com\/pt\/wp-json\/wp\/v2\/tags?post=10161"}],"curies":[{"name":"wp","href":"https:\/\/api.w.org\/{rel}","templated":true}]}}