{"id":12202,"date":"2023-09-25T16:44:29","date_gmt":"2023-09-25T16:44:29","guid":{"rendered":"https:\/\/www.equilac.com\/sabao-de-leite-de-egua-para-uma-pele-macia\/"},"modified":"2023-09-25T17:10:44","modified_gmt":"2023-09-25T17:10:44","slug":"sabao-de-leite-de-egua-para-uma-pele-macia","status":"publish","type":"page","link":"https:\/\/www.equilac.com\/pt\/sabao-de-leite-de-egua-para-uma-pele-macia\/","title":{"rendered":"Sab\u00e3o de leite de \u00e9gua para uma pele macia"},"content":{"rendered":"\n<p>O sab\u00e3o de leite de \u00e9gua \u00e9 um produto especial para o cuidado da pele que contribui para a recupera\u00e7\u00e3o da sua pele. Este sab\u00e3o \u00fanico, \u00e0 base de leite de \u00e9gua puro, \u00e9 suave para a sua pele e ideal para uso cont\u00ednuo. \u00c9 especialmente ben\u00e9fico se voc\u00ea tem pele seca ou sens\u00edvel. O sab\u00e3o de leite de \u00e9gua tamb\u00e9m \u00e9 uma boa op\u00e7\u00e3o para pessoas sens\u00edveis a perfume e\/ou \u00e1lcool em sabonetes.<\/p>\n\n<p>O sab\u00e3o \u00e9 pH-neutro para a pele, o que significa que o valor do pH est\u00e1 pr\u00f3ximo ao da sua pele. Um valor de pH est\u00e1vel \u00e9 essencial para manter uma pele saud\u00e1vel. O sab\u00e3o de leite de \u00e9gua ajuda a sua pele a reter a umidade, reduz a chance de desidrata\u00e7\u00e3o e contribui para uma pele saud\u00e1vel e hidratada.<\/p>\n\n\n<p><\/p>\n\n<p>Al\u00e9m disso, cont\u00e9m apenas perfume natural e livre de al\u00e9rgenos e est\u00e1 livre de parabenos e SLS, tornando-o uma escolha hipoalerg\u00eanica para o cuidado da pele.<\/p>\n\n<p>Para usar o sab\u00e3o de leite de \u00e9gua, aplique-o na sua pele \u00famida, deixe fazer espuma e enx\u00e1gue com \u00e1gua suficiente. Desfrute de uma limpeza natural e de uma pele macia e cuidada com sab\u00e3o de leite de \u00e9gua.<\/p>\n","protected":false},"excerpt":{"rendered":"<p>O sab\u00e3o de leite de \u00e9gua \u00e9 um produto especial para o cuidado da pele que contribui para a recupera\u00e7\u00e3o da sua pele. Este sab\u00e3o \u00fanico, \u00e0 base de leite de \u00e9gua puro, \u00e9 suave para a sua pele e ideal para uso cont\u00ednuo. \u00c9 especialmente ben\u00e9fico se voc\u00ea tem pele seca ou sens\u00edvel. O [&hellip;]<\/p>\n","protected":false},"author":1,"featured_media":12168,"parent":0,"menu_order":0,"comment_status":"closed","ping_status":"closed","template":"","meta":{"_uf_show_specific_survey":0,"_uf_disable_surveys":false,"footnotes":""},"categories":[164],"tags":[186],"class_list":["post-12202","page","type-page","status-publish","has-post-thumbnail","hentry","category-leite-de-cavalo","tag-related-pt"],"jetpack_sharing_enabled":true,"_links":{"self":[{"href":"https:\/\/www.equilac.com\/pt\/wp-json\/wp\/v2\/pages\/12202","targetHints":{"allow":["GET"]}}],"collection":[{"href":"https:\/\/www.equilac.com\/pt\/wp-json\/wp\/v2\/pages"}],"about":[{"href":"https:\/\/www.equilac.com\/pt\/wp-json\/wp\/v2\/types\/page"}],"author":[{"embeddable":true,"href":"https:\/\/www.equilac.com\/pt\/wp-json\/wp\/v2\/users\/1"}],"replies":[{"embeddable":true,"href":"https:\/\/www.equilac.com\/pt\/wp-json\/wp\/v2\/comments?post=12202"}],"version-history":[{"count":1,"href":"https:\/\/www.equilac.com\/pt\/wp-json\/wp\/v2\/pages\/12202\/revisions"}],"predecessor-version":[{"id":12203,"href":"https:\/\/www.equilac.com\/pt\/wp-json\/wp\/v2\/pages\/12202\/revisions\/12203"}],"wp:featuredmedia":[{"embeddable":true,"href":"https:\/\/www.equilac.com\/pt\/wp-json\/wp\/v2\/media\/12168"}],"wp:attachment":[{"href":"https:\/\/www.equilac.com\/pt\/wp-json\/wp\/v2\/media?parent=12202"}],"wp:term":[{"taxonomy":"category","embeddable":true,"href":"https:\/\/www.equilac.com\/pt\/wp-json\/wp\/v2\/categories?post=12202"},{"taxonomy":"post_tag","embeddable":true,"href":"https:\/\/www.equilac.com\/pt\/wp-json\/wp\/v2\/tags?post=12202"}],"curies":[{"name":"wp","href":"https:\/\/api.w.org\/{rel}","templated":true}]}}