{"id":13895,"date":"2023-10-09T17:19:05","date_gmt":"2023-10-09T17:19:05","guid":{"rendered":"https:\/\/www.equilac.com\/?page_id=13895"},"modified":"2023-10-12T06:28:45","modified_gmt":"2023-10-12T06:28:45","slug":"o-leite-de-egua-e-halal-ou-haram","status":"publish","type":"page","link":"https:\/\/www.equilac.com\/pt\/o-leite-de-egua-e-halal-ou-haram\/","title":{"rendered":"O leite de \u00e9gua \u00e9 halal ou haram?"},"content":{"rendered":"\n<p>O leite de \u00e9gua \u00e9 considerado halal de acordo com as leis diet\u00e9ticas isl\u00e2micas. Nem o Alcor\u00e3o nem o Hadith restringem explicitamente o seu consumo. Como os cavalos s\u00e3o considerados animais limpos, o seu leite pode ser consumido.<\/p>\n\n\n\n<p>Embora o leite de cavalo seja permitido, ele n\u00e3o \u00e9 um alimento tradicional na dieta mu\u00e7ulmana. Isso se deve principalmente a pr\u00e1ticas culturais de longa data e a vis\u00f5es sobre pureza. Tais tradi\u00e7\u00f5es e cren\u00e7as religiosas moldam significativamente as prefer\u00eancias alimentares, levando a um consumo limitado de leite de cavalo em pa\u00edses com uma popula\u00e7\u00e3o mu\u00e7ulmana significativa.<\/p>\n\n\n\n<p>Ao usar leite de \u00e9gua em c\u00e1psulas, verifique de que materiais a c\u00e1psula \u00e9 feita. C\u00e1psulas feitas de gelatina bovina s\u00e3o consideradas halal se a gelatina provier de uma vaca que foi abatida de acordo com as diretrizes isl\u00e2micas. C\u00e1psulas HPMC (Hidroxipropil Metil Celulose), que s\u00e3o \u00e0 base de amido e vegetarianas, s\u00e3o naturalmente livres de derivados animais e, portanto, s\u00e3o consideradas halal.<\/p>\n","protected":false},"excerpt":{"rendered":"<p>O leite de \u00e9gua \u00e9 considerado halal de acordo com as leis diet\u00e9ticas isl\u00e2micas. Nem o Alcor\u00e3o nem o Hadith restringem explicitamente o seu consumo. Como os cavalos s\u00e3o considerados animais limpos, o seu leite pode ser consumido. Embora o leite de cavalo seja permitido, ele n\u00e3o \u00e9 um alimento tradicional na dieta mu\u00e7ulmana. Isso [&hellip;]<\/p>\n","protected":false},"author":1,"featured_media":13621,"parent":0,"menu_order":0,"comment_status":"closed","ping_status":"closed","template":"","meta":{"_uf_show_specific_survey":0,"_uf_disable_surveys":false,"footnotes":""},"categories":[233,164],"tags":[],"class_list":["post-13895","page","type-page","status-publish","has-post-thumbnail","hentry","category-informacoes","category-leite-de-cavalo"],"jetpack_sharing_enabled":true,"_links":{"self":[{"href":"https:\/\/www.equilac.com\/pt\/wp-json\/wp\/v2\/pages\/13895","targetHints":{"allow":["GET"]}}],"collection":[{"href":"https:\/\/www.equilac.com\/pt\/wp-json\/wp\/v2\/pages"}],"about":[{"href":"https:\/\/www.equilac.com\/pt\/wp-json\/wp\/v2\/types\/page"}],"author":[{"embeddable":true,"href":"https:\/\/www.equilac.com\/pt\/wp-json\/wp\/v2\/users\/1"}],"replies":[{"embeddable":true,"href":"https:\/\/www.equilac.com\/pt\/wp-json\/wp\/v2\/comments?post=13895"}],"version-history":[{"count":1,"href":"https:\/\/www.equilac.com\/pt\/wp-json\/wp\/v2\/pages\/13895\/revisions"}],"predecessor-version":[{"id":13896,"href":"https:\/\/www.equilac.com\/pt\/wp-json\/wp\/v2\/pages\/13895\/revisions\/13896"}],"wp:featuredmedia":[{"embeddable":true,"href":"https:\/\/www.equilac.com\/pt\/wp-json\/wp\/v2\/media\/13621"}],"wp:attachment":[{"href":"https:\/\/www.equilac.com\/pt\/wp-json\/wp\/v2\/media?parent=13895"}],"wp:term":[{"taxonomy":"category","embeddable":true,"href":"https:\/\/www.equilac.com\/pt\/wp-json\/wp\/v2\/categories?post=13895"},{"taxonomy":"post_tag","embeddable":true,"href":"https:\/\/www.equilac.com\/pt\/wp-json\/wp\/v2\/tags?post=13895"}],"curies":[{"name":"wp","href":"https:\/\/api.w.org\/{rel}","templated":true}]}}