{"id":1394,"date":"2022-03-01T08:59:40","date_gmt":"2022-03-01T08:59:40","guid":{"rendered":"http:\/\/dev.equilac.com\/our-story\/"},"modified":"2023-10-09T08:38:59","modified_gmt":"2023-10-09T08:38:59","slug":"historia","status":"publish","type":"page","link":"https:\/\/www.equilac.com\/pt\/historia\/","title":{"rendered":"A hist\u00f3ria da fam\u00edlia por tr\u00e1s do Equilac\u00ae"},"content":{"rendered":"<p>A hist\u00f3ria do Equilac\u00ae come\u00e7ou em 1996 em uma fazenda de cria\u00e7\u00e3o de cavalos na B\u00e9lgica.<\/p>\n<p>Quando o filho mais velho, Bart, assistia a um programa de TV belga sobre o leite de \u00e9gua e os benef\u00edcios para a sa\u00fade, ele decidiu deixar a escola aos 18 anos para come\u00e7ar sua fazenda de leite de \u00e9gua com os cavalos de seus pais.<\/p>\n<p>A fam\u00edlia de Bart \u00e9 criadora de cavalos esportivos belgas Warmblood e, em tenra idade, ele montou com os cavalos de seus pais em competi\u00e7\u00f5es de saltos.<\/p>\n<p>No ver\u00e3o de 1998, alguns dias depois de deixar a escola, ele come\u00e7ou a ordenhar cavalos e a vender leite de \u00e9gua fresco e congelado para amigos, familiares e pessoas que sofriam de problemas de sa\u00fade que viviam nas proximidades da fazenda.<\/p>\n<p>Bart sabia que s\u00f3 podia oferecer <a href=\"https:\/\/www.equilac.com\/pt\/leite-de-egua\/\">leite de \u00e9gua<\/a> fresco para as pessoas que moravam perto da fazenda, devido \u00e0 curta vida \u00fatil de tr\u00eas dias que o leite de \u00e9gua fresco possui.<\/p>\n<p>Ele pensou em como poderia expandir seus neg\u00f3cios e dar a mais pessoas acesso ao leite de \u00e9gua para que eles tamb\u00e9m pudessem se beneficiar do seu produto exclusivo.<\/p>\n<p><img fetchpriority=\"high\" decoding=\"async\" src=\"http:\/\/www.equilac.com\/wp-content\/uploads\/2022\/03\/bart.jpg\" alt=\"Bart\" width=\"768\" height=\"500\" \/><\/p>\n<p><em>Bart, fundador da Equilac\u00ae, em 1998, quando iniciou a fazenda de leite de sua \u00e9gua na B\u00e9lgica.<\/em><\/p>\n<p>Bart sabia que s\u00f3 podia oferecer <a href=\"https:\/\/www.equilac.com\/pt\/\">leite de \u00e9gua<\/a> fresco para as pessoas que moravam perto da fazenda, devido \u00e0 curta vida \u00fatil de tr\u00eas dias que o leite de \u00e9gua fresco possui.<\/p>\n<p>Ele pensou em como poderia expandir seus neg\u00f3cios e dar a mais pessoas acesso ao leite de \u00e9gua para que eles tamb\u00e9m pudessem se beneficiar do seu produto exclusivo.<\/p>\n<p>A ideia surgiu de fazer p\u00f3 de leite de \u00e9gua cru para que o leite em p\u00f3 tivesse uma vida \u00fatil mais longa, fosse disponibilizado em farm\u00e1cias e exportado para outros pa\u00edses.<\/p>\n<p>Depois de entrar em contato com quase todos os fabricantes de latic\u00ednios belgas, ele encontrou uma f\u00e1brica que queria tentar converter o leite de \u00e9gua em leite em p\u00f3.<\/p>\n<p>O teste foi bem-sucedido e, alguns meses depois, o leite em p\u00f3 de \u00e9gua tornou-se dispon\u00edvel nas lojas de alimentos naturais belgas sob o nome Equilac\u00ae.<\/p>\n<p>A marca registrada Equilac\u00ae vem das palavras latinas Equus (cavalo) e Lac (leite).<\/p>\n<p>A m\u00e3e de Bart era farmac\u00eautica, o que lhe deu a vis\u00e3o de fazer um suplemento alimentar \u00e0 base de \u00e9gua em p\u00f3 de leite.<\/p>\n<p>As <a href=\"https:\/\/www.equilac.com\/pt\/produto\/capsulas-de-leite-de-egua\/\">c\u00e1psulas<\/a> tornaram o leite de \u00e9gua ainda mais acess\u00edvel em compara\u00e7\u00e3o com o leite de \u00e9gua em p\u00f3, porque os usu\u00e1rios s\u00f3 tiveram que engolir c\u00e1psulas em vez de misturar o p\u00f3 na \u00e1gua e beber.<\/p>\n<p>Era ent\u00e3o 1999, e as c\u00e1psulas Equilac\u00ae tornaram-se dispon\u00edveis nas farm\u00e1cias belgas.<\/p>\n<p>Nesse mesmo ano, Bart tamb\u00e9m construiu seu primeiro site juntamente com seu irm\u00e3o mais novo, Wim. Chegou o primeiro pedido on-line dos Estados Unidos e este se tornou o in\u00edcio da disponibilidade mundial do Equilac\u00ae com a qual ele sonhava quando iniciou sua aventura. Todos agora poderiam se beneficiar do seu produto.<\/p>\n<p>Ao longo dos anos, o Equilac\u00ae se tornou dispon\u00edvel em mais pa\u00edses, e o crescimento da Internet tornou acess\u00edvel a mais pessoas pesquisando on-line para tratar de problemas de sa\u00fade.<\/p>\n<p>Em 2009, ele abriu um escrit\u00f3rio no Chrysler Building em Nova York para continuar a expans\u00e3o internacional do Equilac\u00ae.<\/p>\n","protected":false},"excerpt":{"rendered":"<p>A hist\u00f3ria do Equilac\u00ae come\u00e7ou em 1996 em uma fazenda de cria\u00e7\u00e3o de cavalos na B\u00e9lgica. Quando o filho mais velho, Bart, assistia a um programa de TV belga sobre o leite de \u00e9gua e os benef\u00edcios para a sa\u00fade, ele decidiu deixar a escola aos 18 anos para come\u00e7ar sua fazenda de leite de [&hellip;]<\/p>\n","protected":false},"author":1,"featured_media":1383,"parent":0,"menu_order":0,"comment_status":"closed","ping_status":"closed","template":"","meta":{"_uf_show_specific_survey":0,"_uf_disable_surveys":false,"footnotes":""},"categories":[],"tags":[],"class_list":["post-1394","page","type-page","status-publish","has-post-thumbnail","hentry"],"jetpack_sharing_enabled":true,"_links":{"self":[{"href":"https:\/\/www.equilac.com\/pt\/wp-json\/wp\/v2\/pages\/1394","targetHints":{"allow":["GET"]}}],"collection":[{"href":"https:\/\/www.equilac.com\/pt\/wp-json\/wp\/v2\/pages"}],"about":[{"href":"https:\/\/www.equilac.com\/pt\/wp-json\/wp\/v2\/types\/page"}],"author":[{"embeddable":true,"href":"https:\/\/www.equilac.com\/pt\/wp-json\/wp\/v2\/users\/1"}],"replies":[{"embeddable":true,"href":"https:\/\/www.equilac.com\/pt\/wp-json\/wp\/v2\/comments?post=1394"}],"version-history":[{"count":1,"href":"https:\/\/www.equilac.com\/pt\/wp-json\/wp\/v2\/pages\/1394\/revisions"}],"predecessor-version":[{"id":13465,"href":"https:\/\/www.equilac.com\/pt\/wp-json\/wp\/v2\/pages\/1394\/revisions\/13465"}],"wp:featuredmedia":[{"embeddable":true,"href":"https:\/\/www.equilac.com\/pt\/wp-json\/wp\/v2\/media\/1383"}],"wp:attachment":[{"href":"https:\/\/www.equilac.com\/pt\/wp-json\/wp\/v2\/media?parent=1394"}],"wp:term":[{"taxonomy":"category","embeddable":true,"href":"https:\/\/www.equilac.com\/pt\/wp-json\/wp\/v2\/categories?post=1394"},{"taxonomy":"post_tag","embeddable":true,"href":"https:\/\/www.equilac.com\/pt\/wp-json\/wp\/v2\/tags?post=1394"}],"curies":[{"name":"wp","href":"https:\/\/api.w.org\/{rel}","templated":true}]}}