{"id":1430,"date":"2022-03-01T08:55:45","date_gmt":"2022-03-01T08:55:45","guid":{"rendered":"http:\/\/dev.equilac.com\/psoriasis\/"},"modified":"2023-10-05T17:40:46","modified_gmt":"2023-10-05T17:40:46","slug":"psoriase","status":"publish","type":"page","link":"https:\/\/www.equilac.com\/pt\/psoriase\/","title":{"rendered":"Leite de \u00e9gua: um tratamento natural para psor\u00edase"},"content":{"rendered":"<p><a href=\"https:\/\/www.equilac.com\/pt\/leite-de-egua\/\">O leite de \u00e9gua<\/a> est\u00e1 sendo cada vez mais utilizado como uma alternativa natural para o tratamento da psor\u00edase, especialmente quando os tratamentos convencionais n\u00e3o apresentam resultados. C\u00e1psulas de leite de \u00e9gua podem aliviar os sintomas da psor\u00edase de dentro para fora, ajudando a evitar surtos e proporcionando al\u00edvio a longo prazo da psor\u00edase.<\/p>\n<p>Tratar a psor\u00edase com leite de \u00e9gua n\u00e3o \u00e9 uma solu\u00e7\u00e3o r\u00e1pida, mas um tratamento gradual e de longo prazo. Esta abordagem permite que sua pele, corpo e sistema imunol\u00f3gico tenham tempo suficiente para se ajustar, mitigar os sintomas da psor\u00edase e restaurar sua pele. Espera-se que esse processo cuidadoso e lento leve a uma solu\u00e7\u00e3o de longo prazo para controlar e diminuir a psor\u00edase.<\/p>\n<p><a href=\"https:\/\/www.equilac.com\/pt\/lactoferrina\/\">O leite de \u00e9gua \u00e9 rico em lactoferrina<\/a>, uma prote\u00edna anti-inflamat\u00f3ria natural tamb\u00e9m encontrada no leite materno. Essa prote\u00edna \u00fanica auxilia no manejo de infec\u00e7\u00f5es cut\u00e2neas e doen\u00e7as autoimunes como a psor\u00edase, fortalecendo e equilibrando o sistema imunol\u00f3gico.<\/p>\n<p>A lactoferrina no leite de \u00e9gua ocorre naturalmente. Ao contr\u00e1rio dos aditivos sint\u00e9ticos presentes em outros suplementos diet\u00e9ticos, a lactoferrina natural garante uma melhor absor\u00e7\u00e3o pelo corpo, aumentando sua efic\u00e1cia. Essa absor\u00e7\u00e3o melhorada \u00e9 essencial para fortalecer seu sistema imunol\u00f3gico, reduzir inflama\u00e7\u00f5es e gerenciar sintomas de <a href=\"https:\/\/www.cuf.pt\/saude-a-z\/dermatite\" target=\"_blank\" rel=\"nofollow noopener\">dermatite<\/a>, eczema e pele descamativa associados \u00e0 psor\u00edase.<\/p>\n<p>Optar por <a href=\"https:\/\/www.equilac.com\/pt\/produto\/capsulas-de-leite-de-egua\/\">c\u00e1psulas de leite de \u00e9gua como Equilac\u00ae<\/a> pode aliviar vermelhid\u00e3o, coceira e pele descamativa relacionadas \u00e0 psor\u00edase. Cerca de 62% dos usu\u00e1rios de Equilac\u00ae experimentam al\u00edvio dos sintomas da psor\u00edase ap\u00f3s tr\u00eas meses. \u00c9 uma escolha para aqueles que desejam combater a psor\u00edase de dentro para fora, proporcionando uma solu\u00e7\u00e3o de longo prazo para gerenciar e controlar essa condi\u00e7\u00e3o de pele.<\/p>\n<p>O leite de \u00e9gua \u00e9 aconselhado para indiv\u00edduos que tentaram v\u00e1rios tratamentos sem sucesso significativo. C\u00e1psulas de leite de \u00e9gua podem ser usadas como um rem\u00e9dio natural ou em adi\u00e7\u00e3o a tratamentos t\u00f3picos para psor\u00edase, como corticosteroides. Recomenda-se tomar c\u00e1psulas de leite de \u00e9gua por pelo menos tr\u00eas meses para notar uma poss\u00edvel melhora na sua condi\u00e7\u00e3o de pele.<\/p>\n<p>Em conclus\u00e3o, o leite de \u00e9gua \u00e9 uma abordagem natural para gerenciar a psor\u00edase. Com seus ingredientes \u00fanicos para melhorar o sistema imunol\u00f3gico, pode ser parte do seu plano de tratamento para gerenciar e diminuir os sintomas da psor\u00edase.<\/p>\n<p>O leite de \u00e9gua tamb\u00e9m pode ser <a href=\"https:\/\/www.equilac.com\/pt\/capsulas-de-leite-de-egua-para-problemas-de-pele\/\">\u00fatil para outros problemas de pele<\/a>. Ele mostrou resultados positivos como um <a href=\"https:\/\/www.equilac.com\/pt\/leite-de-egua-contra-eczema\/\">rem\u00e9dio natural para eczema<\/a> e <a href=\"https:\/\/www.equilac.com\/pt\/leite-de-egua-acne\/\">tratamento de acne de dentro para fora<\/a>.<\/p>\n","protected":false},"excerpt":{"rendered":"<p>O leite de \u00e9gua est\u00e1 sendo cada vez mais utilizado como uma alternativa natural para o tratamento da psor\u00edase, especialmente quando os tratamentos convencionais n\u00e3o apresentam resultados. C\u00e1psulas de leite de \u00e9gua podem aliviar os sintomas da psor\u00edase de dentro para fora, ajudando a evitar surtos e proporcionando al\u00edvio a longo prazo da psor\u00edase. Tratar [&hellip;]<\/p>\n","protected":false},"author":1,"featured_media":10877,"parent":0,"menu_order":0,"comment_status":"closed","ping_status":"closed","template":"","meta":{"_uf_show_specific_survey":0,"_uf_disable_surveys":false,"footnotes":""},"categories":[164,167],"tags":[186],"class_list":["post-1430","page","type-page","status-publish","has-post-thumbnail","hentry","category-leite-de-cavalo","category-problemas-de-pele","tag-related-pt"],"jetpack_sharing_enabled":true,"_links":{"self":[{"href":"https:\/\/www.equilac.com\/pt\/wp-json\/wp\/v2\/pages\/1430","targetHints":{"allow":["GET"]}}],"collection":[{"href":"https:\/\/www.equilac.com\/pt\/wp-json\/wp\/v2\/pages"}],"about":[{"href":"https:\/\/www.equilac.com\/pt\/wp-json\/wp\/v2\/types\/page"}],"author":[{"embeddable":true,"href":"https:\/\/www.equilac.com\/pt\/wp-json\/wp\/v2\/users\/1"}],"replies":[{"embeddable":true,"href":"https:\/\/www.equilac.com\/pt\/wp-json\/wp\/v2\/comments?post=1430"}],"version-history":[{"count":4,"href":"https:\/\/www.equilac.com\/pt\/wp-json\/wp\/v2\/pages\/1430\/revisions"}],"predecessor-version":[{"id":13346,"href":"https:\/\/www.equilac.com\/pt\/wp-json\/wp\/v2\/pages\/1430\/revisions\/13346"}],"wp:featuredmedia":[{"embeddable":true,"href":"https:\/\/www.equilac.com\/pt\/wp-json\/wp\/v2\/media\/10877"}],"wp:attachment":[{"href":"https:\/\/www.equilac.com\/pt\/wp-json\/wp\/v2\/media?parent=1430"}],"wp:term":[{"taxonomy":"category","embeddable":true,"href":"https:\/\/www.equilac.com\/pt\/wp-json\/wp\/v2\/categories?post=1430"},{"taxonomy":"post_tag","embeddable":true,"href":"https:\/\/www.equilac.com\/pt\/wp-json\/wp\/v2\/tags?post=1430"}],"curies":[{"name":"wp","href":"https:\/\/api.w.org\/{rel}","templated":true}]}}