{"id":2542,"date":"2022-03-11T11:14:51","date_gmt":"2022-03-11T11:14:51","guid":{"rendered":"http:\/\/dev.equilac.com\/lactoferrin\/"},"modified":"2023-10-09T07:28:12","modified_gmt":"2023-10-09T07:28:12","slug":"lactoferrina","status":"publish","type":"page","link":"https:\/\/www.equilac.com\/pt\/lactoferrina\/","title":{"rendered":"Leite de \u00e9gua \u00e9 rico em lactoferrina"},"content":{"rendered":"<p>O <a href=\"https:\/\/www.equilac.com\/pt\/leite-de-egua\/\">leite de \u00e9gua<\/a> \u00e9 uma excelente fonte de lactoferrina, uma prote\u00edna conhecida por seus efeitos positivos para a sa\u00fade. As c\u00e1psulas de leite de \u00e9gua Equilac\u00ae cont\u00eam lactoferrina em uma forma natural que est\u00e1 dispon\u00edvel em alta concentra\u00e7\u00e3o no leite de \u00e9gua, assim como no leite materno e no colostro.<\/p>\n<p>A lactoferrina \u00e9 uma glicoprote\u00edna, um tipo de prote\u00edna que cont\u00e9m carboidratos. Tamb\u00e9m \u00e9 um componente valioso do sistema imunol\u00f3gico e \u00e9 essencial para o funcionamento e resist\u00eancia geral do intestino.<\/p>\n<p>A lactoferrina trabalha de dentro para combater bact\u00e9rias e fortalecer o sistema imunol\u00f3gico. Esta subst\u00e2ncia tem propriedades antibacterianas e antivirais e \u00e9 um antibi\u00f3tico natural. Ele ret\u00e9m part\u00edculas de ferro do ambiente, inibindo o crescimento de bact\u00e9rias.<\/p>\n<p>Voc\u00ea pode tomar lactoferrina como suplemento diet\u00e9tico em c\u00e1psulas ou p\u00f3. A dose di\u00e1ria recomendada \u00e9 entre 150 mg e 500 mg. \u00c9 aconselh\u00e1vel optar pela forma natural da lactoferrina, presente nas c\u00e1psulas de leite de \u00e9gua Equilac\u00ae, em vez da forma sint\u00e9tica da apolactoferrina.<\/p>\n<p>Estudos recentes mostraram que a lactoferrina pode ajudar com problemas de pele como acne, psor\u00edase e eczema. Ap\u00f3s tr\u00eas meses, a suplementa\u00e7\u00e3o de lactoferrina e vitamina E e zinco aliviam significativamente a pele inflamada.<\/p>\n<p>Resumindo, as <a href=\"https:\/\/www.equilac.com\/pt\/produto\/capsulas-de-leite-de-egua\/\">c\u00e1psulas de leite de \u00e9gua como Equilac\u00ae<\/a> s\u00e3o ricas em lactoferrina, que oferece muitos benef\u00edcios para o intestino, resist\u00eancia e sistema imunol\u00f3gico. \u00c9 uma maneira natural de apoiar sua sa\u00fade de dentro para fora.<\/p>\n","protected":false},"excerpt":{"rendered":"<p>O leite de \u00e9gua \u00e9 uma excelente fonte de lactoferrina, uma prote\u00edna conhecida por seus efeitos positivos para a sa\u00fade. As c\u00e1psulas de leite de \u00e9gua Equilac\u00ae cont\u00eam lactoferrina em uma forma natural que est\u00e1 dispon\u00edvel em alta concentra\u00e7\u00e3o no leite de \u00e9gua, assim como no leite materno e no colostro. A lactoferrina \u00e9 uma [&hellip;]<\/p>\n","protected":false},"author":1,"featured_media":2494,"parent":0,"menu_order":0,"comment_status":"closed","ping_status":"closed","template":"","meta":{"_uf_show_specific_survey":0,"_uf_disable_surveys":false,"footnotes":""},"categories":[242,164],"tags":[186],"class_list":["post-2542","page","type-page","status-publish","has-post-thumbnail","hentry","category-composicao","category-leite-de-cavalo","tag-related-pt"],"jetpack_sharing_enabled":true,"_links":{"self":[{"href":"https:\/\/www.equilac.com\/pt\/wp-json\/wp\/v2\/pages\/2542","targetHints":{"allow":["GET"]}}],"collection":[{"href":"https:\/\/www.equilac.com\/pt\/wp-json\/wp\/v2\/pages"}],"about":[{"href":"https:\/\/www.equilac.com\/pt\/wp-json\/wp\/v2\/types\/page"}],"author":[{"embeddable":true,"href":"https:\/\/www.equilac.com\/pt\/wp-json\/wp\/v2\/users\/1"}],"replies":[{"embeddable":true,"href":"https:\/\/www.equilac.com\/pt\/wp-json\/wp\/v2\/comments?post=2542"}],"version-history":[{"count":1,"href":"https:\/\/www.equilac.com\/pt\/wp-json\/wp\/v2\/pages\/2542\/revisions"}],"predecessor-version":[{"id":13429,"href":"https:\/\/www.equilac.com\/pt\/wp-json\/wp\/v2\/pages\/2542\/revisions\/13429"}],"wp:featuredmedia":[{"embeddable":true,"href":"https:\/\/www.equilac.com\/pt\/wp-json\/wp\/v2\/media\/2494"}],"wp:attachment":[{"href":"https:\/\/www.equilac.com\/pt\/wp-json\/wp\/v2\/media?parent=2542"}],"wp:term":[{"taxonomy":"category","embeddable":true,"href":"https:\/\/www.equilac.com\/pt\/wp-json\/wp\/v2\/categories?post=2542"},{"taxonomy":"post_tag","embeddable":true,"href":"https:\/\/www.equilac.com\/pt\/wp-json\/wp\/v2\/tags?post=2542"}],"curies":[{"name":"wp","href":"https:\/\/api.w.org\/{rel}","templated":true}]}}